{"id":171,"date":"2026-02-01T15:55:51","date_gmt":"2026-02-01T14:55:51","guid":{"rendered":"https:\/\/noams.dk\/?page_id=171"},"modified":"2026-02-01T15:55:51","modified_gmt":"2026-02-01T14:55:51","slug":"returseddel","status":"publish","type":"page","link":"https:\/\/noams.dk\/?page_id=171","title":{"rendered":"Returseddel"},"content":{"rendered":"\n<h1 class=\"wp-block-heading\"><\/h1>\n\n\n\n<p><\/p>\n\n\n\n<p>Du har 14 dages returret p\u00e5 alle k\u00f8b p\u00e5 Noam.dk. For at sikre effektiv h\u00e5ndtering af din returnering bedes du g\u00f8re nedenst\u00e5ende.<\/p>\n\n\n\n<ul class=\"wp-block-list\">\n<li><a href=\"https:\/\/noams.dk\/index.php\/component\/content\/article\/9-returseddel?catid=2:uncategorised&amp;Itemid=101\"><\/a>Returner varen\/varerne i original emballage samt med alle m\u00e6rkater ect.<\/li>\n\n\n\n<li>Udfylde denne formular.<\/li>\n\n\n\n<li>Sende retursedlen sammen med varene og fakturaen til os.<\/li>\n\n\n\n<li>Husk at angive dine bankoplysninger<\/li>\n\n\n\n<li>Se vores betingelser p\u00e5 <a href=\"https:\/\/noams.dk\/?page_id=166\">noam.dk<\/a><\/li>\n<\/ul>\n\n\n\n<p>Ordrenr:_________________<\/p>\n\n\n\n<p>Navn:______________________________________________________________<\/p>\n\n\n\n<p>Adresse:____________________________________________________________<\/p>\n\n\n\n<p>Postnr. og by:_______________________________________________________<\/p>\n\n\n\n<p>Tlf:______________________<\/p>\n\n\n\n<p>E-mail:_____________________________________________________________<\/p>\n\n\n\n<p>Bankinformation: Reg.nr.:_______ Kontonr._____________________<\/p>\n\n\n\n<p><a href=\"https:\/\/noams.dk\/index.php\/component\/content\/article\/9-returseddel?catid=2:uncategorised&amp;Itemid=101\"><\/a><\/p>\n\n\n\n<p>F\u00f8lgende vare returneres og hvorfor:<\/p>\n\n\n\n<p>1.__________________________________________________________________<\/p>\n\n\n\n<p>2.__________________________________________________________________<\/p>\n\n\n\n<p>3.__________________________________________________________________<\/p>\n\n\n\n<p>4.__________________________________________________________________<\/p>\n","protected":false},"excerpt":{"rendered":"<p>Du har 14 dages returret p\u00e5 alle k\u00f8b p\u00e5 Noam.dk. For at sikre effektiv h\u00e5ndtering af din returnering bedes du g\u00f8re nedenst\u00e5ende. Ordrenr:_________________ Navn:______________________________________________________________ Adresse:____________________________________________________________ Postnr. og by:_______________________________________________________ Tlf:______________________ E-mail:_____________________________________________________________ Bankinformation: Reg.nr.:_______ Kontonr._____________________ F\u00f8lgende vare returneres og hvorfor: 1.__________________________________________________________________ 2.__________________________________________________________________ 3.__________________________________________________________________ 4.__________________________________________________________________<\/p>\n","protected":false},"author":1,"featured_media":0,"parent":0,"menu_order":0,"comment_status":"closed","ping_status":"closed","template":"","meta":{"_themeisle_gutenberg_block_has_review":false,"footnotes":""},"class_list":["post-171","page","type-page","status-publish","hentry"],"yoast_head":"<!-- This site is optimized with the Yoast SEO plugin v27.3 - https:\/\/yoast.com\/product\/yoast-seo-wordpress\/ -->\n<title>Returseddel - Noams.dk<\/title>\n<meta name=\"robots\" content=\"index, follow, max-snippet:-1, max-image-preview:large, max-video-preview:-1\" \/>\n<link rel=\"canonical\" href=\"https:\/\/noams.dk\/?page_id=171\" \/>\n<meta property=\"og:locale\" content=\"da_DK\" \/>\n<meta property=\"og:type\" content=\"article\" \/>\n<meta property=\"og:title\" content=\"Returseddel - Noams.dk\" \/>\n<meta property=\"og:description\" content=\"Du har 14 dages returret p\u00e5 alle k\u00f8b p\u00e5 Noam.dk. For at sikre effektiv h\u00e5ndtering af din returnering bedes du g\u00f8re nedenst\u00e5ende. Ordrenr:_________________ Navn:______________________________________________________________ Adresse:____________________________________________________________ Postnr. og by:_______________________________________________________ Tlf:______________________ E-mail:_____________________________________________________________ Bankinformation: Reg.nr.:_______ Kontonr._____________________ F\u00f8lgende vare returneres og hvorfor: 1.__________________________________________________________________ 2.__________________________________________________________________ 3.__________________________________________________________________ 4.__________________________________________________________________\" \/>\n<meta property=\"og:url\" content=\"https:\/\/noams.dk\/?page_id=171\" \/>\n<meta property=\"og:site_name\" content=\"Noams.dk\" \/>\n<meta property=\"article:publisher\" content=\"https:\/\/www.facebook.com\/noamsdk\" \/>\n<meta name=\"twitter:card\" content=\"summary_large_image\" \/>\n<script type=\"application\/ld+json\" class=\"yoast-schema-graph\">{\"@context\":\"https:\\\/\\\/schema.org\",\"@graph\":[{\"@type\":\"WebPage\",\"@id\":\"https:\\\/\\\/noams.dk\\\/?page_id=171\",\"url\":\"https:\\\/\\\/noams.dk\\\/?page_id=171\",\"name\":\"Returseddel - Noams.dk\",\"isPartOf\":{\"@id\":\"https:\\\/\\\/noams.dk\\\/#website\"},\"datePublished\":\"2026-02-01T14:55:51+00:00\",\"breadcrumb\":{\"@id\":\"https:\\\/\\\/noams.dk\\\/?page_id=171#breadcrumb\"},\"inLanguage\":\"da-DK\",\"potentialAction\":[{\"@type\":\"ReadAction\",\"target\":[\"https:\\\/\\\/noams.dk\\\/?page_id=171\"]}]},{\"@type\":\"BreadcrumbList\",\"@id\":\"https:\\\/\\\/noams.dk\\\/?page_id=171#breadcrumb\",\"itemListElement\":[{\"@type\":\"ListItem\",\"position\":1,\"name\":\"Hjem\",\"item\":\"https:\\\/\\\/noams.dk\\\/\"},{\"@type\":\"ListItem\",\"position\":2,\"name\":\"Returseddel\"}]},{\"@type\":\"WebSite\",\"@id\":\"https:\\\/\\\/noams.dk\\\/#website\",\"url\":\"https:\\\/\\\/noams.dk\\\/\",\"name\":\"Noam.dk\",\"description\":\"Din butik for vinyl, cd&#039;er og film.\",\"publisher\":{\"@id\":\"https:\\\/\\\/noams.dk\\\/#organization\"},\"potentialAction\":[{\"@type\":\"SearchAction\",\"target\":{\"@type\":\"EntryPoint\",\"urlTemplate\":\"https:\\\/\\\/noams.dk\\\/?s={search_term_string}\"},\"query-input\":{\"@type\":\"PropertyValueSpecification\",\"valueRequired\":true,\"valueName\":\"search_term_string\"}}],\"inLanguage\":\"da-DK\"},{\"@type\":\"Organization\",\"@id\":\"https:\\\/\\\/noams.dk\\\/#organization\",\"name\":\"Noam.dk\",\"url\":\"https:\\\/\\\/noams.dk\\\/\",\"logo\":{\"@type\":\"ImageObject\",\"inLanguage\":\"da-DK\",\"@id\":\"https:\\\/\\\/noams.dk\\\/#\\\/schema\\\/logo\\\/image\\\/\",\"url\":\"https:\\\/\\\/noams.dk\\\/wp-content\\\/uploads\\\/2026\\\/04\\\/noams-n-logo.jpg\",\"contentUrl\":\"https:\\\/\\\/noams.dk\\\/wp-content\\\/uploads\\\/2026\\\/04\\\/noams-n-logo.jpg\",\"width\":119,\"height\":108,\"caption\":\"Noam.dk\"},\"image\":{\"@id\":\"https:\\\/\\\/noams.dk\\\/#\\\/schema\\\/logo\\\/image\\\/\"},\"sameAs\":[\"https:\\\/\\\/www.facebook.com\\\/noamsdk\"]}]}<\/script>\n<!-- \/ Yoast SEO plugin. -->","yoast_head_json":{"title":"Returseddel - Noams.dk","robots":{"index":"index","follow":"follow","max-snippet":"max-snippet:-1","max-image-preview":"max-image-preview:large","max-video-preview":"max-video-preview:-1"},"canonical":"https:\/\/noams.dk\/?page_id=171","og_locale":"da_DK","og_type":"article","og_title":"Returseddel - Noams.dk","og_description":"Du har 14 dages returret p\u00e5 alle k\u00f8b p\u00e5 Noam.dk. For at sikre effektiv h\u00e5ndtering af din returnering bedes du g\u00f8re nedenst\u00e5ende. Ordrenr:_________________ Navn:______________________________________________________________ Adresse:____________________________________________________________ Postnr. og by:_______________________________________________________ Tlf:______________________ E-mail:_____________________________________________________________ Bankinformation: Reg.nr.:_______ Kontonr._____________________ F\u00f8lgende vare returneres og hvorfor: 1.__________________________________________________________________ 2.__________________________________________________________________ 3.__________________________________________________________________ 4.__________________________________________________________________","og_url":"https:\/\/noams.dk\/?page_id=171","og_site_name":"Noams.dk","article_publisher":"https:\/\/www.facebook.com\/noamsdk","twitter_card":"summary_large_image","schema":{"@context":"https:\/\/schema.org","@graph":[{"@type":"WebPage","@id":"https:\/\/noams.dk\/?page_id=171","url":"https:\/\/noams.dk\/?page_id=171","name":"Returseddel - Noams.dk","isPartOf":{"@id":"https:\/\/noams.dk\/#website"},"datePublished":"2026-02-01T14:55:51+00:00","breadcrumb":{"@id":"https:\/\/noams.dk\/?page_id=171#breadcrumb"},"inLanguage":"da-DK","potentialAction":[{"@type":"ReadAction","target":["https:\/\/noams.dk\/?page_id=171"]}]},{"@type":"BreadcrumbList","@id":"https:\/\/noams.dk\/?page_id=171#breadcrumb","itemListElement":[{"@type":"ListItem","position":1,"name":"Hjem","item":"https:\/\/noams.dk\/"},{"@type":"ListItem","position":2,"name":"Returseddel"}]},{"@type":"WebSite","@id":"https:\/\/noams.dk\/#website","url":"https:\/\/noams.dk\/","name":"Noam.dk","description":"Din butik for vinyl, cd&#039;er og film.","publisher":{"@id":"https:\/\/noams.dk\/#organization"},"potentialAction":[{"@type":"SearchAction","target":{"@type":"EntryPoint","urlTemplate":"https:\/\/noams.dk\/?s={search_term_string}"},"query-input":{"@type":"PropertyValueSpecification","valueRequired":true,"valueName":"search_term_string"}}],"inLanguage":"da-DK"},{"@type":"Organization","@id":"https:\/\/noams.dk\/#organization","name":"Noam.dk","url":"https:\/\/noams.dk\/","logo":{"@type":"ImageObject","inLanguage":"da-DK","@id":"https:\/\/noams.dk\/#\/schema\/logo\/image\/","url":"https:\/\/noams.dk\/wp-content\/uploads\/2026\/04\/noams-n-logo.jpg","contentUrl":"https:\/\/noams.dk\/wp-content\/uploads\/2026\/04\/noams-n-logo.jpg","width":119,"height":108,"caption":"Noam.dk"},"image":{"@id":"https:\/\/noams.dk\/#\/schema\/logo\/image\/"},"sameAs":["https:\/\/www.facebook.com\/noamsdk"]}]}},"jetpack_sharing_enabled":true,"_links":{"self":[{"href":"https:\/\/noams.dk\/index.php?rest_route=\/wp\/v2\/pages\/171","targetHints":{"allow":["GET"]}}],"collection":[{"href":"https:\/\/noams.dk\/index.php?rest_route=\/wp\/v2\/pages"}],"about":[{"href":"https:\/\/noams.dk\/index.php?rest_route=\/wp\/v2\/types\/page"}],"author":[{"embeddable":true,"href":"https:\/\/noams.dk\/index.php?rest_route=\/wp\/v2\/users\/1"}],"replies":[{"embeddable":true,"href":"https:\/\/noams.dk\/index.php?rest_route=%2Fwp%2Fv2%2Fcomments&post=171"}],"version-history":[{"count":1,"href":"https:\/\/noams.dk\/index.php?rest_route=\/wp\/v2\/pages\/171\/revisions"}],"predecessor-version":[{"id":172,"href":"https:\/\/noams.dk\/index.php?rest_route=\/wp\/v2\/pages\/171\/revisions\/172"}],"wp:attachment":[{"href":"https:\/\/noams.dk\/index.php?rest_route=%2Fwp%2Fv2%2Fmedia&parent=171"}],"curies":[{"name":"wp","href":"https:\/\/api.w.org\/{rel}","templated":true}]}}