{"id":1052,"date":"2026-04-03T13:36:08","date_gmt":"2026-04-03T12:36:08","guid":{"rendered":"https:\/\/noams.dk\/?product=impossible-the-blu-ray"},"modified":"2026-04-11T17:25:12","modified_gmt":"2026-04-11T16:25:12","slug":"impossible-the-blu-ray","status":"publish","type":"product","link":"https:\/\/noams.dk\/?product=impossible-the-blu-ray","title":{"rendered":"Impossible, The (Blu-Ray)"},"content":{"rendered":"<p><strong>Beskrivelse<\/strong><br \/>\nDen britiske forretningsmand Henry (Ewan McGregor) og hans l\u00e6gekone, Maria (Naomi Watts), holder juleferie i Thailand med deres tre b\u00f8rn i 2004. Men s\u00e5 rammer tsunamien. 30 meter h\u00f8je flodb\u00f8lger brager ind over kystbyerne og river Maria og den \u00e6ldste s\u00f8n, Lucas, med sig. Mens de k\u00e6mper for at n\u00e5 til n\u00e6rmeste hospital i live, leder Henry og familiens to yngste drenge efter dem i de omfattende ruiner.<br \/>\n<strong>Format: Blu-Ray + DVD<\/strong><br \/>\n<strong>Audio: Engelsk &#8211; Dolby Digital 5.1<\/strong><br \/>\n<strong>Undertekster: Dansk, svensk, norsk, finsk<\/strong><br \/>\n<strong>Spilletid: 114 min<\/strong><br \/>\n<strong>Genre: Drama<\/strong><br \/>\n<strong>Produktions\u00e5r: 2012<\/strong><br \/>\n<strong>Varenr: 7041272151130<\/strong><\/p>\n","protected":false},"excerpt":{"rendered":"<p>BeskrivelseDen britiske forretningsmand Henry (Ewan McGregor) og hans l\u00e6gekone, Maria (Naomi Watts), holder juleferie i Thailand med deres tre b\u00f8rn i 2004. Men s\u00e5 rammer tsunamien. 30 meter h\u00f8je flodb<\/p>\n","protected":false},"featured_media":0,"comment_status":"open","ping_status":"closed","template":"","meta":{"_themeisle_gutenberg_block_has_review":false},"product_brand":[],"product_cat":[55,57,47],"product_tag":[],"class_list":{"0":"post-1052","1":"product","2":"type-product","3":"status-publish","5":"product_cat-blu-ray","6":"product_cat-drama","7":"product_cat-film","9":"first","10":"instock","11":"taxable","12":"shipping-taxable","13":"purchasable","14":"product-type-simple"},"supplier_id":null,"supplier_sku":"","barcode":null,"atum_controlled":true,"out_stock_date":null,"out_stock_threshold":null,"inheritable":false,"inbound_stock":null,"stock_on_hold":null,"sold_today":null,"sales_last_days":null,"reserved_stock":null,"customer_returns":null,"warehouse_damage":null,"lost_in_post":null,"other_logs":null,"out_stock_days":null,"lost_sales":null,"has_location":false,"update_date":"2026-04-11T15:25:13","atum_locations":[],"atum_stock_status":"instock","restock_status":false,"low_stock_amount":"","sales_update_date":null,"calc_backorders":null,"yoast_head":"<!-- This site is optimized with the Yoast SEO plugin v27.3 - https:\/\/yoast.com\/product\/yoast-seo-wordpress\/ -->\n<title>Impossible, The (Blu-Ray) - Noams.dk<\/title>\n<meta name=\"robots\" content=\"index, follow, max-snippet:-1, max-image-preview:large, max-video-preview:-1\" \/>\n<link rel=\"canonical\" href=\"https:\/\/noams.dk\/?product=impossible-the-blu-ray\" \/>\n<meta property=\"og:locale\" content=\"da_DK\" \/>\n<meta property=\"og:type\" content=\"article\" \/>\n<meta property=\"og:title\" content=\"Impossible, The (Blu-Ray) - Noams.dk\" \/>\n<meta property=\"og:description\" content=\"BeskrivelseDen britiske forretningsmand Henry (Ewan McGregor) og hans l\u00e6gekone, Maria (Naomi Watts), holder juleferie i Thailand med deres tre b\u00f8rn i 2004. Men s\u00e5 rammer tsunamien. 30 meter h\u00f8je flodb\" \/>\n<meta property=\"og:url\" content=\"https:\/\/noams.dk\/?product=impossible-the-blu-ray\" \/>\n<meta property=\"og:site_name\" content=\"Noams.dk\" \/>\n<meta property=\"article:publisher\" content=\"https:\/\/www.facebook.com\/noamsdk\" \/>\n<meta property=\"article:modified_time\" content=\"2026-04-11T16:25:12+00:00\" \/>\n<meta name=\"twitter:card\" content=\"summary_large_image\" \/>\n<meta name=\"twitter:label1\" content=\"Estimeret l\u00e6setid\" \/>\n\t<meta name=\"twitter:data1\" content=\"1 minut\" \/>\n<script type=\"application\/ld+json\" class=\"yoast-schema-graph\">{\"@context\":\"https:\\\/\\\/schema.org\",\"@graph\":[{\"@type\":\"WebPage\",\"@id\":\"https:\\\/\\\/noams.dk\\\/?product=impossible-the-blu-ray\",\"url\":\"https:\\\/\\\/noams.dk\\\/?product=impossible-the-blu-ray\",\"name\":\"Impossible, The (Blu-Ray) - Noams.dk\",\"isPartOf\":{\"@id\":\"https:\\\/\\\/noams.dk\\\/#website\"},\"datePublished\":\"2026-04-03T12:36:08+00:00\",\"dateModified\":\"2026-04-11T16:25:12+00:00\",\"breadcrumb\":{\"@id\":\"https:\\\/\\\/noams.dk\\\/?product=impossible-the-blu-ray#breadcrumb\"},\"inLanguage\":\"da-DK\",\"potentialAction\":[{\"@type\":\"ReadAction\",\"target\":[\"https:\\\/\\\/noams.dk\\\/?product=impossible-the-blu-ray\"]}]},{\"@type\":\"BreadcrumbList\",\"@id\":\"https:\\\/\\\/noams.dk\\\/?product=impossible-the-blu-ray#breadcrumb\",\"itemListElement\":[{\"@type\":\"ListItem\",\"position\":1,\"name\":\"Hjem\",\"item\":\"https:\\\/\\\/noams.dk\\\/\"},{\"@type\":\"ListItem\",\"position\":2,\"name\":\"Shop\",\"item\":\"https:\\\/\\\/noams.dk\\\/?page_id=8\"},{\"@type\":\"ListItem\",\"position\":3,\"name\":\"Impossible, The (Blu-Ray)\"}]},{\"@type\":\"WebSite\",\"@id\":\"https:\\\/\\\/noams.dk\\\/#website\",\"url\":\"https:\\\/\\\/noams.dk\\\/\",\"name\":\"Noam.dk\",\"description\":\"Din butik for vinyl, cd&#039;er og film.\",\"publisher\":{\"@id\":\"https:\\\/\\\/noams.dk\\\/#organization\"},\"potentialAction\":[{\"@type\":\"SearchAction\",\"target\":{\"@type\":\"EntryPoint\",\"urlTemplate\":\"https:\\\/\\\/noams.dk\\\/?s={search_term_string}\"},\"query-input\":{\"@type\":\"PropertyValueSpecification\",\"valueRequired\":true,\"valueName\":\"search_term_string\"}}],\"inLanguage\":\"da-DK\"},{\"@type\":\"Organization\",\"@id\":\"https:\\\/\\\/noams.dk\\\/#organization\",\"name\":\"Noam.dk\",\"url\":\"https:\\\/\\\/noams.dk\\\/\",\"logo\":{\"@type\":\"ImageObject\",\"inLanguage\":\"da-DK\",\"@id\":\"https:\\\/\\\/noams.dk\\\/#\\\/schema\\\/logo\\\/image\\\/\",\"url\":\"https:\\\/\\\/noams.dk\\\/wp-content\\\/uploads\\\/2026\\\/04\\\/noams-n-logo.jpg\",\"contentUrl\":\"https:\\\/\\\/noams.dk\\\/wp-content\\\/uploads\\\/2026\\\/04\\\/noams-n-logo.jpg\",\"width\":119,\"height\":108,\"caption\":\"Noam.dk\"},\"image\":{\"@id\":\"https:\\\/\\\/noams.dk\\\/#\\\/schema\\\/logo\\\/image\\\/\"},\"sameAs\":[\"https:\\\/\\\/www.facebook.com\\\/noamsdk\"]}]}<\/script>\n<!-- \/ Yoast SEO plugin. -->","yoast_head_json":{"title":"Impossible, The (Blu-Ray) - Noams.dk","robots":{"index":"index","follow":"follow","max-snippet":"max-snippet:-1","max-image-preview":"max-image-preview:large","max-video-preview":"max-video-preview:-1"},"canonical":"https:\/\/noams.dk\/?product=impossible-the-blu-ray","og_locale":"da_DK","og_type":"article","og_title":"Impossible, The (Blu-Ray) - Noams.dk","og_description":"BeskrivelseDen britiske forretningsmand Henry (Ewan McGregor) og hans l\u00e6gekone, Maria (Naomi Watts), holder juleferie i Thailand med deres tre b\u00f8rn i 2004. Men s\u00e5 rammer tsunamien. 30 meter h\u00f8je flodb","og_url":"https:\/\/noams.dk\/?product=impossible-the-blu-ray","og_site_name":"Noams.dk","article_publisher":"https:\/\/www.facebook.com\/noamsdk","article_modified_time":"2026-04-11T16:25:12+00:00","twitter_card":"summary_large_image","twitter_misc":{"Estimeret l\u00e6setid":"1 minut"},"schema":{"@context":"https:\/\/schema.org","@graph":[{"@type":"WebPage","@id":"https:\/\/noams.dk\/?product=impossible-the-blu-ray","url":"https:\/\/noams.dk\/?product=impossible-the-blu-ray","name":"Impossible, The (Blu-Ray) - Noams.dk","isPartOf":{"@id":"https:\/\/noams.dk\/#website"},"datePublished":"2026-04-03T12:36:08+00:00","dateModified":"2026-04-11T16:25:12+00:00","breadcrumb":{"@id":"https:\/\/noams.dk\/?product=impossible-the-blu-ray#breadcrumb"},"inLanguage":"da-DK","potentialAction":[{"@type":"ReadAction","target":["https:\/\/noams.dk\/?product=impossible-the-blu-ray"]}]},{"@type":"BreadcrumbList","@id":"https:\/\/noams.dk\/?product=impossible-the-blu-ray#breadcrumb","itemListElement":[{"@type":"ListItem","position":1,"name":"Hjem","item":"https:\/\/noams.dk\/"},{"@type":"ListItem","position":2,"name":"Shop","item":"https:\/\/noams.dk\/?page_id=8"},{"@type":"ListItem","position":3,"name":"Impossible, The (Blu-Ray)"}]},{"@type":"WebSite","@id":"https:\/\/noams.dk\/#website","url":"https:\/\/noams.dk\/","name":"Noam.dk","description":"Din butik for vinyl, cd&#039;er og film.","publisher":{"@id":"https:\/\/noams.dk\/#organization"},"potentialAction":[{"@type":"SearchAction","target":{"@type":"EntryPoint","urlTemplate":"https:\/\/noams.dk\/?s={search_term_string}"},"query-input":{"@type":"PropertyValueSpecification","valueRequired":true,"valueName":"search_term_string"}}],"inLanguage":"da-DK"},{"@type":"Organization","@id":"https:\/\/noams.dk\/#organization","name":"Noam.dk","url":"https:\/\/noams.dk\/","logo":{"@type":"ImageObject","inLanguage":"da-DK","@id":"https:\/\/noams.dk\/#\/schema\/logo\/image\/","url":"https:\/\/noams.dk\/wp-content\/uploads\/2026\/04\/noams-n-logo.jpg","contentUrl":"https:\/\/noams.dk\/wp-content\/uploads\/2026\/04\/noams-n-logo.jpg","width":119,"height":108,"caption":"Noam.dk"},"image":{"@id":"https:\/\/noams.dk\/#\/schema\/logo\/image\/"},"sameAs":["https:\/\/www.facebook.com\/noamsdk"]}]}},"jetpack_sharing_enabled":true,"_links":{"self":[{"href":"https:\/\/noams.dk\/index.php?rest_route=\/wp\/v2\/product\/1052","targetHints":{"allow":["GET"]}}],"collection":[{"href":"https:\/\/noams.dk\/index.php?rest_route=\/wp\/v2\/product"}],"about":[{"href":"https:\/\/noams.dk\/index.php?rest_route=\/wp\/v2\/types\/product"}],"replies":[{"embeddable":true,"href":"https:\/\/noams.dk\/index.php?rest_route=%2Fwp%2Fv2%2Fcomments&post=1052"}],"wp:attachment":[{"href":"https:\/\/noams.dk\/index.php?rest_route=%2Fwp%2Fv2%2Fmedia&parent=1052"}],"wp:term":[{"taxonomy":"product_brand","embeddable":true,"href":"https:\/\/noams.dk\/index.php?rest_route=%2Fwp%2Fv2%2Fproduct_brand&post=1052"},{"taxonomy":"product_cat","embeddable":true,"href":"https:\/\/noams.dk\/index.php?rest_route=%2Fwp%2Fv2%2Fproduct_cat&post=1052"},{"taxonomy":"product_tag","embeddable":true,"href":"https:\/\/noams.dk\/index.php?rest_route=%2Fwp%2Fv2%2Fproduct_tag&post=1052"}],"curies":[{"name":"wp","href":"https:\/\/api.w.org\/{rel}","templated":true}]}}