{"id":1169,"date":"2026-04-03T13:36:35","date_gmt":"2026-04-03T12:36:35","guid":{"rendered":"https:\/\/noams.dk\/?product=bring-me-the-head-of-the-machine-gun-woman-dvd"},"modified":"2026-04-05T15:10:43","modified_gmt":"2026-04-05T14:10:43","slug":"bring-me-the-head-of-the-machine-gun-woman-dvd","status":"publish","type":"product","link":"https:\/\/noams.dk\/?product=bring-me-the-head-of-the-machine-gun-woman-dvd","title":{"rendered":"Bring Me the Head of the Machine Gun Woman (DVD)"},"content":{"rendered":"<p>BeskrivelseDen n\u00e5desl\u00f8se Che Longana, som styrer den kriminelle underverden i Argentina, tilbyder et svimlende bel\u00f8b til den, der standser den kvinde, der vil sl\u00e5 ham ihjel &#8211; en sexet og blodt\u00f8rstig lejesoldat, som g\u00e5r under navnet &#8220;Maskingev\u00e6rkvinden&#8221;.Den naive DJ og ivrige gamer Santiago Fernendez havner &#8211; sammen med en h\u00e6r af lejemordere &#8211; midt i dramaet, idet han overh\u00f8rer et hemmeligt m\u00f8de mellem Longana og hans h\u00e5ndlangere. Nu bliver Santiagos liv pludseligt til et voldeligt videospil med alt, hvad dertil h\u00f8rer af missioner, skydev\u00e5ben, sexede kvinder og r\u00e5 vold!<\/p>\n<p><strong>Format: DVD<\/strong><br \/>\n<strong>Sprog: Spansk, Tysk, Fransk<\/strong><br \/>\n<strong>Undertekster: Dansk, svensk, norsk, finsk, engelsk<\/strong><br \/>\n<strong>Spilletid: 1t 13 min<\/strong><br \/>\n<strong>Genre: Action<\/strong><br \/>\n<strong>Produktions\u00e5r: 2012<\/strong><br \/>\n<strong>Varenr:\u00a05021123153232<\/strong><\/p>\n","protected":false},"excerpt":{"rendered":"<p>BeskrivelseDen n\u00e5desl\u00f8se Che Longana, som styrer den kriminelle underverden i Argentina, tilbyder et svimlende bel\u00f8b til den, der standser den kvinde, der vil sl\u00e5 ham ihjel &#8211; en sexet og blodt\u00f8rstig l<\/p>\n","protected":false},"featured_media":0,"template":"","meta":{"_themeisle_gutenberg_block_has_review":false},"product_brand":[],"product_cat":[59,47],"product_tag":[],"class_list":{"0":"post-1169","1":"product","2":"type-product","3":"status-publish","5":"product_cat-action","6":"product_cat-film","8":"first","9":"instock","10":"taxable","11":"shipping-taxable","12":"purchasable","13":"product-type-simple"},"supplier_id":null,"supplier_sku":"","barcode":null,"atum_controlled":true,"out_stock_date":null,"out_stock_threshold":null,"inheritable":false,"inbound_stock":null,"stock_on_hold":null,"sold_today":null,"sales_last_days":null,"reserved_stock":null,"customer_returns":null,"warehouse_damage":null,"lost_in_post":null,"other_logs":null,"out_stock_days":null,"lost_sales":null,"has_location":false,"update_date":"2026-04-05T13:10:44","atum_locations":[],"atum_stock_status":"instock","restock_status":false,"low_stock_amount":"","sales_update_date":null,"calc_backorders":null,"yoast_head":"<!-- This site is optimized with the Yoast SEO plugin v27.4 - https:\/\/yoast.com\/product\/yoast-seo-wordpress\/ -->\n<title>Bring Me the Head of the Machine Gun Woman (DVD) - Noams.dk<\/title>\n<meta name=\"robots\" content=\"index, follow, max-snippet:-1, max-image-preview:large, max-video-preview:-1\" \/>\n<link rel=\"canonical\" href=\"https:\/\/noams.dk\/?product=bring-me-the-head-of-the-machine-gun-woman-dvd\" \/>\n<meta property=\"og:locale\" content=\"da_DK\" \/>\n<meta property=\"og:type\" content=\"article\" \/>\n<meta property=\"og:title\" content=\"Bring Me the Head of the Machine Gun Woman (DVD) - Noams.dk\" \/>\n<meta property=\"og:description\" content=\"BeskrivelseDen n\u00e5desl\u00f8se Che Longana, som styrer den kriminelle underverden i Argentina, tilbyder et svimlende bel\u00f8b til den, der standser den kvinde, der vil sl\u00e5 ham ihjel - en sexet og blodt\u00f8rstig l\" \/>\n<meta property=\"og:url\" content=\"https:\/\/noams.dk\/?product=bring-me-the-head-of-the-machine-gun-woman-dvd\" \/>\n<meta property=\"og:site_name\" content=\"Noams.dk\" \/>\n<meta property=\"article:publisher\" content=\"https:\/\/www.facebook.com\/noamsdk\" \/>\n<meta property=\"article:modified_time\" content=\"2026-04-05T14:10:43+00:00\" \/>\n<meta name=\"twitter:card\" content=\"summary_large_image\" \/>\n<meta name=\"twitter:label1\" content=\"Estimeret l\u00e6setid\" \/>\n\t<meta name=\"twitter:data1\" content=\"1 minut\" \/>\n<script type=\"application\/ld+json\" class=\"yoast-schema-graph\">{\"@context\":\"https:\\\/\\\/schema.org\",\"@graph\":[{\"@type\":\"WebPage\",\"@id\":\"https:\\\/\\\/noams.dk\\\/?product=bring-me-the-head-of-the-machine-gun-woman-dvd\",\"url\":\"https:\\\/\\\/noams.dk\\\/?product=bring-me-the-head-of-the-machine-gun-woman-dvd\",\"name\":\"Bring Me the Head of the Machine Gun Woman (DVD) - Noams.dk\",\"isPartOf\":{\"@id\":\"https:\\\/\\\/noams.dk\\\/#website\"},\"datePublished\":\"2026-04-03T12:36:35+00:00\",\"dateModified\":\"2026-04-05T14:10:43+00:00\",\"breadcrumb\":{\"@id\":\"https:\\\/\\\/noams.dk\\\/?product=bring-me-the-head-of-the-machine-gun-woman-dvd#breadcrumb\"},\"inLanguage\":\"da-DK\",\"potentialAction\":[{\"@type\":\"ReadAction\",\"target\":[\"https:\\\/\\\/noams.dk\\\/?product=bring-me-the-head-of-the-machine-gun-woman-dvd\"]}]},{\"@type\":\"BreadcrumbList\",\"@id\":\"https:\\\/\\\/noams.dk\\\/?product=bring-me-the-head-of-the-machine-gun-woman-dvd#breadcrumb\",\"itemListElement\":[{\"@type\":\"ListItem\",\"position\":1,\"name\":\"Hjem\",\"item\":\"https:\\\/\\\/noams.dk\\\/\"},{\"@type\":\"ListItem\",\"position\":2,\"name\":\"Shop\",\"item\":\"https:\\\/\\\/noams.dk\\\/?page_id=8\"},{\"@type\":\"ListItem\",\"position\":3,\"name\":\"Bring Me the Head of the Machine Gun Woman (DVD)\"}]},{\"@type\":\"WebSite\",\"@id\":\"https:\\\/\\\/noams.dk\\\/#website\",\"url\":\"https:\\\/\\\/noams.dk\\\/\",\"name\":\"Noam.dk\",\"description\":\"Din butik for vinyl, cd&#039;er og film.\",\"publisher\":{\"@id\":\"https:\\\/\\\/noams.dk\\\/#organization\"},\"potentialAction\":[{\"@type\":\"SearchAction\",\"target\":{\"@type\":\"EntryPoint\",\"urlTemplate\":\"https:\\\/\\\/noams.dk\\\/?s={search_term_string}\"},\"query-input\":{\"@type\":\"PropertyValueSpecification\",\"valueRequired\":true,\"valueName\":\"search_term_string\"}}],\"inLanguage\":\"da-DK\"},{\"@type\":\"Organization\",\"@id\":\"https:\\\/\\\/noams.dk\\\/#organization\",\"name\":\"Noam.dk\",\"url\":\"https:\\\/\\\/noams.dk\\\/\",\"logo\":{\"@type\":\"ImageObject\",\"inLanguage\":\"da-DK\",\"@id\":\"https:\\\/\\\/noams.dk\\\/#\\\/schema\\\/logo\\\/image\\\/\",\"url\":\"https:\\\/\\\/noams.dk\\\/wp-content\\\/uploads\\\/2026\\\/04\\\/noams-n-logo.jpg\",\"contentUrl\":\"https:\\\/\\\/noams.dk\\\/wp-content\\\/uploads\\\/2026\\\/04\\\/noams-n-logo.jpg\",\"width\":119,\"height\":108,\"caption\":\"Noam.dk\"},\"image\":{\"@id\":\"https:\\\/\\\/noams.dk\\\/#\\\/schema\\\/logo\\\/image\\\/\"},\"sameAs\":[\"https:\\\/\\\/www.facebook.com\\\/noamsdk\"]}]}<\/script>\n<!-- \/ Yoast SEO plugin. -->","yoast_head_json":{"title":"Bring Me the Head of the Machine Gun Woman (DVD) - Noams.dk","robots":{"index":"index","follow":"follow","max-snippet":"max-snippet:-1","max-image-preview":"max-image-preview:large","max-video-preview":"max-video-preview:-1"},"canonical":"https:\/\/noams.dk\/?product=bring-me-the-head-of-the-machine-gun-woman-dvd","og_locale":"da_DK","og_type":"article","og_title":"Bring Me the Head of the Machine Gun Woman (DVD) - Noams.dk","og_description":"BeskrivelseDen n\u00e5desl\u00f8se Che Longana, som styrer den kriminelle underverden i Argentina, tilbyder et svimlende bel\u00f8b til den, der standser den kvinde, der vil sl\u00e5 ham ihjel - en sexet og blodt\u00f8rstig l","og_url":"https:\/\/noams.dk\/?product=bring-me-the-head-of-the-machine-gun-woman-dvd","og_site_name":"Noams.dk","article_publisher":"https:\/\/www.facebook.com\/noamsdk","article_modified_time":"2026-04-05T14:10:43+00:00","twitter_card":"summary_large_image","twitter_misc":{"Estimeret l\u00e6setid":"1 minut"},"schema":{"@context":"https:\/\/schema.org","@graph":[{"@type":"WebPage","@id":"https:\/\/noams.dk\/?product=bring-me-the-head-of-the-machine-gun-woman-dvd","url":"https:\/\/noams.dk\/?product=bring-me-the-head-of-the-machine-gun-woman-dvd","name":"Bring Me the Head of the Machine Gun Woman (DVD) - Noams.dk","isPartOf":{"@id":"https:\/\/noams.dk\/#website"},"datePublished":"2026-04-03T12:36:35+00:00","dateModified":"2026-04-05T14:10:43+00:00","breadcrumb":{"@id":"https:\/\/noams.dk\/?product=bring-me-the-head-of-the-machine-gun-woman-dvd#breadcrumb"},"inLanguage":"da-DK","potentialAction":[{"@type":"ReadAction","target":["https:\/\/noams.dk\/?product=bring-me-the-head-of-the-machine-gun-woman-dvd"]}]},{"@type":"BreadcrumbList","@id":"https:\/\/noams.dk\/?product=bring-me-the-head-of-the-machine-gun-woman-dvd#breadcrumb","itemListElement":[{"@type":"ListItem","position":1,"name":"Hjem","item":"https:\/\/noams.dk\/"},{"@type":"ListItem","position":2,"name":"Shop","item":"https:\/\/noams.dk\/?page_id=8"},{"@type":"ListItem","position":3,"name":"Bring Me the Head of the Machine Gun Woman (DVD)"}]},{"@type":"WebSite","@id":"https:\/\/noams.dk\/#website","url":"https:\/\/noams.dk\/","name":"Noam.dk","description":"Din butik for vinyl, cd&#039;er og film.","publisher":{"@id":"https:\/\/noams.dk\/#organization"},"potentialAction":[{"@type":"SearchAction","target":{"@type":"EntryPoint","urlTemplate":"https:\/\/noams.dk\/?s={search_term_string}"},"query-input":{"@type":"PropertyValueSpecification","valueRequired":true,"valueName":"search_term_string"}}],"inLanguage":"da-DK"},{"@type":"Organization","@id":"https:\/\/noams.dk\/#organization","name":"Noam.dk","url":"https:\/\/noams.dk\/","logo":{"@type":"ImageObject","inLanguage":"da-DK","@id":"https:\/\/noams.dk\/#\/schema\/logo\/image\/","url":"https:\/\/noams.dk\/wp-content\/uploads\/2026\/04\/noams-n-logo.jpg","contentUrl":"https:\/\/noams.dk\/wp-content\/uploads\/2026\/04\/noams-n-logo.jpg","width":119,"height":108,"caption":"Noam.dk"},"image":{"@id":"https:\/\/noams.dk\/#\/schema\/logo\/image\/"},"sameAs":["https:\/\/www.facebook.com\/noamsdk"]}]}},"jetpack_sharing_enabled":true,"_links":{"self":[{"href":"https:\/\/noams.dk\/index.php?rest_route=\/wp\/v2\/product\/1169","targetHints":{"allow":["GET"]}}],"collection":[{"href":"https:\/\/noams.dk\/index.php?rest_route=\/wp\/v2\/product"}],"about":[{"href":"https:\/\/noams.dk\/index.php?rest_route=\/wp\/v2\/types\/product"}],"wp:attachment":[{"href":"https:\/\/noams.dk\/index.php?rest_route=%2Fwp%2Fv2%2Fmedia&parent=1169"}],"wp:term":[{"taxonomy":"product_brand","embeddable":true,"href":"https:\/\/noams.dk\/index.php?rest_route=%2Fwp%2Fv2%2Fproduct_brand&post=1169"},{"taxonomy":"product_cat","embeddable":true,"href":"https:\/\/noams.dk\/index.php?rest_route=%2Fwp%2Fv2%2Fproduct_cat&post=1169"},{"taxonomy":"product_tag","embeddable":true,"href":"https:\/\/noams.dk\/index.php?rest_route=%2Fwp%2Fv2%2Fproduct_tag&post=1169"}],"curies":[{"name":"wp","href":"https:\/\/api.w.org\/{rel}","templated":true}]}}