{"id":1294,"date":"2026-04-03T13:37:11","date_gmt":"2026-04-03T12:37:11","guid":{"rendered":"https:\/\/noams.dk\/?product=the-trip-dvd"},"modified":"2026-04-11T17:23:18","modified_gmt":"2026-04-11T16:23:18","slug":"the-trip-dvd","status":"publish","type":"product","link":"https:\/\/noams.dk\/?product=the-trip-dvd","title":{"rendered":"The Trip (DVD)"},"content":{"rendered":"<p><strong>Beskrivelse<\/strong><br \/>\nDet vindende hold som gjorde &#8216;Tristram Shandy&#8217; til en forrygende forn\u00f8jelig film-oplevelse er tilbage \u2013 de kendte og elskede komikere Steve Coogan og Rob Brydon gentager deres roller (eller spiller de sig selv?), og den alsidige Michael Winterbottom instruerer de to gamle venner i den \u00e6tsende sjove og tydeligvis delvist improviserede road movie, der allerede dyrkes som kult i korte episoder p\u00e5 nettet. En avis har betalt Coogan for at tage p\u00e5 turn\u00e9 i Lake District og Yorkshire Dales i Nordengland for at spise p\u00e5 de bedste restauranter. Det fortryder Coogan imidler-tid straks, for k\u00e6resten har lagt ham p\u00e5 is, og den eneste, han kan f\u00e5 med, er Brydon. Under seks middage p\u00e5 seks forskellige restauranter ser vi det umage par diskutere livets sm\u00e5 og store sp\u00f8rgsm\u00e5l, imens de driver hinanden til vanvid med konstant hakkeri og indbyrdes konkurrence. Og det er lige s\u00e5 begavet, som det er hylende morsomt.<br \/>\n<strong>Format: DVD<\/strong><br \/>\n<strong>Sprog: Engelsk &#8211; Dolby Digital 2.0 &amp; 5.1<\/strong><br \/>\n<strong>Undertekster: Dansk<\/strong><br \/>\n<strong>Spilletid: 107 min<\/strong><br \/>\n<strong>Genre: Komedie<\/strong><br \/>\n<strong>Produktions\u00e5r: 2010<\/strong><br \/>\n<strong>Varenr: 5709498100029<\/strong><\/p>\n","protected":false},"excerpt":{"rendered":"<p>BeskrivelseDet vindende hold som gjorde &#8216;Tristram Shandy&#8217; til en forrygende forn\u00f8jelig film-oplevelse er tilbage \u2013 de kendte og elskede komikere Steve Coogan og Rob Brydon gentager deres roller (eller<\/p>\n","protected":false},"featured_media":0,"template":"","meta":{"_themeisle_gutenberg_block_has_review":false},"product_brand":[],"product_cat":[47,61],"product_tag":[],"class_list":{"0":"post-1294","1":"product","2":"type-product","3":"status-publish","5":"product_cat-film","6":"product_cat-komedie","8":"first","9":"instock","10":"taxable","11":"shipping-taxable","12":"purchasable","13":"product-type-simple"},"supplier_id":null,"supplier_sku":"","barcode":null,"atum_controlled":true,"out_stock_date":null,"out_stock_threshold":null,"inheritable":false,"inbound_stock":null,"stock_on_hold":null,"sold_today":null,"sales_last_days":null,"reserved_stock":null,"customer_returns":null,"warehouse_damage":null,"lost_in_post":null,"other_logs":null,"out_stock_days":null,"lost_sales":null,"has_location":false,"update_date":"2026-04-11T15:23:19","atum_locations":[],"atum_stock_status":"instock","restock_status":false,"low_stock_amount":"","sales_update_date":null,"calc_backorders":null,"yoast_head":"<!-- This site is optimized with the Yoast SEO plugin v27.3 - https:\/\/yoast.com\/product\/yoast-seo-wordpress\/ -->\n<title>The Trip (DVD) - Noams.dk<\/title>\n<meta name=\"robots\" content=\"index, follow, max-snippet:-1, max-image-preview:large, max-video-preview:-1\" \/>\n<link rel=\"canonical\" href=\"https:\/\/noams.dk\/?product=the-trip-dvd\" \/>\n<meta property=\"og:locale\" content=\"da_DK\" \/>\n<meta property=\"og:type\" content=\"article\" \/>\n<meta property=\"og:title\" content=\"The Trip (DVD) - Noams.dk\" \/>\n<meta property=\"og:description\" content=\"BeskrivelseDet vindende hold som gjorde &#039;Tristram Shandy&#039; til en forrygende forn\u00f8jelig film-oplevelse er tilbage \u2013 de kendte og elskede komikere Steve Coogan og Rob Brydon gentager deres roller (eller\" \/>\n<meta property=\"og:url\" content=\"https:\/\/noams.dk\/?product=the-trip-dvd\" \/>\n<meta property=\"og:site_name\" content=\"Noams.dk\" \/>\n<meta property=\"article:publisher\" content=\"https:\/\/www.facebook.com\/noamsdk\" \/>\n<meta property=\"article:modified_time\" content=\"2026-04-11T16:23:18+00:00\" \/>\n<meta name=\"twitter:card\" content=\"summary_large_image\" \/>\n<meta name=\"twitter:label1\" content=\"Estimeret l\u00e6setid\" \/>\n\t<meta name=\"twitter:data1\" content=\"1 minut\" \/>\n<script type=\"application\/ld+json\" class=\"yoast-schema-graph\">{\"@context\":\"https:\\\/\\\/schema.org\",\"@graph\":[{\"@type\":\"WebPage\",\"@id\":\"https:\\\/\\\/noams.dk\\\/?product=the-trip-dvd\",\"url\":\"https:\\\/\\\/noams.dk\\\/?product=the-trip-dvd\",\"name\":\"The Trip (DVD) - Noams.dk\",\"isPartOf\":{\"@id\":\"https:\\\/\\\/noams.dk\\\/#website\"},\"datePublished\":\"2026-04-03T12:37:11+00:00\",\"dateModified\":\"2026-04-11T16:23:18+00:00\",\"breadcrumb\":{\"@id\":\"https:\\\/\\\/noams.dk\\\/?product=the-trip-dvd#breadcrumb\"},\"inLanguage\":\"da-DK\",\"potentialAction\":[{\"@type\":\"ReadAction\",\"target\":[\"https:\\\/\\\/noams.dk\\\/?product=the-trip-dvd\"]}]},{\"@type\":\"BreadcrumbList\",\"@id\":\"https:\\\/\\\/noams.dk\\\/?product=the-trip-dvd#breadcrumb\",\"itemListElement\":[{\"@type\":\"ListItem\",\"position\":1,\"name\":\"Hjem\",\"item\":\"https:\\\/\\\/noams.dk\\\/\"},{\"@type\":\"ListItem\",\"position\":2,\"name\":\"Shop\",\"item\":\"https:\\\/\\\/noams.dk\\\/?page_id=8\"},{\"@type\":\"ListItem\",\"position\":3,\"name\":\"The Trip (DVD)\"}]},{\"@type\":\"WebSite\",\"@id\":\"https:\\\/\\\/noams.dk\\\/#website\",\"url\":\"https:\\\/\\\/noams.dk\\\/\",\"name\":\"Noam.dk\",\"description\":\"Din butik for vinyl, cd&#039;er og film.\",\"publisher\":{\"@id\":\"https:\\\/\\\/noams.dk\\\/#organization\"},\"potentialAction\":[{\"@type\":\"SearchAction\",\"target\":{\"@type\":\"EntryPoint\",\"urlTemplate\":\"https:\\\/\\\/noams.dk\\\/?s={search_term_string}\"},\"query-input\":{\"@type\":\"PropertyValueSpecification\",\"valueRequired\":true,\"valueName\":\"search_term_string\"}}],\"inLanguage\":\"da-DK\"},{\"@type\":\"Organization\",\"@id\":\"https:\\\/\\\/noams.dk\\\/#organization\",\"name\":\"Noam.dk\",\"url\":\"https:\\\/\\\/noams.dk\\\/\",\"logo\":{\"@type\":\"ImageObject\",\"inLanguage\":\"da-DK\",\"@id\":\"https:\\\/\\\/noams.dk\\\/#\\\/schema\\\/logo\\\/image\\\/\",\"url\":\"https:\\\/\\\/noams.dk\\\/wp-content\\\/uploads\\\/2026\\\/04\\\/noams-n-logo.jpg\",\"contentUrl\":\"https:\\\/\\\/noams.dk\\\/wp-content\\\/uploads\\\/2026\\\/04\\\/noams-n-logo.jpg\",\"width\":119,\"height\":108,\"caption\":\"Noam.dk\"},\"image\":{\"@id\":\"https:\\\/\\\/noams.dk\\\/#\\\/schema\\\/logo\\\/image\\\/\"},\"sameAs\":[\"https:\\\/\\\/www.facebook.com\\\/noamsdk\"]}]}<\/script>\n<!-- \/ Yoast SEO plugin. -->","yoast_head_json":{"title":"The Trip (DVD) - Noams.dk","robots":{"index":"index","follow":"follow","max-snippet":"max-snippet:-1","max-image-preview":"max-image-preview:large","max-video-preview":"max-video-preview:-1"},"canonical":"https:\/\/noams.dk\/?product=the-trip-dvd","og_locale":"da_DK","og_type":"article","og_title":"The Trip (DVD) - Noams.dk","og_description":"BeskrivelseDet vindende hold som gjorde 'Tristram Shandy' til en forrygende forn\u00f8jelig film-oplevelse er tilbage \u2013 de kendte og elskede komikere Steve Coogan og Rob Brydon gentager deres roller (eller","og_url":"https:\/\/noams.dk\/?product=the-trip-dvd","og_site_name":"Noams.dk","article_publisher":"https:\/\/www.facebook.com\/noamsdk","article_modified_time":"2026-04-11T16:23:18+00:00","twitter_card":"summary_large_image","twitter_misc":{"Estimeret l\u00e6setid":"1 minut"},"schema":{"@context":"https:\/\/schema.org","@graph":[{"@type":"WebPage","@id":"https:\/\/noams.dk\/?product=the-trip-dvd","url":"https:\/\/noams.dk\/?product=the-trip-dvd","name":"The Trip (DVD) - Noams.dk","isPartOf":{"@id":"https:\/\/noams.dk\/#website"},"datePublished":"2026-04-03T12:37:11+00:00","dateModified":"2026-04-11T16:23:18+00:00","breadcrumb":{"@id":"https:\/\/noams.dk\/?product=the-trip-dvd#breadcrumb"},"inLanguage":"da-DK","potentialAction":[{"@type":"ReadAction","target":["https:\/\/noams.dk\/?product=the-trip-dvd"]}]},{"@type":"BreadcrumbList","@id":"https:\/\/noams.dk\/?product=the-trip-dvd#breadcrumb","itemListElement":[{"@type":"ListItem","position":1,"name":"Hjem","item":"https:\/\/noams.dk\/"},{"@type":"ListItem","position":2,"name":"Shop","item":"https:\/\/noams.dk\/?page_id=8"},{"@type":"ListItem","position":3,"name":"The Trip (DVD)"}]},{"@type":"WebSite","@id":"https:\/\/noams.dk\/#website","url":"https:\/\/noams.dk\/","name":"Noam.dk","description":"Din butik for vinyl, cd&#039;er og film.","publisher":{"@id":"https:\/\/noams.dk\/#organization"},"potentialAction":[{"@type":"SearchAction","target":{"@type":"EntryPoint","urlTemplate":"https:\/\/noams.dk\/?s={search_term_string}"},"query-input":{"@type":"PropertyValueSpecification","valueRequired":true,"valueName":"search_term_string"}}],"inLanguage":"da-DK"},{"@type":"Organization","@id":"https:\/\/noams.dk\/#organization","name":"Noam.dk","url":"https:\/\/noams.dk\/","logo":{"@type":"ImageObject","inLanguage":"da-DK","@id":"https:\/\/noams.dk\/#\/schema\/logo\/image\/","url":"https:\/\/noams.dk\/wp-content\/uploads\/2026\/04\/noams-n-logo.jpg","contentUrl":"https:\/\/noams.dk\/wp-content\/uploads\/2026\/04\/noams-n-logo.jpg","width":119,"height":108,"caption":"Noam.dk"},"image":{"@id":"https:\/\/noams.dk\/#\/schema\/logo\/image\/"},"sameAs":["https:\/\/www.facebook.com\/noamsdk"]}]}},"jetpack_sharing_enabled":true,"_links":{"self":[{"href":"https:\/\/noams.dk\/index.php?rest_route=\/wp\/v2\/product\/1294","targetHints":{"allow":["GET"]}}],"collection":[{"href":"https:\/\/noams.dk\/index.php?rest_route=\/wp\/v2\/product"}],"about":[{"href":"https:\/\/noams.dk\/index.php?rest_route=\/wp\/v2\/types\/product"}],"wp:attachment":[{"href":"https:\/\/noams.dk\/index.php?rest_route=%2Fwp%2Fv2%2Fmedia&parent=1294"}],"wp:term":[{"taxonomy":"product_brand","embeddable":true,"href":"https:\/\/noams.dk\/index.php?rest_route=%2Fwp%2Fv2%2Fproduct_brand&post=1294"},{"taxonomy":"product_cat","embeddable":true,"href":"https:\/\/noams.dk\/index.php?rest_route=%2Fwp%2Fv2%2Fproduct_cat&post=1294"},{"taxonomy":"product_tag","embeddable":true,"href":"https:\/\/noams.dk\/index.php?rest_route=%2Fwp%2Fv2%2Fproduct_tag&post=1294"}],"curies":[{"name":"wp","href":"https:\/\/api.w.org\/{rel}","templated":true}]}}