{"id":1362,"date":"2026-04-03T13:37:27","date_gmt":"2026-04-03T12:37:27","guid":{"rendered":"https:\/\/noams.dk\/?product=forelsket-i-koebenhavn-dvd"},"modified":"2026-05-01T15:27:49","modified_gmt":"2026-05-01T13:27:49","slug":"forelsket-i-koebenhavn-dvd","status":"publish","type":"product","link":"https:\/\/noams.dk\/?product=forelsket-i-koebenhavn-dvd","title":{"rendered":"Forelsket I K\u00f8benhavn (DVD)"},"content":{"rendered":"<p><strong>Beskrivelse<\/strong><br \/>\nDen unge jazzdirigent, Jan, vender efter en mislykket turn\u00e9 tilbage til K\u00f8benhavn. Hans onkel, en anerkendt sangprofessor, lader ham bo i sin lejlighed, og da den unge Landskrona-pige Maj, kommer for at modtage sangtimer, bliver Jan fristet af de hurtige penge, og giver sig ud for at v\u00e6re professoren. Men i K\u00f8benhavns romantiske sommergader lader Jan sig betage af den yndige svensker. Han beslutter sig for at lade masken falde, men Maj er heller ikke selv helt den, hun udgiver sig for\u2026<\/p>\n<p>Henning Moritzen er Jan, Siw Malmquist er Maj, Jans to festglade musikerkolleger spilles af Ove Sprog\u00f8e og J\u00f8rgen Ryg, og Dirch Passer dukker op som en emsig kunstmaler. De menneskelige rammer kunne ikke v\u00e6re bedre for denne romantiske musicalkomedie fra 1960. K\u00f8benhavn er den idylliske kulisse, og filmen blev en klassiker ikke mindst takket v\u00e6re en uforglemmelig k\u00e6rlighedsscene i Tivolis ballongynger og Bent Fabricius-Bjerres i\u00f8refaldende titelmelodi.<\/p>\n<p><strong>Format: DVD<\/strong><br \/>\n<strong>Sprog: Dansk &#8211; Dolby Digital 2.0<\/strong><br \/>\n<strong>Undertekster: Tekstet for h\u00f8reh\u00e6mmede<\/strong><br \/>\n<strong>Spilletid: 94 min<\/strong><br \/>\n<strong>Genre: Musical<\/strong><br \/>\n<strong>Produktions\u00e5r: 1960<\/strong><br \/>\n<strong>Varenr: 5708758657617<\/strong><\/p>\n","protected":false},"excerpt":{"rendered":"<p>Beskrivelse:<br \/>\nDen unge jazzdirigent, Jan, vender efter en mislykket turn\u00e9 tilbage til K\u00f8benhavn. Hans onkel, en anerkendt sangprofessor, lader ham bo i sin lejlighed, og da den unge Landskrona-pige<\/p>\n","protected":false},"featured_media":0,"template":"","meta":{"_themeisle_gutenberg_block_has_review":false},"product_brand":[],"product_cat":[47,771],"product_tag":[],"class_list":{"0":"post-1362","1":"product","2":"type-product","3":"status-publish","5":"product_cat-film","6":"product_cat-gamle-danske-film","8":"first","9":"instock","10":"sold-individually","11":"taxable","12":"shipping-taxable","13":"purchasable","14":"product-type-simple"},"supplier_id":null,"supplier_sku":"","barcode":null,"atum_controlled":true,"out_stock_date":null,"out_stock_threshold":null,"inheritable":false,"inbound_stock":null,"stock_on_hold":null,"sold_today":null,"sales_last_days":null,"reserved_stock":null,"customer_returns":null,"warehouse_damage":null,"lost_in_post":null,"other_logs":null,"out_stock_days":null,"lost_sales":null,"has_location":false,"update_date":"2026-05-01T13:27:51","atum_locations":[],"atum_stock_status":"instock","restock_status":false,"low_stock_amount":"","sales_update_date":null,"calc_backorders":null,"yoast_head":"<!-- This site is optimized with the Yoast SEO plugin v27.5 - https:\/\/yoast.com\/product\/yoast-seo-wordpress\/ -->\n<title>Forelsket I K\u00f8benhavn (DVD) - Noams.dk<\/title>\n<meta name=\"robots\" content=\"index, follow, max-snippet:-1, max-image-preview:large, max-video-preview:-1\" \/>\n<link rel=\"canonical\" href=\"https:\/\/noams.dk\/?product=forelsket-i-koebenhavn-dvd\" \/>\n<meta property=\"og:locale\" content=\"da_DK\" \/>\n<meta property=\"og:type\" content=\"article\" \/>\n<meta property=\"og:title\" content=\"Forelsket I K\u00f8benhavn (DVD) - Noams.dk\" \/>\n<meta property=\"og:description\" content=\"Beskrivelse: Den unge jazzdirigent, Jan, vender efter en mislykket turn\u00e9 tilbage til K\u00f8benhavn. Hans onkel, en anerkendt sangprofessor, lader ham bo i sin lejlighed, og da den unge Landskrona-pige\" \/>\n<meta property=\"og:url\" content=\"https:\/\/noams.dk\/?product=forelsket-i-koebenhavn-dvd\" \/>\n<meta property=\"og:site_name\" content=\"Noams.dk\" \/>\n<meta property=\"article:publisher\" content=\"https:\/\/www.facebook.com\/noamsdk\" \/>\n<meta property=\"article:modified_time\" content=\"2026-05-01T13:27:49+00:00\" \/>\n<meta name=\"twitter:card\" content=\"summary_large_image\" \/>\n<meta name=\"twitter:label1\" content=\"Estimeret l\u00e6setid\" \/>\n\t<meta name=\"twitter:data1\" content=\"1 minut\" \/>\n<script type=\"application\/ld+json\" class=\"yoast-schema-graph\">{\"@context\":\"https:\\\/\\\/schema.org\",\"@graph\":[{\"@type\":\"WebPage\",\"@id\":\"https:\\\/\\\/noams.dk\\\/?product=forelsket-i-koebenhavn-dvd\",\"url\":\"https:\\\/\\\/noams.dk\\\/?product=forelsket-i-koebenhavn-dvd\",\"name\":\"Forelsket I K\u00f8benhavn (DVD) - Noams.dk\",\"isPartOf\":{\"@id\":\"https:\\\/\\\/noams.dk\\\/#website\"},\"datePublished\":\"2026-04-03T12:37:27+00:00\",\"dateModified\":\"2026-05-01T13:27:49+00:00\",\"breadcrumb\":{\"@id\":\"https:\\\/\\\/noams.dk\\\/?product=forelsket-i-koebenhavn-dvd#breadcrumb\"},\"inLanguage\":\"da-DK\",\"potentialAction\":[{\"@type\":\"ReadAction\",\"target\":[\"https:\\\/\\\/noams.dk\\\/?product=forelsket-i-koebenhavn-dvd\"]}]},{\"@type\":\"BreadcrumbList\",\"@id\":\"https:\\\/\\\/noams.dk\\\/?product=forelsket-i-koebenhavn-dvd#breadcrumb\",\"itemListElement\":[{\"@type\":\"ListItem\",\"position\":1,\"name\":\"Hjem\",\"item\":\"https:\\\/\\\/noams.dk\\\/\"},{\"@type\":\"ListItem\",\"position\":2,\"name\":\"Shop\",\"item\":\"https:\\\/\\\/noams.dk\\\/?page_id=8\"},{\"@type\":\"ListItem\",\"position\":3,\"name\":\"Forelsket I K\u00f8benhavn (DVD)\"}]},{\"@type\":\"WebSite\",\"@id\":\"https:\\\/\\\/noams.dk\\\/#website\",\"url\":\"https:\\\/\\\/noams.dk\\\/\",\"name\":\"Noam.dk\",\"description\":\"Din butik for vinyl, cd&#039;er og film.\",\"publisher\":{\"@id\":\"https:\\\/\\\/noams.dk\\\/#organization\"},\"potentialAction\":[{\"@type\":\"SearchAction\",\"target\":{\"@type\":\"EntryPoint\",\"urlTemplate\":\"https:\\\/\\\/noams.dk\\\/?s={search_term_string}\"},\"query-input\":{\"@type\":\"PropertyValueSpecification\",\"valueRequired\":true,\"valueName\":\"search_term_string\"}}],\"inLanguage\":\"da-DK\"},{\"@type\":\"Organization\",\"@id\":\"https:\\\/\\\/noams.dk\\\/#organization\",\"name\":\"Noam.dk\",\"url\":\"https:\\\/\\\/noams.dk\\\/\",\"logo\":{\"@type\":\"ImageObject\",\"inLanguage\":\"da-DK\",\"@id\":\"https:\\\/\\\/noams.dk\\\/#\\\/schema\\\/logo\\\/image\\\/\",\"url\":\"https:\\\/\\\/noams.dk\\\/wp-content\\\/uploads\\\/2026\\\/04\\\/noams-n-logo.jpg\",\"contentUrl\":\"https:\\\/\\\/noams.dk\\\/wp-content\\\/uploads\\\/2026\\\/04\\\/noams-n-logo.jpg\",\"width\":119,\"height\":108,\"caption\":\"Noam.dk\"},\"image\":{\"@id\":\"https:\\\/\\\/noams.dk\\\/#\\\/schema\\\/logo\\\/image\\\/\"},\"sameAs\":[\"https:\\\/\\\/www.facebook.com\\\/noamsdk\"]}]}<\/script>\n<!-- \/ Yoast SEO plugin. -->","yoast_head_json":{"title":"Forelsket I K\u00f8benhavn (DVD) - Noams.dk","robots":{"index":"index","follow":"follow","max-snippet":"max-snippet:-1","max-image-preview":"max-image-preview:large","max-video-preview":"max-video-preview:-1"},"canonical":"https:\/\/noams.dk\/?product=forelsket-i-koebenhavn-dvd","og_locale":"da_DK","og_type":"article","og_title":"Forelsket I K\u00f8benhavn (DVD) - Noams.dk","og_description":"Beskrivelse: Den unge jazzdirigent, Jan, vender efter en mislykket turn\u00e9 tilbage til K\u00f8benhavn. Hans onkel, en anerkendt sangprofessor, lader ham bo i sin lejlighed, og da den unge Landskrona-pige","og_url":"https:\/\/noams.dk\/?product=forelsket-i-koebenhavn-dvd","og_site_name":"Noams.dk","article_publisher":"https:\/\/www.facebook.com\/noamsdk","article_modified_time":"2026-05-01T13:27:49+00:00","twitter_card":"summary_large_image","twitter_misc":{"Estimeret l\u00e6setid":"1 minut"},"schema":{"@context":"https:\/\/schema.org","@graph":[{"@type":"WebPage","@id":"https:\/\/noams.dk\/?product=forelsket-i-koebenhavn-dvd","url":"https:\/\/noams.dk\/?product=forelsket-i-koebenhavn-dvd","name":"Forelsket I K\u00f8benhavn (DVD) - Noams.dk","isPartOf":{"@id":"https:\/\/noams.dk\/#website"},"datePublished":"2026-04-03T12:37:27+00:00","dateModified":"2026-05-01T13:27:49+00:00","breadcrumb":{"@id":"https:\/\/noams.dk\/?product=forelsket-i-koebenhavn-dvd#breadcrumb"},"inLanguage":"da-DK","potentialAction":[{"@type":"ReadAction","target":["https:\/\/noams.dk\/?product=forelsket-i-koebenhavn-dvd"]}]},{"@type":"BreadcrumbList","@id":"https:\/\/noams.dk\/?product=forelsket-i-koebenhavn-dvd#breadcrumb","itemListElement":[{"@type":"ListItem","position":1,"name":"Hjem","item":"https:\/\/noams.dk\/"},{"@type":"ListItem","position":2,"name":"Shop","item":"https:\/\/noams.dk\/?page_id=8"},{"@type":"ListItem","position":3,"name":"Forelsket I K\u00f8benhavn (DVD)"}]},{"@type":"WebSite","@id":"https:\/\/noams.dk\/#website","url":"https:\/\/noams.dk\/","name":"Noam.dk","description":"Din butik for vinyl, cd&#039;er og film.","publisher":{"@id":"https:\/\/noams.dk\/#organization"},"potentialAction":[{"@type":"SearchAction","target":{"@type":"EntryPoint","urlTemplate":"https:\/\/noams.dk\/?s={search_term_string}"},"query-input":{"@type":"PropertyValueSpecification","valueRequired":true,"valueName":"search_term_string"}}],"inLanguage":"da-DK"},{"@type":"Organization","@id":"https:\/\/noams.dk\/#organization","name":"Noam.dk","url":"https:\/\/noams.dk\/","logo":{"@type":"ImageObject","inLanguage":"da-DK","@id":"https:\/\/noams.dk\/#\/schema\/logo\/image\/","url":"https:\/\/noams.dk\/wp-content\/uploads\/2026\/04\/noams-n-logo.jpg","contentUrl":"https:\/\/noams.dk\/wp-content\/uploads\/2026\/04\/noams-n-logo.jpg","width":119,"height":108,"caption":"Noam.dk"},"image":{"@id":"https:\/\/noams.dk\/#\/schema\/logo\/image\/"},"sameAs":["https:\/\/www.facebook.com\/noamsdk"]}]}},"jetpack_sharing_enabled":true,"_links":{"self":[{"href":"https:\/\/noams.dk\/index.php?rest_route=\/wp\/v2\/product\/1362","targetHints":{"allow":["GET"]}}],"collection":[{"href":"https:\/\/noams.dk\/index.php?rest_route=\/wp\/v2\/product"}],"about":[{"href":"https:\/\/noams.dk\/index.php?rest_route=\/wp\/v2\/types\/product"}],"wp:attachment":[{"href":"https:\/\/noams.dk\/index.php?rest_route=%2Fwp%2Fv2%2Fmedia&parent=1362"}],"wp:term":[{"taxonomy":"product_brand","embeddable":true,"href":"https:\/\/noams.dk\/index.php?rest_route=%2Fwp%2Fv2%2Fproduct_brand&post=1362"},{"taxonomy":"product_cat","embeddable":true,"href":"https:\/\/noams.dk\/index.php?rest_route=%2Fwp%2Fv2%2Fproduct_cat&post=1362"},{"taxonomy":"product_tag","embeddable":true,"href":"https:\/\/noams.dk\/index.php?rest_route=%2Fwp%2Fv2%2Fproduct_tag&post=1362"}],"curies":[{"name":"wp","href":"https:\/\/api.w.org\/{rel}","templated":true}]}}