{"id":1369,"date":"2026-04-03T13:37:31","date_gmt":"2026-04-03T12:37:31","guid":{"rendered":"https:\/\/noams.dk\/?product=doeden-kommer-til-middag-dvd"},"modified":"2026-05-01T15:27:25","modified_gmt":"2026-05-01T13:27:25","slug":"doeden-kommer-til-middag-dvd","status":"publish","type":"product","link":"https:\/\/noams.dk\/?product=doeden-kommer-til-middag-dvd","title":{"rendered":"D\u00f8den Kommer Til Middag (DVD)"},"content":{"rendered":"<p><strong>Beskrivelse<\/strong><br \/>\nKriminalforfatteren Peter Sander l\u00f8ber t\u00f8r for benzin en regnfuld aften i en m\u00f8rk skov i Jylland. I n\u00e6rheden ligger et hus, og da der er lys i vinduerne, begiver Sander sig forsigtigt indenfor. Men huset er tomt &#8211; bortset fra den \u00e6ldre herre, som ligger d\u00f8d i sovev\u00e6relset\u2026 Kort efter sin forskr\u00e6kkende opdagelse bliver Sander sl\u00e5et ned bagfra. Han v\u00e5gner i en seng i huset, hvor b\u00f8rn og husholderske nu er hjemme. Liget er v\u00e6k, og ingen &#8211; heller ikke politiet &#8211; tror p\u00e5 Sanders historie. Og nu er Sander selv i livsfare\u2026Erik Balling instruerede i 1964 en af dansk films f\u00e5 krimi-thrillere &#8211; et klassisk mordmysterium, men udf\u00f8rt i en k\u00f8lig stil, der var typisk for tiden. \u201dD\u00f8den Kommer til Middag\u201d &#8211; med Poul Reichhardt i hovedrollen som forfatteren Peter Sander &#8211; er baseret p\u00e5 en krimiroman af virkelighedens Peter Sander; et navn som dog var et pseudonym for forfatteren Bengt Janus Nielsen. I filmen medvirker ogs\u00e5 Morten Grunwald, Karl Stegger og Helle Virkner. En sp\u00e6ndende dansk kriminalfilm.<\/p>\n<p><strong>Format: DVD<\/strong><br \/>\n<strong>Sprog: Dansk &#8211; Mono 1.0<\/strong><br \/>\n<strong>Undertekster: Tekstet for h\u00f8reh\u00e6mmede<\/strong><br \/>\n<strong>Spilletid: 93 min<\/strong><br \/>\n<strong>Genre: Thriller<\/strong><br \/>\n<strong>Produktions\u00e5r: 1964<\/strong><br \/>\n<strong>Varenr: 5708758665353<\/strong><\/p>\n","protected":false},"excerpt":{"rendered":"<p>BeskrivelseKriminalforfatteren Peter Sander l\u00f8ber t\u00f8r for benzin en regnfuld aften i en m\u00f8rk skov i Jylland. I n\u00e6rheden ligger et hus, og da der er lys i vinduerne, begiver Sander sig forsigtigt inden<\/p>\n","protected":false},"featured_media":0,"template":"","meta":{"_themeisle_gutenberg_block_has_review":false},"product_brand":[],"product_cat":[47,771],"product_tag":[],"class_list":{"0":"post-1369","1":"product","2":"type-product","3":"status-publish","5":"product_cat-film","6":"product_cat-gamle-danske-film","8":"first","9":"instock","10":"sold-individually","11":"taxable","12":"shipping-taxable","13":"purchasable","14":"product-type-simple"},"supplier_id":null,"supplier_sku":"","barcode":null,"atum_controlled":true,"out_stock_date":null,"out_stock_threshold":null,"inheritable":false,"inbound_stock":null,"stock_on_hold":null,"sold_today":null,"sales_last_days":null,"reserved_stock":null,"customer_returns":null,"warehouse_damage":null,"lost_in_post":null,"other_logs":null,"out_stock_days":null,"lost_sales":null,"has_location":false,"update_date":"2026-05-01T13:27:27","atum_locations":[],"atum_stock_status":"instock","restock_status":false,"low_stock_amount":"","sales_update_date":null,"calc_backorders":null,"yoast_head":"<!-- This site is optimized with the Yoast SEO plugin v27.5 - https:\/\/yoast.com\/product\/yoast-seo-wordpress\/ -->\n<title>D\u00f8den Kommer Til Middag (DVD) - Noams.dk<\/title>\n<meta name=\"robots\" content=\"index, follow, max-snippet:-1, max-image-preview:large, max-video-preview:-1\" \/>\n<link rel=\"canonical\" href=\"https:\/\/noams.dk\/?product=doeden-kommer-til-middag-dvd\" \/>\n<meta property=\"og:locale\" content=\"da_DK\" \/>\n<meta property=\"og:type\" content=\"article\" \/>\n<meta property=\"og:title\" content=\"D\u00f8den Kommer Til Middag (DVD) - Noams.dk\" \/>\n<meta property=\"og:description\" content=\"BeskrivelseKriminalforfatteren Peter Sander l\u00f8ber t\u00f8r for benzin en regnfuld aften i en m\u00f8rk skov i Jylland. I n\u00e6rheden ligger et hus, og da der er lys i vinduerne, begiver Sander sig forsigtigt inden\" \/>\n<meta property=\"og:url\" content=\"https:\/\/noams.dk\/?product=doeden-kommer-til-middag-dvd\" \/>\n<meta property=\"og:site_name\" content=\"Noams.dk\" \/>\n<meta property=\"article:publisher\" content=\"https:\/\/www.facebook.com\/noamsdk\" \/>\n<meta property=\"article:modified_time\" content=\"2026-05-01T13:27:25+00:00\" \/>\n<meta name=\"twitter:card\" content=\"summary_large_image\" \/>\n<meta name=\"twitter:label1\" content=\"Estimeret l\u00e6setid\" \/>\n\t<meta name=\"twitter:data1\" content=\"1 minut\" \/>\n<script type=\"application\/ld+json\" class=\"yoast-schema-graph\">{\"@context\":\"https:\\\/\\\/schema.org\",\"@graph\":[{\"@type\":\"WebPage\",\"@id\":\"https:\\\/\\\/noams.dk\\\/?product=doeden-kommer-til-middag-dvd\",\"url\":\"https:\\\/\\\/noams.dk\\\/?product=doeden-kommer-til-middag-dvd\",\"name\":\"D\u00f8den Kommer Til Middag (DVD) - Noams.dk\",\"isPartOf\":{\"@id\":\"https:\\\/\\\/noams.dk\\\/#website\"},\"datePublished\":\"2026-04-03T12:37:31+00:00\",\"dateModified\":\"2026-05-01T13:27:25+00:00\",\"breadcrumb\":{\"@id\":\"https:\\\/\\\/noams.dk\\\/?product=doeden-kommer-til-middag-dvd#breadcrumb\"},\"inLanguage\":\"da-DK\",\"potentialAction\":[{\"@type\":\"ReadAction\",\"target\":[\"https:\\\/\\\/noams.dk\\\/?product=doeden-kommer-til-middag-dvd\"]}]},{\"@type\":\"BreadcrumbList\",\"@id\":\"https:\\\/\\\/noams.dk\\\/?product=doeden-kommer-til-middag-dvd#breadcrumb\",\"itemListElement\":[{\"@type\":\"ListItem\",\"position\":1,\"name\":\"Hjem\",\"item\":\"https:\\\/\\\/noams.dk\\\/\"},{\"@type\":\"ListItem\",\"position\":2,\"name\":\"Shop\",\"item\":\"https:\\\/\\\/noams.dk\\\/?page_id=8\"},{\"@type\":\"ListItem\",\"position\":3,\"name\":\"D\u00f8den Kommer Til Middag (DVD)\"}]},{\"@type\":\"WebSite\",\"@id\":\"https:\\\/\\\/noams.dk\\\/#website\",\"url\":\"https:\\\/\\\/noams.dk\\\/\",\"name\":\"Noam.dk\",\"description\":\"Din butik for vinyl, cd&#039;er og film.\",\"publisher\":{\"@id\":\"https:\\\/\\\/noams.dk\\\/#organization\"},\"potentialAction\":[{\"@type\":\"SearchAction\",\"target\":{\"@type\":\"EntryPoint\",\"urlTemplate\":\"https:\\\/\\\/noams.dk\\\/?s={search_term_string}\"},\"query-input\":{\"@type\":\"PropertyValueSpecification\",\"valueRequired\":true,\"valueName\":\"search_term_string\"}}],\"inLanguage\":\"da-DK\"},{\"@type\":\"Organization\",\"@id\":\"https:\\\/\\\/noams.dk\\\/#organization\",\"name\":\"Noam.dk\",\"url\":\"https:\\\/\\\/noams.dk\\\/\",\"logo\":{\"@type\":\"ImageObject\",\"inLanguage\":\"da-DK\",\"@id\":\"https:\\\/\\\/noams.dk\\\/#\\\/schema\\\/logo\\\/image\\\/\",\"url\":\"https:\\\/\\\/noams.dk\\\/wp-content\\\/uploads\\\/2026\\\/04\\\/noams-n-logo.jpg\",\"contentUrl\":\"https:\\\/\\\/noams.dk\\\/wp-content\\\/uploads\\\/2026\\\/04\\\/noams-n-logo.jpg\",\"width\":119,\"height\":108,\"caption\":\"Noam.dk\"},\"image\":{\"@id\":\"https:\\\/\\\/noams.dk\\\/#\\\/schema\\\/logo\\\/image\\\/\"},\"sameAs\":[\"https:\\\/\\\/www.facebook.com\\\/noamsdk\"]}]}<\/script>\n<!-- \/ Yoast SEO plugin. -->","yoast_head_json":{"title":"D\u00f8den Kommer Til Middag (DVD) - Noams.dk","robots":{"index":"index","follow":"follow","max-snippet":"max-snippet:-1","max-image-preview":"max-image-preview:large","max-video-preview":"max-video-preview:-1"},"canonical":"https:\/\/noams.dk\/?product=doeden-kommer-til-middag-dvd","og_locale":"da_DK","og_type":"article","og_title":"D\u00f8den Kommer Til Middag (DVD) - Noams.dk","og_description":"BeskrivelseKriminalforfatteren Peter Sander l\u00f8ber t\u00f8r for benzin en regnfuld aften i en m\u00f8rk skov i Jylland. I n\u00e6rheden ligger et hus, og da der er lys i vinduerne, begiver Sander sig forsigtigt inden","og_url":"https:\/\/noams.dk\/?product=doeden-kommer-til-middag-dvd","og_site_name":"Noams.dk","article_publisher":"https:\/\/www.facebook.com\/noamsdk","article_modified_time":"2026-05-01T13:27:25+00:00","twitter_card":"summary_large_image","twitter_misc":{"Estimeret l\u00e6setid":"1 minut"},"schema":{"@context":"https:\/\/schema.org","@graph":[{"@type":"WebPage","@id":"https:\/\/noams.dk\/?product=doeden-kommer-til-middag-dvd","url":"https:\/\/noams.dk\/?product=doeden-kommer-til-middag-dvd","name":"D\u00f8den Kommer Til Middag (DVD) - Noams.dk","isPartOf":{"@id":"https:\/\/noams.dk\/#website"},"datePublished":"2026-04-03T12:37:31+00:00","dateModified":"2026-05-01T13:27:25+00:00","breadcrumb":{"@id":"https:\/\/noams.dk\/?product=doeden-kommer-til-middag-dvd#breadcrumb"},"inLanguage":"da-DK","potentialAction":[{"@type":"ReadAction","target":["https:\/\/noams.dk\/?product=doeden-kommer-til-middag-dvd"]}]},{"@type":"BreadcrumbList","@id":"https:\/\/noams.dk\/?product=doeden-kommer-til-middag-dvd#breadcrumb","itemListElement":[{"@type":"ListItem","position":1,"name":"Hjem","item":"https:\/\/noams.dk\/"},{"@type":"ListItem","position":2,"name":"Shop","item":"https:\/\/noams.dk\/?page_id=8"},{"@type":"ListItem","position":3,"name":"D\u00f8den Kommer Til Middag (DVD)"}]},{"@type":"WebSite","@id":"https:\/\/noams.dk\/#website","url":"https:\/\/noams.dk\/","name":"Noam.dk","description":"Din butik for vinyl, cd&#039;er og film.","publisher":{"@id":"https:\/\/noams.dk\/#organization"},"potentialAction":[{"@type":"SearchAction","target":{"@type":"EntryPoint","urlTemplate":"https:\/\/noams.dk\/?s={search_term_string}"},"query-input":{"@type":"PropertyValueSpecification","valueRequired":true,"valueName":"search_term_string"}}],"inLanguage":"da-DK"},{"@type":"Organization","@id":"https:\/\/noams.dk\/#organization","name":"Noam.dk","url":"https:\/\/noams.dk\/","logo":{"@type":"ImageObject","inLanguage":"da-DK","@id":"https:\/\/noams.dk\/#\/schema\/logo\/image\/","url":"https:\/\/noams.dk\/wp-content\/uploads\/2026\/04\/noams-n-logo.jpg","contentUrl":"https:\/\/noams.dk\/wp-content\/uploads\/2026\/04\/noams-n-logo.jpg","width":119,"height":108,"caption":"Noam.dk"},"image":{"@id":"https:\/\/noams.dk\/#\/schema\/logo\/image\/"},"sameAs":["https:\/\/www.facebook.com\/noamsdk"]}]}},"jetpack_sharing_enabled":true,"_links":{"self":[{"href":"https:\/\/noams.dk\/index.php?rest_route=\/wp\/v2\/product\/1369","targetHints":{"allow":["GET"]}}],"collection":[{"href":"https:\/\/noams.dk\/index.php?rest_route=\/wp\/v2\/product"}],"about":[{"href":"https:\/\/noams.dk\/index.php?rest_route=\/wp\/v2\/types\/product"}],"wp:attachment":[{"href":"https:\/\/noams.dk\/index.php?rest_route=%2Fwp%2Fv2%2Fmedia&parent=1369"}],"wp:term":[{"taxonomy":"product_brand","embeddable":true,"href":"https:\/\/noams.dk\/index.php?rest_route=%2Fwp%2Fv2%2Fproduct_brand&post=1369"},{"taxonomy":"product_cat","embeddable":true,"href":"https:\/\/noams.dk\/index.php?rest_route=%2Fwp%2Fv2%2Fproduct_cat&post=1369"},{"taxonomy":"product_tag","embeddable":true,"href":"https:\/\/noams.dk\/index.php?rest_route=%2Fwp%2Fv2%2Fproduct_tag&post=1369"}],"curies":[{"name":"wp","href":"https:\/\/api.w.org\/{rel}","templated":true}]}}