{"id":1382,"date":"2026-04-03T13:37:33","date_gmt":"2026-04-03T12:37:33","guid":{"rendered":"https:\/\/noams.dk\/?product=peters-landlov-dvd"},"modified":"2026-05-01T15:27:14","modified_gmt":"2026-05-01T13:27:14","slug":"peters-landlov-dvd","status":"publish","type":"product","link":"https:\/\/noams.dk\/?product=peters-landlov-dvd","title":{"rendered":"Peters Landlov (DVD)"},"content":{"rendered":"<p>En af &#8220;Filmheltene&#8221; igennem 1950\u00b4erne var Ebbe Langberg. Efter at have medvirket i 32 film ville han pr\u00f8ve at v\u00e6re instrukt\u00f8r, og denne film blev hans debut som s\u00e5dan.<br \/>\nHan spiller ogs\u00e5 Sandy, en af de tre gutter der er p\u00e5 8 timers intens landlov. De to andre er Billy (Jimmie Moore) og Peter (Christoffer Bro). Det er f\u00f8rst og fremmest Peter, der &#8220;\u00f8del\u00e6gger&#8221; dagligdagen hos familien Berg (Helle Virkner og Poul Reichhardt), da datteren Lisbeth (Ulla Pia) mister sit flyvske chiffon-t\u00f8rkl\u00e6de til ham.<br \/>\n(L\u00e6g m\u00e6rke til den Berg\u00b4ske familie. S\u00e5dan mente man en moderne tresser familie skulle v\u00e6re. For\u00e6ldrerollerne var pass\u00e9, alle medlemmer i familien var &#8220;venner&#8221; &#8211; med lige indflydelse. Noget helt nyt).<br \/>\nEn anden der kommer i klemme i de tre lystige og &#8220;moderne&#8221; unge m\u00e6nds udskejelser er direkt\u00f8ren for Europ\u00e6isk St\u00e5l og Kobber A\/S (Ove Sprog\u00f8e), og han er selvf\u00f8lgelig ikke til at kende igen efter &#8220;moderniseringen&#8221;. For filmens moderne musik stod Ib Glindemann.<\/p>\n<p><strong>Format: DVD<\/strong><br \/>\n<strong>Sprog: Dansk &#8211; Mono 1.0<\/strong><br \/>\n<strong>Undertekster: Dansk for h\u00f8reh\u00e6mmede<\/strong><br \/>\n<strong>Spilletid: 77 min<\/strong><br \/>\n<strong>Genre: Lystspil<\/strong><br \/>\n<strong>Produktions\u00e5r: 1963<\/strong><br \/>\n<strong>Varenr: 5708758689304<\/strong><\/p>\n","protected":false},"excerpt":{"rendered":"<p>En af &#8220;Filmheltene&#8221; igennem 1950\u00b4erne var Ebbe Langberg. Efter at have medvirket i 32 film ville han pr\u00f8ve at v\u00e6re instrukt\u00f8r, og denne film blev hans debut som s\u00e5dan.<br \/>\nHan spiller ogs\u00e5 Sandy, en af d<\/p>\n","protected":false},"featured_media":0,"template":"","meta":{"_themeisle_gutenberg_block_has_review":false},"product_brand":[],"product_cat":[47,771],"product_tag":[],"class_list":{"0":"post-1382","1":"product","2":"type-product","3":"status-publish","5":"product_cat-film","6":"product_cat-gamle-danske-film","8":"first","9":"instock","10":"sold-individually","11":"taxable","12":"shipping-taxable","13":"purchasable","14":"product-type-simple"},"supplier_id":null,"supplier_sku":"","barcode":null,"atum_controlled":true,"out_stock_date":null,"out_stock_threshold":null,"inheritable":false,"inbound_stock":null,"stock_on_hold":null,"sold_today":null,"sales_last_days":null,"reserved_stock":null,"customer_returns":null,"warehouse_damage":null,"lost_in_post":null,"other_logs":null,"out_stock_days":null,"lost_sales":null,"has_location":false,"update_date":"2026-05-01T13:27:15","atum_locations":[],"atum_stock_status":"instock","restock_status":false,"low_stock_amount":"","sales_update_date":null,"calc_backorders":null,"yoast_head":"<!-- This site is optimized with the Yoast SEO plugin v27.5 - https:\/\/yoast.com\/product\/yoast-seo-wordpress\/ -->\n<title>Peters Landlov (DVD) - Noams.dk<\/title>\n<meta name=\"robots\" content=\"index, follow, max-snippet:-1, max-image-preview:large, max-video-preview:-1\" \/>\n<link rel=\"canonical\" href=\"https:\/\/noams.dk\/?product=peters-landlov-dvd\" \/>\n<meta property=\"og:locale\" content=\"da_DK\" \/>\n<meta property=\"og:type\" content=\"article\" \/>\n<meta property=\"og:title\" content=\"Peters Landlov (DVD) - Noams.dk\" \/>\n<meta property=\"og:description\" content=\"En af &quot;Filmheltene&quot; igennem 1950\u00b4erne var Ebbe Langberg. Efter at have medvirket i 32 film ville han pr\u00f8ve at v\u00e6re instrukt\u00f8r, og denne film blev hans debut som s\u00e5dan. Han spiller ogs\u00e5 Sandy, en af d\" \/>\n<meta property=\"og:url\" content=\"https:\/\/noams.dk\/?product=peters-landlov-dvd\" \/>\n<meta property=\"og:site_name\" content=\"Noams.dk\" \/>\n<meta property=\"article:publisher\" content=\"https:\/\/www.facebook.com\/noamsdk\" \/>\n<meta property=\"article:modified_time\" content=\"2026-05-01T13:27:14+00:00\" \/>\n<meta name=\"twitter:card\" content=\"summary_large_image\" \/>\n<meta name=\"twitter:label1\" content=\"Estimeret l\u00e6setid\" \/>\n\t<meta name=\"twitter:data1\" content=\"1 minut\" \/>\n<script type=\"application\/ld+json\" class=\"yoast-schema-graph\">{\"@context\":\"https:\\\/\\\/schema.org\",\"@graph\":[{\"@type\":\"WebPage\",\"@id\":\"https:\\\/\\\/noams.dk\\\/?product=peters-landlov-dvd\",\"url\":\"https:\\\/\\\/noams.dk\\\/?product=peters-landlov-dvd\",\"name\":\"Peters Landlov (DVD) - Noams.dk\",\"isPartOf\":{\"@id\":\"https:\\\/\\\/noams.dk\\\/#website\"},\"datePublished\":\"2026-04-03T12:37:33+00:00\",\"dateModified\":\"2026-05-01T13:27:14+00:00\",\"breadcrumb\":{\"@id\":\"https:\\\/\\\/noams.dk\\\/?product=peters-landlov-dvd#breadcrumb\"},\"inLanguage\":\"da-DK\",\"potentialAction\":[{\"@type\":\"ReadAction\",\"target\":[\"https:\\\/\\\/noams.dk\\\/?product=peters-landlov-dvd\"]}]},{\"@type\":\"BreadcrumbList\",\"@id\":\"https:\\\/\\\/noams.dk\\\/?product=peters-landlov-dvd#breadcrumb\",\"itemListElement\":[{\"@type\":\"ListItem\",\"position\":1,\"name\":\"Hjem\",\"item\":\"https:\\\/\\\/noams.dk\\\/\"},{\"@type\":\"ListItem\",\"position\":2,\"name\":\"Shop\",\"item\":\"https:\\\/\\\/noams.dk\\\/?page_id=8\"},{\"@type\":\"ListItem\",\"position\":3,\"name\":\"Peters Landlov (DVD)\"}]},{\"@type\":\"WebSite\",\"@id\":\"https:\\\/\\\/noams.dk\\\/#website\",\"url\":\"https:\\\/\\\/noams.dk\\\/\",\"name\":\"Noam.dk\",\"description\":\"Din butik for vinyl, cd&#039;er og film.\",\"publisher\":{\"@id\":\"https:\\\/\\\/noams.dk\\\/#organization\"},\"potentialAction\":[{\"@type\":\"SearchAction\",\"target\":{\"@type\":\"EntryPoint\",\"urlTemplate\":\"https:\\\/\\\/noams.dk\\\/?s={search_term_string}\"},\"query-input\":{\"@type\":\"PropertyValueSpecification\",\"valueRequired\":true,\"valueName\":\"search_term_string\"}}],\"inLanguage\":\"da-DK\"},{\"@type\":\"Organization\",\"@id\":\"https:\\\/\\\/noams.dk\\\/#organization\",\"name\":\"Noam.dk\",\"url\":\"https:\\\/\\\/noams.dk\\\/\",\"logo\":{\"@type\":\"ImageObject\",\"inLanguage\":\"da-DK\",\"@id\":\"https:\\\/\\\/noams.dk\\\/#\\\/schema\\\/logo\\\/image\\\/\",\"url\":\"https:\\\/\\\/noams.dk\\\/wp-content\\\/uploads\\\/2026\\\/04\\\/noams-n-logo.jpg\",\"contentUrl\":\"https:\\\/\\\/noams.dk\\\/wp-content\\\/uploads\\\/2026\\\/04\\\/noams-n-logo.jpg\",\"width\":119,\"height\":108,\"caption\":\"Noam.dk\"},\"image\":{\"@id\":\"https:\\\/\\\/noams.dk\\\/#\\\/schema\\\/logo\\\/image\\\/\"},\"sameAs\":[\"https:\\\/\\\/www.facebook.com\\\/noamsdk\"]}]}<\/script>\n<!-- \/ Yoast SEO plugin. -->","yoast_head_json":{"title":"Peters Landlov (DVD) - Noams.dk","robots":{"index":"index","follow":"follow","max-snippet":"max-snippet:-1","max-image-preview":"max-image-preview:large","max-video-preview":"max-video-preview:-1"},"canonical":"https:\/\/noams.dk\/?product=peters-landlov-dvd","og_locale":"da_DK","og_type":"article","og_title":"Peters Landlov (DVD) - Noams.dk","og_description":"En af \"Filmheltene\" igennem 1950\u00b4erne var Ebbe Langberg. Efter at have medvirket i 32 film ville han pr\u00f8ve at v\u00e6re instrukt\u00f8r, og denne film blev hans debut som s\u00e5dan. Han spiller ogs\u00e5 Sandy, en af d","og_url":"https:\/\/noams.dk\/?product=peters-landlov-dvd","og_site_name":"Noams.dk","article_publisher":"https:\/\/www.facebook.com\/noamsdk","article_modified_time":"2026-05-01T13:27:14+00:00","twitter_card":"summary_large_image","twitter_misc":{"Estimeret l\u00e6setid":"1 minut"},"schema":{"@context":"https:\/\/schema.org","@graph":[{"@type":"WebPage","@id":"https:\/\/noams.dk\/?product=peters-landlov-dvd","url":"https:\/\/noams.dk\/?product=peters-landlov-dvd","name":"Peters Landlov (DVD) - Noams.dk","isPartOf":{"@id":"https:\/\/noams.dk\/#website"},"datePublished":"2026-04-03T12:37:33+00:00","dateModified":"2026-05-01T13:27:14+00:00","breadcrumb":{"@id":"https:\/\/noams.dk\/?product=peters-landlov-dvd#breadcrumb"},"inLanguage":"da-DK","potentialAction":[{"@type":"ReadAction","target":["https:\/\/noams.dk\/?product=peters-landlov-dvd"]}]},{"@type":"BreadcrumbList","@id":"https:\/\/noams.dk\/?product=peters-landlov-dvd#breadcrumb","itemListElement":[{"@type":"ListItem","position":1,"name":"Hjem","item":"https:\/\/noams.dk\/"},{"@type":"ListItem","position":2,"name":"Shop","item":"https:\/\/noams.dk\/?page_id=8"},{"@type":"ListItem","position":3,"name":"Peters Landlov (DVD)"}]},{"@type":"WebSite","@id":"https:\/\/noams.dk\/#website","url":"https:\/\/noams.dk\/","name":"Noam.dk","description":"Din butik for vinyl, cd&#039;er og film.","publisher":{"@id":"https:\/\/noams.dk\/#organization"},"potentialAction":[{"@type":"SearchAction","target":{"@type":"EntryPoint","urlTemplate":"https:\/\/noams.dk\/?s={search_term_string}"},"query-input":{"@type":"PropertyValueSpecification","valueRequired":true,"valueName":"search_term_string"}}],"inLanguage":"da-DK"},{"@type":"Organization","@id":"https:\/\/noams.dk\/#organization","name":"Noam.dk","url":"https:\/\/noams.dk\/","logo":{"@type":"ImageObject","inLanguage":"da-DK","@id":"https:\/\/noams.dk\/#\/schema\/logo\/image\/","url":"https:\/\/noams.dk\/wp-content\/uploads\/2026\/04\/noams-n-logo.jpg","contentUrl":"https:\/\/noams.dk\/wp-content\/uploads\/2026\/04\/noams-n-logo.jpg","width":119,"height":108,"caption":"Noam.dk"},"image":{"@id":"https:\/\/noams.dk\/#\/schema\/logo\/image\/"},"sameAs":["https:\/\/www.facebook.com\/noamsdk"]}]}},"jetpack_sharing_enabled":true,"_links":{"self":[{"href":"https:\/\/noams.dk\/index.php?rest_route=\/wp\/v2\/product\/1382","targetHints":{"allow":["GET"]}}],"collection":[{"href":"https:\/\/noams.dk\/index.php?rest_route=\/wp\/v2\/product"}],"about":[{"href":"https:\/\/noams.dk\/index.php?rest_route=\/wp\/v2\/types\/product"}],"wp:attachment":[{"href":"https:\/\/noams.dk\/index.php?rest_route=%2Fwp%2Fv2%2Fmedia&parent=1382"}],"wp:term":[{"taxonomy":"product_brand","embeddable":true,"href":"https:\/\/noams.dk\/index.php?rest_route=%2Fwp%2Fv2%2Fproduct_brand&post=1382"},{"taxonomy":"product_cat","embeddable":true,"href":"https:\/\/noams.dk\/index.php?rest_route=%2Fwp%2Fv2%2Fproduct_cat&post=1382"},{"taxonomy":"product_tag","embeddable":true,"href":"https:\/\/noams.dk\/index.php?rest_route=%2Fwp%2Fv2%2Fproduct_tag&post=1382"}],"curies":[{"name":"wp","href":"https:\/\/api.w.org\/{rel}","templated":true}]}}