{"id":1392,"date":"2026-04-03T13:37:34","date_gmt":"2026-04-03T12:37:34","guid":{"rendered":"https:\/\/noams.dk\/?product=mariannes-bryllup-dvd"},"modified":"2026-05-01T15:27:02","modified_gmt":"2026-05-01T13:27:02","slug":"mariannes-bryllup-dvd","status":"publish","type":"product","link":"https:\/\/noams.dk\/?product=mariannes-bryllup-dvd","title":{"rendered":"Mariannes Bryllup (DVD)"},"content":{"rendered":"<p><strong>Beskrivelse<\/strong><br \/>\nJ\u00f8rgen von Hejden (Henning Moritzen) er fornem af f\u00f8dsel, men han er fattig og ikke helt fin i karakteren &#8211; i begyndelsen. Han elsker at spille &#8211; b\u00e5de hasard og piano. Han spiller hasard, da han gifter sig med Marianne, Birgitte Bruun (Price), han tager hende nemli\u2019 for pengenes skyld. Men Marianne er ikke alene rig, hun er ogs\u00e5 yndig, excentrisk og har ben i n\u00e6sen. Benet har hun arvet efter sin far, skibsrederen (Asbj\u00f8rn Andersen), det excentriske har hun efter sin mor, Clothilde (Berthe Quistgaard). Nu er J\u00f8rgen og Marianne alts\u00e5 blevet gift, og de tager afsted til en idyllisk kro i Nordsj\u00e6lland, der ejes af den smukke enke, Kirsten Hald (Astrid Villaume), for at fejre bryllupsnat d\u00e9r. Men kroen har andre g\u00e6ster.<br \/>\nEn godsejer, en hofj\u00e6germester og en direkt\u00f8r, og &#8211; ikke at forglemme &#8211; en meget flot sorth\u00e5ret overtjener (William Rosenberg).<br \/>\n&#8211; Og nu g\u00e5r der helt kuk i romantik, parforhold og bryllupsnat. Filmen er drejet efter de dengang popul\u00e6re engelske og amerikanske &#8220;crazy comedies&#8221;, og har en herlig undertitel: H\u00e6vnen er bitter. Pressen kaldte den en &#8220;s\u00f8d k\u00e6rligheds-kispus&#8221; og publikum var begejstrede.<\/p>\n<p><strong>Format: DVD<\/strong><br \/>\n<strong>Sprog: Dansk &#8211; Mono 1.0<\/strong><br \/>\n<strong>Undertekster: Tekstet for h\u00f8reh\u00e6mmede<\/strong><br \/>\n<strong>Spilletid: 90 min<\/strong><br \/>\n<strong>Genre: Lystspil<\/strong><br \/>\n<strong>Produktions\u00e5r: 1958<\/strong><br \/>\n<strong>Varenr: 5708758689083<\/strong><\/p>\n","protected":false},"excerpt":{"rendered":"<p>Beskrivelse:<br \/>\nJ\u00f8rgen von Hejden (Henning Moritzen) er fornem af f\u00f8dsel, men han er fattig og ikke helt fin i karakteren &#8211; i begyndelsen. Han elsker at spille &#8211; b\u00e5de hasard og piano. Han spiller hasard<\/p>\n","protected":false},"featured_media":0,"template":"","meta":{"_themeisle_gutenberg_block_has_review":false},"product_brand":[],"product_cat":[47,771],"product_tag":[],"class_list":{"0":"post-1392","1":"product","2":"type-product","3":"status-publish","5":"product_cat-film","6":"product_cat-gamle-danske-film","8":"first","9":"instock","10":"sold-individually","11":"taxable","12":"shipping-taxable","13":"purchasable","14":"product-type-simple"},"supplier_id":null,"supplier_sku":"","barcode":null,"atum_controlled":true,"out_stock_date":null,"out_stock_threshold":null,"inheritable":false,"inbound_stock":null,"stock_on_hold":null,"sold_today":null,"sales_last_days":null,"reserved_stock":null,"customer_returns":null,"warehouse_damage":null,"lost_in_post":null,"other_logs":null,"out_stock_days":null,"lost_sales":null,"has_location":false,"update_date":"2026-05-01T13:27:04","atum_locations":[],"atum_stock_status":"instock","restock_status":false,"low_stock_amount":"","sales_update_date":null,"calc_backorders":null,"yoast_head":"<!-- This site is optimized with the Yoast SEO plugin v27.5 - https:\/\/yoast.com\/product\/yoast-seo-wordpress\/ -->\n<title>Mariannes Bryllup (DVD) - Noams.dk<\/title>\n<meta name=\"robots\" content=\"index, follow, max-snippet:-1, max-image-preview:large, max-video-preview:-1\" \/>\n<link rel=\"canonical\" href=\"https:\/\/noams.dk\/?product=mariannes-bryllup-dvd\" \/>\n<meta property=\"og:locale\" content=\"da_DK\" \/>\n<meta property=\"og:type\" content=\"article\" \/>\n<meta property=\"og:title\" content=\"Mariannes Bryllup (DVD) - Noams.dk\" \/>\n<meta property=\"og:description\" content=\"Beskrivelse: J\u00f8rgen von Hejden (Henning Moritzen) er fornem af f\u00f8dsel, men han er fattig og ikke helt fin i karakteren - i begyndelsen. Han elsker at spille - b\u00e5de hasard og piano. Han spiller hasard\" \/>\n<meta property=\"og:url\" content=\"https:\/\/noams.dk\/?product=mariannes-bryllup-dvd\" \/>\n<meta property=\"og:site_name\" content=\"Noams.dk\" \/>\n<meta property=\"article:publisher\" content=\"https:\/\/www.facebook.com\/noamsdk\" \/>\n<meta property=\"article:modified_time\" content=\"2026-05-01T13:27:02+00:00\" \/>\n<meta name=\"twitter:card\" content=\"summary_large_image\" \/>\n<meta name=\"twitter:label1\" content=\"Estimeret l\u00e6setid\" \/>\n\t<meta name=\"twitter:data1\" content=\"2 minutter\" \/>\n<script type=\"application\/ld+json\" class=\"yoast-schema-graph\">{\"@context\":\"https:\\\/\\\/schema.org\",\"@graph\":[{\"@type\":\"WebPage\",\"@id\":\"https:\\\/\\\/noams.dk\\\/?product=mariannes-bryllup-dvd\",\"url\":\"https:\\\/\\\/noams.dk\\\/?product=mariannes-bryllup-dvd\",\"name\":\"Mariannes Bryllup (DVD) - Noams.dk\",\"isPartOf\":{\"@id\":\"https:\\\/\\\/noams.dk\\\/#website\"},\"datePublished\":\"2026-04-03T12:37:34+00:00\",\"dateModified\":\"2026-05-01T13:27:02+00:00\",\"breadcrumb\":{\"@id\":\"https:\\\/\\\/noams.dk\\\/?product=mariannes-bryllup-dvd#breadcrumb\"},\"inLanguage\":\"da-DK\",\"potentialAction\":[{\"@type\":\"ReadAction\",\"target\":[\"https:\\\/\\\/noams.dk\\\/?product=mariannes-bryllup-dvd\"]}]},{\"@type\":\"BreadcrumbList\",\"@id\":\"https:\\\/\\\/noams.dk\\\/?product=mariannes-bryllup-dvd#breadcrumb\",\"itemListElement\":[{\"@type\":\"ListItem\",\"position\":1,\"name\":\"Hjem\",\"item\":\"https:\\\/\\\/noams.dk\\\/\"},{\"@type\":\"ListItem\",\"position\":2,\"name\":\"Shop\",\"item\":\"https:\\\/\\\/noams.dk\\\/?page_id=8\"},{\"@type\":\"ListItem\",\"position\":3,\"name\":\"Mariannes Bryllup (DVD)\"}]},{\"@type\":\"WebSite\",\"@id\":\"https:\\\/\\\/noams.dk\\\/#website\",\"url\":\"https:\\\/\\\/noams.dk\\\/\",\"name\":\"Noam.dk\",\"description\":\"Din butik for vinyl, cd&#039;er og film.\",\"publisher\":{\"@id\":\"https:\\\/\\\/noams.dk\\\/#organization\"},\"potentialAction\":[{\"@type\":\"SearchAction\",\"target\":{\"@type\":\"EntryPoint\",\"urlTemplate\":\"https:\\\/\\\/noams.dk\\\/?s={search_term_string}\"},\"query-input\":{\"@type\":\"PropertyValueSpecification\",\"valueRequired\":true,\"valueName\":\"search_term_string\"}}],\"inLanguage\":\"da-DK\"},{\"@type\":\"Organization\",\"@id\":\"https:\\\/\\\/noams.dk\\\/#organization\",\"name\":\"Noam.dk\",\"url\":\"https:\\\/\\\/noams.dk\\\/\",\"logo\":{\"@type\":\"ImageObject\",\"inLanguage\":\"da-DK\",\"@id\":\"https:\\\/\\\/noams.dk\\\/#\\\/schema\\\/logo\\\/image\\\/\",\"url\":\"https:\\\/\\\/noams.dk\\\/wp-content\\\/uploads\\\/2026\\\/04\\\/noams-n-logo.jpg\",\"contentUrl\":\"https:\\\/\\\/noams.dk\\\/wp-content\\\/uploads\\\/2026\\\/04\\\/noams-n-logo.jpg\",\"width\":119,\"height\":108,\"caption\":\"Noam.dk\"},\"image\":{\"@id\":\"https:\\\/\\\/noams.dk\\\/#\\\/schema\\\/logo\\\/image\\\/\"},\"sameAs\":[\"https:\\\/\\\/www.facebook.com\\\/noamsdk\"]}]}<\/script>\n<!-- \/ Yoast SEO plugin. -->","yoast_head_json":{"title":"Mariannes Bryllup (DVD) - Noams.dk","robots":{"index":"index","follow":"follow","max-snippet":"max-snippet:-1","max-image-preview":"max-image-preview:large","max-video-preview":"max-video-preview:-1"},"canonical":"https:\/\/noams.dk\/?product=mariannes-bryllup-dvd","og_locale":"da_DK","og_type":"article","og_title":"Mariannes Bryllup (DVD) - Noams.dk","og_description":"Beskrivelse: J\u00f8rgen von Hejden (Henning Moritzen) er fornem af f\u00f8dsel, men han er fattig og ikke helt fin i karakteren - i begyndelsen. Han elsker at spille - b\u00e5de hasard og piano. Han spiller hasard","og_url":"https:\/\/noams.dk\/?product=mariannes-bryllup-dvd","og_site_name":"Noams.dk","article_publisher":"https:\/\/www.facebook.com\/noamsdk","article_modified_time":"2026-05-01T13:27:02+00:00","twitter_card":"summary_large_image","twitter_misc":{"Estimeret l\u00e6setid":"2 minutter"},"schema":{"@context":"https:\/\/schema.org","@graph":[{"@type":"WebPage","@id":"https:\/\/noams.dk\/?product=mariannes-bryllup-dvd","url":"https:\/\/noams.dk\/?product=mariannes-bryllup-dvd","name":"Mariannes Bryllup (DVD) - Noams.dk","isPartOf":{"@id":"https:\/\/noams.dk\/#website"},"datePublished":"2026-04-03T12:37:34+00:00","dateModified":"2026-05-01T13:27:02+00:00","breadcrumb":{"@id":"https:\/\/noams.dk\/?product=mariannes-bryllup-dvd#breadcrumb"},"inLanguage":"da-DK","potentialAction":[{"@type":"ReadAction","target":["https:\/\/noams.dk\/?product=mariannes-bryllup-dvd"]}]},{"@type":"BreadcrumbList","@id":"https:\/\/noams.dk\/?product=mariannes-bryllup-dvd#breadcrumb","itemListElement":[{"@type":"ListItem","position":1,"name":"Hjem","item":"https:\/\/noams.dk\/"},{"@type":"ListItem","position":2,"name":"Shop","item":"https:\/\/noams.dk\/?page_id=8"},{"@type":"ListItem","position":3,"name":"Mariannes Bryllup (DVD)"}]},{"@type":"WebSite","@id":"https:\/\/noams.dk\/#website","url":"https:\/\/noams.dk\/","name":"Noam.dk","description":"Din butik for vinyl, cd&#039;er og film.","publisher":{"@id":"https:\/\/noams.dk\/#organization"},"potentialAction":[{"@type":"SearchAction","target":{"@type":"EntryPoint","urlTemplate":"https:\/\/noams.dk\/?s={search_term_string}"},"query-input":{"@type":"PropertyValueSpecification","valueRequired":true,"valueName":"search_term_string"}}],"inLanguage":"da-DK"},{"@type":"Organization","@id":"https:\/\/noams.dk\/#organization","name":"Noam.dk","url":"https:\/\/noams.dk\/","logo":{"@type":"ImageObject","inLanguage":"da-DK","@id":"https:\/\/noams.dk\/#\/schema\/logo\/image\/","url":"https:\/\/noams.dk\/wp-content\/uploads\/2026\/04\/noams-n-logo.jpg","contentUrl":"https:\/\/noams.dk\/wp-content\/uploads\/2026\/04\/noams-n-logo.jpg","width":119,"height":108,"caption":"Noam.dk"},"image":{"@id":"https:\/\/noams.dk\/#\/schema\/logo\/image\/"},"sameAs":["https:\/\/www.facebook.com\/noamsdk"]}]}},"jetpack_sharing_enabled":true,"_links":{"self":[{"href":"https:\/\/noams.dk\/index.php?rest_route=\/wp\/v2\/product\/1392","targetHints":{"allow":["GET"]}}],"collection":[{"href":"https:\/\/noams.dk\/index.php?rest_route=\/wp\/v2\/product"}],"about":[{"href":"https:\/\/noams.dk\/index.php?rest_route=\/wp\/v2\/types\/product"}],"wp:attachment":[{"href":"https:\/\/noams.dk\/index.php?rest_route=%2Fwp%2Fv2%2Fmedia&parent=1392"}],"wp:term":[{"taxonomy":"product_brand","embeddable":true,"href":"https:\/\/noams.dk\/index.php?rest_route=%2Fwp%2Fv2%2Fproduct_brand&post=1392"},{"taxonomy":"product_cat","embeddable":true,"href":"https:\/\/noams.dk\/index.php?rest_route=%2Fwp%2Fv2%2Fproduct_cat&post=1392"},{"taxonomy":"product_tag","embeddable":true,"href":"https:\/\/noams.dk\/index.php?rest_route=%2Fwp%2Fv2%2Fproduct_tag&post=1392"}],"curies":[{"name":"wp","href":"https:\/\/api.w.org\/{rel}","templated":true}]}}