{"id":3448,"date":"2026-04-03T21:06:53","date_gmt":"2026-04-03T20:06:53","guid":{"rendered":"https:\/\/noams.dk\/?product=the-sandmen-himmelstormer-sort-vinyl-lp"},"modified":"2026-04-17T23:30:50","modified_gmt":"2026-04-17T22:30:50","slug":"the-sandmen-himmelstormer-sort-vinyl-lp","status":"publish","type":"product","link":"https:\/\/noams.dk\/?product=the-sandmen-himmelstormer-sort-vinyl-lp","title":{"rendered":"The Sandmen: Himmelstormer &#8211; Sort Vinyl (LP)"},"content":{"rendered":"<p>Et bl\u00e6ndende nyt album, som tager et k\u00e6mpe skridt videre ud ad den vej, som begyndte med udgivelsen af \u201cDen Bedste Dag\u201d i 2014. \u201dHimmelstormer\u201d er The Sandmens 9. studiealbum og indeholder 11 sange skrevet og indspillet gennem de seneste tre \u00e5r. Bandets kontinuerlige afs\u00f8gning af mulighederne for nye veje i musikken resulterer p\u00e5 dette album i et komplet og mangesidet udtryk, som b\u00e6rer pr\u00e6g af inspiration hentet i b\u00e5de kraut-, st\u00f8j- og garagerock. P\u00e5 fornyet vis k\u00f8rer The Sandmen solidt og smukt videre ad den intense og n\u00e6rv\u00e6rende vej, som har b\u00e5ret bandet gennem alle \u00e5rene. Sangene er denne gang, til forskel fra tidligere albums, komponeret og udarbejdet direkte i studiet. Processen er stadig den, for The Sandmen , velkendte kollektive, hvor ideer, melodistykker, beats, eksperimenter med lydflader og jam sessions processeres gennem The Sandmen -maskinen. Udover de tre Sandmen : Allan Vegenfeldt, vokal og keyboards, Stefan Moulvad, guitar og Michael Illo Rasmussen, trommer, er bandets to faste samarbejdspartnere, Jens Hein, bas og keyboards og Jarno Varsted, guitar og mundharpe, medkomponister p\u00e5 en r\u00e6kke af sangene. Micke Herrstr\u00f6m (Western Blood og WTRF) har, sammen med bandet, produceret.<\/p>\n<p><strong>Trackliste<\/strong><br \/>\n<strong>Side A<\/strong><br \/>\n1 Himmelstormer 5:56<br \/>\n2 Lys Og K\u00e6rlighed 2:38<br \/>\n3 Fra Over Skyerne 3:49<br \/>\n4 Metalldr\u00f8mme 3:26<br \/>\n5 K\u00e6rligheden Flyder 4:22<br \/>\n<strong>Side B<\/strong><br \/>\n1 P\u00e5 Gaden 3:29<br \/>\n2 Jeg Er Fri Nu 3:25<br \/>\n3 Fuldm\u00e5ne 3:57<br \/>\n4 Red Dig Selv 3:23<br \/>\n5 Rundt Om Solen 3:41<br \/>\n6 Blodig Vind 3:42<\/p>\n<p><strong>Format: Sort Vinyl<\/strong><br \/>\n<strong> Udgivelsesdato: 11-10-2019<\/strong><br \/>\n<strong> Genre: Rock <\/strong><br \/>\n<strong>Label:\u00a0500% Records <\/strong><br \/>\n<strong>Varenr: 5700002170712<\/strong><\/p>\n","protected":false},"excerpt":{"rendered":"<p>Et bl\u00e6ndende nyt album, som tager et k\u00e6mpe skridt videre ud ad den vej, som begyndte med udgivelsen af \u201cDen Bedste Dag\u201d i 2014. \u201dHimmelstormer\u201d er The Sandmens 9. studiealbum og indeholder 11 sange skrevet og indspillet gennem de seneste tre \u00e5r. Bandets kontinuerlige afs\u00f8gning af mulighederne for nye veje i musikken resulterer p\u00e5 dette [&#8230;]\n","protected":false},"featured_media":0,"template":"","meta":{"_themeisle_gutenberg_block_has_review":false},"product_brand":[],"product_cat":[195,33],"product_tag":[],"class_list":{"0":"post-3448","1":"product","2":"type-product","3":"status-publish","5":"product_cat-vinyl-dansk","6":"product_cat-vinyl","8":"first","9":"instock","10":"sold-individually","11":"taxable","12":"shipping-taxable","13":"purchasable","14":"product-type-simple"},"supplier_id":null,"supplier_sku":"","barcode":null,"atum_controlled":true,"out_stock_date":null,"out_stock_threshold":null,"inheritable":false,"inbound_stock":null,"stock_on_hold":null,"sold_today":null,"sales_last_days":null,"reserved_stock":null,"customer_returns":null,"warehouse_damage":null,"lost_in_post":null,"other_logs":null,"out_stock_days":null,"lost_sales":null,"has_location":false,"update_date":"2026-04-17T21:30:51","atum_locations":[],"atum_stock_status":"instock","restock_status":false,"low_stock_amount":"","sales_update_date":null,"calc_backorders":null,"yoast_head":"<!-- This site is optimized with the Yoast SEO plugin v27.4 - https:\/\/yoast.com\/product\/yoast-seo-wordpress\/ -->\n<title>The Sandmen: Himmelstormer - Sort Vinyl (LP) - Noams.dk<\/title>\n<meta name=\"robots\" content=\"index, follow, max-snippet:-1, max-image-preview:large, max-video-preview:-1\" \/>\n<link rel=\"canonical\" href=\"https:\/\/noams.dk\/?product=the-sandmen-himmelstormer-sort-vinyl-lp\" \/>\n<meta property=\"og:locale\" content=\"da_DK\" \/>\n<meta property=\"og:type\" content=\"article\" \/>\n<meta property=\"og:title\" content=\"The Sandmen: Himmelstormer - Sort Vinyl (LP) - Noams.dk\" \/>\n<meta property=\"og:description\" content=\"Et bl\u00e6ndende nyt album, som tager et k\u00e6mpe skridt videre ud ad den vej, som begyndte med udgivelsen af \u201cDen Bedste Dag\u201d i 2014. \u201dHimmelstormer\u201d er The Sandmens 9. studiealbum og indeholder 11 sange skrevet og indspillet gennem de seneste tre \u00e5r. Bandets kontinuerlige afs\u00f8gning af mulighederne for nye veje i musikken resulterer p\u00e5 dette [...]\" \/>\n<meta property=\"og:url\" content=\"https:\/\/noams.dk\/?product=the-sandmen-himmelstormer-sort-vinyl-lp\" \/>\n<meta property=\"og:site_name\" content=\"Noams.dk\" \/>\n<meta property=\"article:publisher\" content=\"https:\/\/www.facebook.com\/noamsdk\" \/>\n<meta property=\"article:modified_time\" content=\"2026-04-17T22:30:50+00:00\" \/>\n<meta name=\"twitter:card\" content=\"summary_large_image\" \/>\n<meta name=\"twitter:label1\" content=\"Estimeret l\u00e6setid\" \/>\n\t<meta name=\"twitter:data1\" content=\"2 minutter\" \/>\n<script type=\"application\/ld+json\" class=\"yoast-schema-graph\">{\"@context\":\"https:\\\/\\\/schema.org\",\"@graph\":[{\"@type\":\"WebPage\",\"@id\":\"https:\\\/\\\/noams.dk\\\/?product=the-sandmen-himmelstormer-sort-vinyl-lp\",\"url\":\"https:\\\/\\\/noams.dk\\\/?product=the-sandmen-himmelstormer-sort-vinyl-lp\",\"name\":\"The Sandmen: Himmelstormer - Sort Vinyl (LP) - Noams.dk\",\"isPartOf\":{\"@id\":\"https:\\\/\\\/noams.dk\\\/#website\"},\"datePublished\":\"2026-04-03T20:06:53+00:00\",\"dateModified\":\"2026-04-17T22:30:50+00:00\",\"breadcrumb\":{\"@id\":\"https:\\\/\\\/noams.dk\\\/?product=the-sandmen-himmelstormer-sort-vinyl-lp#breadcrumb\"},\"inLanguage\":\"da-DK\",\"potentialAction\":[{\"@type\":\"ReadAction\",\"target\":[\"https:\\\/\\\/noams.dk\\\/?product=the-sandmen-himmelstormer-sort-vinyl-lp\"]}]},{\"@type\":\"BreadcrumbList\",\"@id\":\"https:\\\/\\\/noams.dk\\\/?product=the-sandmen-himmelstormer-sort-vinyl-lp#breadcrumb\",\"itemListElement\":[{\"@type\":\"ListItem\",\"position\":1,\"name\":\"Hjem\",\"item\":\"https:\\\/\\\/noams.dk\\\/\"},{\"@type\":\"ListItem\",\"position\":2,\"name\":\"Shop\",\"item\":\"https:\\\/\\\/noams.dk\\\/?page_id=8\"},{\"@type\":\"ListItem\",\"position\":3,\"name\":\"The Sandmen: Himmelstormer &#8211; Sort Vinyl (LP)\"}]},{\"@type\":\"WebSite\",\"@id\":\"https:\\\/\\\/noams.dk\\\/#website\",\"url\":\"https:\\\/\\\/noams.dk\\\/\",\"name\":\"Noam.dk\",\"description\":\"Din butik for vinyl, cd&#039;er og film.\",\"publisher\":{\"@id\":\"https:\\\/\\\/noams.dk\\\/#organization\"},\"potentialAction\":[{\"@type\":\"SearchAction\",\"target\":{\"@type\":\"EntryPoint\",\"urlTemplate\":\"https:\\\/\\\/noams.dk\\\/?s={search_term_string}\"},\"query-input\":{\"@type\":\"PropertyValueSpecification\",\"valueRequired\":true,\"valueName\":\"search_term_string\"}}],\"inLanguage\":\"da-DK\"},{\"@type\":\"Organization\",\"@id\":\"https:\\\/\\\/noams.dk\\\/#organization\",\"name\":\"Noam.dk\",\"url\":\"https:\\\/\\\/noams.dk\\\/\",\"logo\":{\"@type\":\"ImageObject\",\"inLanguage\":\"da-DK\",\"@id\":\"https:\\\/\\\/noams.dk\\\/#\\\/schema\\\/logo\\\/image\\\/\",\"url\":\"https:\\\/\\\/noams.dk\\\/wp-content\\\/uploads\\\/2026\\\/04\\\/noams-n-logo.jpg\",\"contentUrl\":\"https:\\\/\\\/noams.dk\\\/wp-content\\\/uploads\\\/2026\\\/04\\\/noams-n-logo.jpg\",\"width\":119,\"height\":108,\"caption\":\"Noam.dk\"},\"image\":{\"@id\":\"https:\\\/\\\/noams.dk\\\/#\\\/schema\\\/logo\\\/image\\\/\"},\"sameAs\":[\"https:\\\/\\\/www.facebook.com\\\/noamsdk\"]}]}<\/script>\n<!-- \/ Yoast SEO plugin. -->","yoast_head_json":{"title":"The Sandmen: Himmelstormer - Sort Vinyl (LP) - Noams.dk","robots":{"index":"index","follow":"follow","max-snippet":"max-snippet:-1","max-image-preview":"max-image-preview:large","max-video-preview":"max-video-preview:-1"},"canonical":"https:\/\/noams.dk\/?product=the-sandmen-himmelstormer-sort-vinyl-lp","og_locale":"da_DK","og_type":"article","og_title":"The Sandmen: Himmelstormer - Sort Vinyl (LP) - Noams.dk","og_description":"Et bl\u00e6ndende nyt album, som tager et k\u00e6mpe skridt videre ud ad den vej, som begyndte med udgivelsen af \u201cDen Bedste Dag\u201d i 2014. \u201dHimmelstormer\u201d er The Sandmens 9. studiealbum og indeholder 11 sange skrevet og indspillet gennem de seneste tre \u00e5r. Bandets kontinuerlige afs\u00f8gning af mulighederne for nye veje i musikken resulterer p\u00e5 dette [...]","og_url":"https:\/\/noams.dk\/?product=the-sandmen-himmelstormer-sort-vinyl-lp","og_site_name":"Noams.dk","article_publisher":"https:\/\/www.facebook.com\/noamsdk","article_modified_time":"2026-04-17T22:30:50+00:00","twitter_card":"summary_large_image","twitter_misc":{"Estimeret l\u00e6setid":"2 minutter"},"schema":{"@context":"https:\/\/schema.org","@graph":[{"@type":"WebPage","@id":"https:\/\/noams.dk\/?product=the-sandmen-himmelstormer-sort-vinyl-lp","url":"https:\/\/noams.dk\/?product=the-sandmen-himmelstormer-sort-vinyl-lp","name":"The Sandmen: Himmelstormer - Sort Vinyl (LP) - Noams.dk","isPartOf":{"@id":"https:\/\/noams.dk\/#website"},"datePublished":"2026-04-03T20:06:53+00:00","dateModified":"2026-04-17T22:30:50+00:00","breadcrumb":{"@id":"https:\/\/noams.dk\/?product=the-sandmen-himmelstormer-sort-vinyl-lp#breadcrumb"},"inLanguage":"da-DK","potentialAction":[{"@type":"ReadAction","target":["https:\/\/noams.dk\/?product=the-sandmen-himmelstormer-sort-vinyl-lp"]}]},{"@type":"BreadcrumbList","@id":"https:\/\/noams.dk\/?product=the-sandmen-himmelstormer-sort-vinyl-lp#breadcrumb","itemListElement":[{"@type":"ListItem","position":1,"name":"Hjem","item":"https:\/\/noams.dk\/"},{"@type":"ListItem","position":2,"name":"Shop","item":"https:\/\/noams.dk\/?page_id=8"},{"@type":"ListItem","position":3,"name":"The Sandmen: Himmelstormer &#8211; Sort Vinyl (LP)"}]},{"@type":"WebSite","@id":"https:\/\/noams.dk\/#website","url":"https:\/\/noams.dk\/","name":"Noam.dk","description":"Din butik for vinyl, cd&#039;er og film.","publisher":{"@id":"https:\/\/noams.dk\/#organization"},"potentialAction":[{"@type":"SearchAction","target":{"@type":"EntryPoint","urlTemplate":"https:\/\/noams.dk\/?s={search_term_string}"},"query-input":{"@type":"PropertyValueSpecification","valueRequired":true,"valueName":"search_term_string"}}],"inLanguage":"da-DK"},{"@type":"Organization","@id":"https:\/\/noams.dk\/#organization","name":"Noam.dk","url":"https:\/\/noams.dk\/","logo":{"@type":"ImageObject","inLanguage":"da-DK","@id":"https:\/\/noams.dk\/#\/schema\/logo\/image\/","url":"https:\/\/noams.dk\/wp-content\/uploads\/2026\/04\/noams-n-logo.jpg","contentUrl":"https:\/\/noams.dk\/wp-content\/uploads\/2026\/04\/noams-n-logo.jpg","width":119,"height":108,"caption":"Noam.dk"},"image":{"@id":"https:\/\/noams.dk\/#\/schema\/logo\/image\/"},"sameAs":["https:\/\/www.facebook.com\/noamsdk"]}]}},"jetpack_sharing_enabled":true,"_links":{"self":[{"href":"https:\/\/noams.dk\/index.php?rest_route=\/wp\/v2\/product\/3448","targetHints":{"allow":["GET"]}}],"collection":[{"href":"https:\/\/noams.dk\/index.php?rest_route=\/wp\/v2\/product"}],"about":[{"href":"https:\/\/noams.dk\/index.php?rest_route=\/wp\/v2\/types\/product"}],"wp:attachment":[{"href":"https:\/\/noams.dk\/index.php?rest_route=%2Fwp%2Fv2%2Fmedia&parent=3448"}],"wp:term":[{"taxonomy":"product_brand","embeddable":true,"href":"https:\/\/noams.dk\/index.php?rest_route=%2Fwp%2Fv2%2Fproduct_brand&post=3448"},{"taxonomy":"product_cat","embeddable":true,"href":"https:\/\/noams.dk\/index.php?rest_route=%2Fwp%2Fv2%2Fproduct_cat&post=3448"},{"taxonomy":"product_tag","embeddable":true,"href":"https:\/\/noams.dk\/index.php?rest_route=%2Fwp%2Fv2%2Fproduct_tag&post=3448"}],"curies":[{"name":"wp","href":"https:\/\/api.w.org\/{rel}","templated":true}]}}