{"id":4338,"date":"2026-04-03T21:09:12","date_gmt":"2026-04-03T20:09:12","guid":{"rendered":"https:\/\/noams.dk\/?product=koppel-colley-blade-perspective-lp"},"modified":"2026-04-22T23:18:33","modified_gmt":"2026-04-22T21:18:33","slug":"koppel-colley-blade-perspective-lp","status":"publish","type":"product","link":"https:\/\/noams.dk\/?product=koppel-colley-blade-perspective-lp","title":{"rendered":"Koppel, Colley, Blade: Perspective (LP)"},"content":{"rendered":"<p>Saxofonisten Benjamin Koppels karriere har taget en v\u00e6sentlig drejning efter, at han for et \u00e5r siden debuterede som sk\u00f8nlitter\u00e6r forfatter med Annas Sang. Det har siden medf\u00f8rt bogkoncerter, filmkontrakt og ikke mindst et bogsalg som hans plader aldrig nogensinde har v\u00e6ret i n\u00e6rheden af. Jazzen er dog ikke forladt af den grund. I stedet understreger han tydeligt at han er jazzsaxofonist med stort J med det nye album Perspective. Han er endnu en gang sammen med de amerikanske stjerner Scott Colley p\u00e5 bas og Brian Blade p\u00e5 trommer, ligesom han var p\u00e5 Collective fra 2015 og p\u00e5 2022-albummet Mulberry Street Symphony, hvor de sammen med Odense Symfoniorkester spillede musik af Benjamins far, Anders Koppel.<br \/>\nP\u00e5 Perspective har Benjamin Koppel skrevet 5 af numrene og Colley har skrevet tre. Det er intens og effektiv jazz, hvor de tre musikere sidder helt fremme p\u00e5 kanten af stolen og leverer magisk sammenspil. Benjamin Koppels altsax, der st\u00e5r skarpere og finere end nogensinde, f\u00e5r afsindig god backing af Colley og Blade. Det er en af den slags jazzplader der stille og sikkert sniger sig ind p\u00e5 dig. H\u00f8r den urolige ballade Imaginary Canvas eller den stramme album-\u00e5bner Alphabet Thief et par gange, og du opdager at der sker mere end du umiddelbart h\u00f8rer.<\/p>\n<p><strong>Format: Vinyl &#8211; Gatefold <\/strong><br \/>\n<strong>Udgivelsesdato: 08-09-2023 <\/strong><br \/>\n<strong>Genre: Jazz <\/strong><br \/>\n<strong>Label: Turn It Over Records <\/strong><br \/>\n<strong>Varenr:\u00a05706274012019<\/strong><\/p>\n","protected":false},"excerpt":{"rendered":"<p>Saxofonisten Benjamin Koppels karriere har taget en v\u00e6sentlig drejning efter, at han for et \u00e5r siden debuterede som sk\u00f8nlitter\u00e6r forfatter med Annas Sang. Det har siden medf\u00f8rt bogkoncerter, filmkontrakt og ikke mindst et bogsalg som hans plader aldrig nogensinde har v\u00e6ret i n\u00e6rheden af. Jazzen er dog ikke forladt af den grund. I stedet understreger [&#8230;]\n","protected":false},"featured_media":26111,"template":"","meta":{"_themeisle_gutenberg_block_has_review":false},"product_brand":[],"product_cat":[195,198,131,33],"product_tag":[],"class_list":{"0":"post-4338","1":"product","2":"type-product","3":"status-publish","4":"has-post-thumbnail","6":"product_cat-vinyl-dansk","7":"product_cat-vinyl-jazz-blues","8":"product_cat-tilbud","9":"product_cat-vinyl","11":"first","12":"instock","13":"sale","14":"sold-individually","15":"taxable","16":"shipping-taxable","17":"purchasable","18":"product-type-simple"},"supplier_id":null,"supplier_sku":"","barcode":null,"atum_controlled":true,"out_stock_date":null,"out_stock_threshold":null,"inheritable":false,"inbound_stock":null,"stock_on_hold":null,"sold_today":null,"sales_last_days":null,"reserved_stock":null,"customer_returns":null,"warehouse_damage":null,"lost_in_post":null,"other_logs":null,"out_stock_days":null,"lost_sales":null,"has_location":false,"update_date":"2026-04-22T21:18:34","atum_locations":[],"atum_stock_status":"instock","restock_status":false,"low_stock_amount":"","sales_update_date":null,"calc_backorders":null,"yoast_head":"<!-- This site is optimized with the Yoast SEO plugin v27.5 - https:\/\/yoast.com\/product\/yoast-seo-wordpress\/ -->\n<title>Koppel, Colley, Blade: Perspective (LP) - Noams.dk<\/title>\n<meta name=\"robots\" content=\"index, follow, max-snippet:-1, max-image-preview:large, max-video-preview:-1\" \/>\n<link rel=\"canonical\" href=\"https:\/\/noams.dk\/?product=koppel-colley-blade-perspective-lp\" \/>\n<meta property=\"og:locale\" content=\"da_DK\" \/>\n<meta property=\"og:type\" content=\"article\" \/>\n<meta property=\"og:title\" content=\"Koppel, Colley, Blade: Perspective (LP) - Noams.dk\" \/>\n<meta property=\"og:description\" content=\"Saxofonisten Benjamin Koppels karriere har taget en v\u00e6sentlig drejning efter, at han for et \u00e5r siden debuterede som sk\u00f8nlitter\u00e6r forfatter med Annas Sang. Det har siden medf\u00f8rt bogkoncerter, filmkontrakt og ikke mindst et bogsalg som hans plader aldrig nogensinde har v\u00e6ret i n\u00e6rheden af. Jazzen er dog ikke forladt af den grund. I stedet understreger [...]\" \/>\n<meta property=\"og:url\" content=\"https:\/\/noams.dk\/?product=koppel-colley-blade-perspective-lp\" \/>\n<meta property=\"og:site_name\" content=\"Noams.dk\" \/>\n<meta property=\"article:publisher\" content=\"https:\/\/www.facebook.com\/noamsdk\" \/>\n<meta property=\"article:modified_time\" content=\"2026-04-22T21:18:33+00:00\" \/>\n<meta property=\"og:image\" content=\"https:\/\/noams.dk\/wp-content\/uploads\/2026\/04\/Koppel-Colley-Blade-Perspective-LP.jpg\" \/>\n\t<meta property=\"og:image:width\" content=\"300\" \/>\n\t<meta property=\"og:image:height\" content=\"301\" \/>\n\t<meta property=\"og:image:type\" content=\"image\/jpeg\" \/>\n<meta name=\"twitter:card\" content=\"summary_large_image\" \/>\n<meta name=\"twitter:label1\" content=\"Estimeret l\u00e6setid\" \/>\n\t<meta name=\"twitter:data1\" content=\"2 minutter\" \/>\n<script type=\"application\/ld+json\" class=\"yoast-schema-graph\">{\"@context\":\"https:\\\/\\\/schema.org\",\"@graph\":[{\"@type\":\"WebPage\",\"@id\":\"https:\\\/\\\/noams.dk\\\/?product=koppel-colley-blade-perspective-lp\",\"url\":\"https:\\\/\\\/noams.dk\\\/?product=koppel-colley-blade-perspective-lp\",\"name\":\"Koppel, Colley, Blade: Perspective (LP) - Noams.dk\",\"isPartOf\":{\"@id\":\"https:\\\/\\\/noams.dk\\\/#website\"},\"primaryImageOfPage\":{\"@id\":\"https:\\\/\\\/noams.dk\\\/?product=koppel-colley-blade-perspective-lp#primaryimage\"},\"image\":{\"@id\":\"https:\\\/\\\/noams.dk\\\/?product=koppel-colley-blade-perspective-lp#primaryimage\"},\"thumbnailUrl\":\"https:\\\/\\\/noams.dk\\\/wp-content\\\/uploads\\\/2026\\\/04\\\/Koppel-Colley-Blade-Perspective-LP.jpg\",\"datePublished\":\"2026-04-03T20:09:12+00:00\",\"dateModified\":\"2026-04-22T21:18:33+00:00\",\"breadcrumb\":{\"@id\":\"https:\\\/\\\/noams.dk\\\/?product=koppel-colley-blade-perspective-lp#breadcrumb\"},\"inLanguage\":\"da-DK\",\"potentialAction\":[{\"@type\":\"ReadAction\",\"target\":[\"https:\\\/\\\/noams.dk\\\/?product=koppel-colley-blade-perspective-lp\"]}]},{\"@type\":\"ImageObject\",\"inLanguage\":\"da-DK\",\"@id\":\"https:\\\/\\\/noams.dk\\\/?product=koppel-colley-blade-perspective-lp#primaryimage\",\"url\":\"https:\\\/\\\/noams.dk\\\/wp-content\\\/uploads\\\/2026\\\/04\\\/Koppel-Colley-Blade-Perspective-LP.jpg\",\"contentUrl\":\"https:\\\/\\\/noams.dk\\\/wp-content\\\/uploads\\\/2026\\\/04\\\/Koppel-Colley-Blade-Perspective-LP.jpg\",\"width\":300,\"height\":301},{\"@type\":\"BreadcrumbList\",\"@id\":\"https:\\\/\\\/noams.dk\\\/?product=koppel-colley-blade-perspective-lp#breadcrumb\",\"itemListElement\":[{\"@type\":\"ListItem\",\"position\":1,\"name\":\"Hjem\",\"item\":\"https:\\\/\\\/noams.dk\\\/\"},{\"@type\":\"ListItem\",\"position\":2,\"name\":\"Shop\",\"item\":\"https:\\\/\\\/noams.dk\\\/?page_id=8\"},{\"@type\":\"ListItem\",\"position\":3,\"name\":\"Koppel, Colley, Blade: Perspective (LP)\"}]},{\"@type\":\"WebSite\",\"@id\":\"https:\\\/\\\/noams.dk\\\/#website\",\"url\":\"https:\\\/\\\/noams.dk\\\/\",\"name\":\"Noam.dk\",\"description\":\"Din butik for vinyl, cd&#039;er og film.\",\"publisher\":{\"@id\":\"https:\\\/\\\/noams.dk\\\/#organization\"},\"potentialAction\":[{\"@type\":\"SearchAction\",\"target\":{\"@type\":\"EntryPoint\",\"urlTemplate\":\"https:\\\/\\\/noams.dk\\\/?s={search_term_string}\"},\"query-input\":{\"@type\":\"PropertyValueSpecification\",\"valueRequired\":true,\"valueName\":\"search_term_string\"}}],\"inLanguage\":\"da-DK\"},{\"@type\":\"Organization\",\"@id\":\"https:\\\/\\\/noams.dk\\\/#organization\",\"name\":\"Noam.dk\",\"url\":\"https:\\\/\\\/noams.dk\\\/\",\"logo\":{\"@type\":\"ImageObject\",\"inLanguage\":\"da-DK\",\"@id\":\"https:\\\/\\\/noams.dk\\\/#\\\/schema\\\/logo\\\/image\\\/\",\"url\":\"https:\\\/\\\/noams.dk\\\/wp-content\\\/uploads\\\/2026\\\/04\\\/noams-n-logo.jpg\",\"contentUrl\":\"https:\\\/\\\/noams.dk\\\/wp-content\\\/uploads\\\/2026\\\/04\\\/noams-n-logo.jpg\",\"width\":119,\"height\":108,\"caption\":\"Noam.dk\"},\"image\":{\"@id\":\"https:\\\/\\\/noams.dk\\\/#\\\/schema\\\/logo\\\/image\\\/\"},\"sameAs\":[\"https:\\\/\\\/www.facebook.com\\\/noamsdk\"]}]}<\/script>\n<!-- \/ Yoast SEO plugin. -->","yoast_head_json":{"title":"Koppel, Colley, Blade: Perspective (LP) - Noams.dk","robots":{"index":"index","follow":"follow","max-snippet":"max-snippet:-1","max-image-preview":"max-image-preview:large","max-video-preview":"max-video-preview:-1"},"canonical":"https:\/\/noams.dk\/?product=koppel-colley-blade-perspective-lp","og_locale":"da_DK","og_type":"article","og_title":"Koppel, Colley, Blade: Perspective (LP) - Noams.dk","og_description":"Saxofonisten Benjamin Koppels karriere har taget en v\u00e6sentlig drejning efter, at han for et \u00e5r siden debuterede som sk\u00f8nlitter\u00e6r forfatter med Annas Sang. Det har siden medf\u00f8rt bogkoncerter, filmkontrakt og ikke mindst et bogsalg som hans plader aldrig nogensinde har v\u00e6ret i n\u00e6rheden af. Jazzen er dog ikke forladt af den grund. I stedet understreger [...]","og_url":"https:\/\/noams.dk\/?product=koppel-colley-blade-perspective-lp","og_site_name":"Noams.dk","article_publisher":"https:\/\/www.facebook.com\/noamsdk","article_modified_time":"2026-04-22T21:18:33+00:00","og_image":[{"width":300,"height":301,"url":"https:\/\/noams.dk\/wp-content\/uploads\/2026\/04\/Koppel-Colley-Blade-Perspective-LP.jpg","type":"image\/jpeg"}],"twitter_card":"summary_large_image","twitter_misc":{"Estimeret l\u00e6setid":"2 minutter"},"schema":{"@context":"https:\/\/schema.org","@graph":[{"@type":"WebPage","@id":"https:\/\/noams.dk\/?product=koppel-colley-blade-perspective-lp","url":"https:\/\/noams.dk\/?product=koppel-colley-blade-perspective-lp","name":"Koppel, Colley, Blade: Perspective (LP) - Noams.dk","isPartOf":{"@id":"https:\/\/noams.dk\/#website"},"primaryImageOfPage":{"@id":"https:\/\/noams.dk\/?product=koppel-colley-blade-perspective-lp#primaryimage"},"image":{"@id":"https:\/\/noams.dk\/?product=koppel-colley-blade-perspective-lp#primaryimage"},"thumbnailUrl":"https:\/\/noams.dk\/wp-content\/uploads\/2026\/04\/Koppel-Colley-Blade-Perspective-LP.jpg","datePublished":"2026-04-03T20:09:12+00:00","dateModified":"2026-04-22T21:18:33+00:00","breadcrumb":{"@id":"https:\/\/noams.dk\/?product=koppel-colley-blade-perspective-lp#breadcrumb"},"inLanguage":"da-DK","potentialAction":[{"@type":"ReadAction","target":["https:\/\/noams.dk\/?product=koppel-colley-blade-perspective-lp"]}]},{"@type":"ImageObject","inLanguage":"da-DK","@id":"https:\/\/noams.dk\/?product=koppel-colley-blade-perspective-lp#primaryimage","url":"https:\/\/noams.dk\/wp-content\/uploads\/2026\/04\/Koppel-Colley-Blade-Perspective-LP.jpg","contentUrl":"https:\/\/noams.dk\/wp-content\/uploads\/2026\/04\/Koppel-Colley-Blade-Perspective-LP.jpg","width":300,"height":301},{"@type":"BreadcrumbList","@id":"https:\/\/noams.dk\/?product=koppel-colley-blade-perspective-lp#breadcrumb","itemListElement":[{"@type":"ListItem","position":1,"name":"Hjem","item":"https:\/\/noams.dk\/"},{"@type":"ListItem","position":2,"name":"Shop","item":"https:\/\/noams.dk\/?page_id=8"},{"@type":"ListItem","position":3,"name":"Koppel, Colley, Blade: Perspective (LP)"}]},{"@type":"WebSite","@id":"https:\/\/noams.dk\/#website","url":"https:\/\/noams.dk\/","name":"Noam.dk","description":"Din butik for vinyl, cd&#039;er og film.","publisher":{"@id":"https:\/\/noams.dk\/#organization"},"potentialAction":[{"@type":"SearchAction","target":{"@type":"EntryPoint","urlTemplate":"https:\/\/noams.dk\/?s={search_term_string}"},"query-input":{"@type":"PropertyValueSpecification","valueRequired":true,"valueName":"search_term_string"}}],"inLanguage":"da-DK"},{"@type":"Organization","@id":"https:\/\/noams.dk\/#organization","name":"Noam.dk","url":"https:\/\/noams.dk\/","logo":{"@type":"ImageObject","inLanguage":"da-DK","@id":"https:\/\/noams.dk\/#\/schema\/logo\/image\/","url":"https:\/\/noams.dk\/wp-content\/uploads\/2026\/04\/noams-n-logo.jpg","contentUrl":"https:\/\/noams.dk\/wp-content\/uploads\/2026\/04\/noams-n-logo.jpg","width":119,"height":108,"caption":"Noam.dk"},"image":{"@id":"https:\/\/noams.dk\/#\/schema\/logo\/image\/"},"sameAs":["https:\/\/www.facebook.com\/noamsdk"]}]}},"jetpack_sharing_enabled":true,"_links":{"self":[{"href":"https:\/\/noams.dk\/index.php?rest_route=\/wp\/v2\/product\/4338","targetHints":{"allow":["GET"]}}],"collection":[{"href":"https:\/\/noams.dk\/index.php?rest_route=\/wp\/v2\/product"}],"about":[{"href":"https:\/\/noams.dk\/index.php?rest_route=\/wp\/v2\/types\/product"}],"wp:featuredmedia":[{"embeddable":true,"href":"https:\/\/noams.dk\/index.php?rest_route=\/wp\/v2\/media\/26111"}],"wp:attachment":[{"href":"https:\/\/noams.dk\/index.php?rest_route=%2Fwp%2Fv2%2Fmedia&parent=4338"}],"wp:term":[{"taxonomy":"product_brand","embeddable":true,"href":"https:\/\/noams.dk\/index.php?rest_route=%2Fwp%2Fv2%2Fproduct_brand&post=4338"},{"taxonomy":"product_cat","embeddable":true,"href":"https:\/\/noams.dk\/index.php?rest_route=%2Fwp%2Fv2%2Fproduct_cat&post=4338"},{"taxonomy":"product_tag","embeddable":true,"href":"https:\/\/noams.dk\/index.php?rest_route=%2Fwp%2Fv2%2Fproduct_tag&post=4338"}],"curies":[{"name":"wp","href":"https:\/\/api.w.org\/{rel}","templated":true}]}}