{"id":5347,"date":"2026-04-04T21:19:39","date_gmt":"2026-04-04T20:19:39","guid":{"rendered":"https:\/\/noams.dk\/?product=where-to-invade-next-blu-ray"},"modified":"2026-04-17T21:53:28","modified_gmt":"2026-04-17T20:53:28","slug":"where-to-invade-next-blu-ray","status":"publish","type":"product","link":"https:\/\/noams.dk\/?product=where-to-invade-next-blu-ray","title":{"rendered":"Where To Invade Next (Blu-ray)"},"content":{"rendered":"<p><strong>Beskrivelse<\/strong><br \/>\nDen Oscarvindende instrukt\u00f8r og provokat\u00f8r, Michael Moore, er tilbage og han har en mission! Moore, der er bev\u00e6bnet med f\u00e6drelandsk\u00e6rlighed og h\u00e5b for fremtiden, vil unders\u00f8ge, hvad USA kan l\u00e6re af andre lande og begynder at invadere udvalgte nationer for at \u2019stj\u00e6le\u2019 deres bedste ideer og bringe dem med hjem.<br \/>\nMed megasucceserne \u2019Bowling for Columbine\u2019 og \u2019Farenheit 9\/11\u2019 i bagagen er Moore klar med sin f\u00f8rste film i over 6 \u00e5r. Og med sin s\u00e6dvanlige lune og skarpe satire f\u00e5r Moore skabt en tankev\u00e6kkende og humoristisk film om forskelle i en globaliseret verden og jagten p\u00e5 den amerikanske dr\u00f8m.<br \/>\n<strong>Format: Blu-Ray <\/strong><br \/>\n<strong>Sprog: Engelsk <\/strong><br \/>\n<strong>Undertekster: Dansk, svensk, norsk, finsk <\/strong><br \/>\n<strong>Spilletid: 120 min <\/strong><br \/>\n<strong>Genre: Dokumentar <\/strong><br \/>\n<strong>Produktions\u00e5r: 2015 <\/strong><br \/>\n<strong>Varenr.: IM 5706168998344<\/strong><\/p>\n","protected":false},"excerpt":{"rendered":"<p>Beskrivelse Den Oscarvindende instrukt\u00f8r og provokat\u00f8r, Michael Moore, er tilbage og han har en mission! Moore, der er bev\u00e6bnet med f\u00e6drelandsk\u00e6rlighed og h\u00e5b for fremtiden, vil unders\u00f8ge, hvad USA kan l\u00e6re af andre lande og begynder at invadere udvalgte nationer for at \u2019stj\u00e6le\u2019 deres bedste ideer og bringe dem med hjem. Med megasucceserne \u2019Bowling for [&#8230;]\n","protected":false},"featured_media":0,"comment_status":"open","ping_status":"closed","template":"","meta":{"_themeisle_gutenberg_block_has_review":false},"product_brand":[],"product_cat":[55,52],"product_tag":[],"class_list":{"0":"post-5347","1":"product","2":"type-product","3":"status-publish","5":"product_cat-blu-ray","6":"product_cat-dokumentar","8":"first","9":"instock","10":"sold-individually","11":"taxable","12":"shipping-taxable","13":"purchasable","14":"product-type-simple"},"supplier_id":null,"supplier_sku":"","barcode":null,"atum_controlled":true,"out_stock_date":null,"out_stock_threshold":null,"inheritable":false,"inbound_stock":null,"stock_on_hold":null,"sold_today":null,"sales_last_days":null,"reserved_stock":null,"customer_returns":null,"warehouse_damage":null,"lost_in_post":null,"other_logs":null,"out_stock_days":null,"lost_sales":null,"has_location":false,"update_date":"2026-04-12T17:22:59","atum_locations":[],"atum_stock_status":"instock","restock_status":false,"low_stock_amount":"","sales_update_date":null,"calc_backorders":null,"yoast_head":"<!-- This site is optimized with the Yoast SEO plugin v27.3 - https:\/\/yoast.com\/product\/yoast-seo-wordpress\/ -->\n<title>Where To Invade Next (Blu-ray) - Noams.dk<\/title>\n<meta name=\"robots\" content=\"index, follow, max-snippet:-1, max-image-preview:large, max-video-preview:-1\" \/>\n<link rel=\"canonical\" href=\"https:\/\/noams.dk\/?product=where-to-invade-next-blu-ray\" \/>\n<meta property=\"og:locale\" content=\"da_DK\" \/>\n<meta property=\"og:type\" content=\"article\" \/>\n<meta property=\"og:title\" content=\"Where To Invade Next (Blu-ray) - Noams.dk\" \/>\n<meta property=\"og:description\" content=\"Beskrivelse Den Oscarvindende instrukt\u00f8r og provokat\u00f8r, Michael Moore, er tilbage og han har en mission! Moore, der er bev\u00e6bnet med f\u00e6drelandsk\u00e6rlighed og h\u00e5b for fremtiden, vil unders\u00f8ge, hvad USA kan l\u00e6re af andre lande og begynder at invadere udvalgte nationer for at \u2019stj\u00e6le\u2019 deres bedste ideer og bringe dem med hjem. Med megasucceserne \u2019Bowling for [...]\" \/>\n<meta property=\"og:url\" content=\"https:\/\/noams.dk\/?product=where-to-invade-next-blu-ray\" \/>\n<meta property=\"og:site_name\" content=\"Noams.dk\" \/>\n<meta property=\"article:publisher\" content=\"https:\/\/www.facebook.com\/noamsdk\" \/>\n<meta property=\"article:modified_time\" content=\"2026-04-17T20:53:28+00:00\" \/>\n<meta name=\"twitter:card\" content=\"summary_large_image\" \/>\n<meta name=\"twitter:label1\" content=\"Estimeret l\u00e6setid\" \/>\n\t<meta name=\"twitter:data1\" content=\"1 minut\" \/>\n<script type=\"application\/ld+json\" class=\"yoast-schema-graph\">{\"@context\":\"https:\\\/\\\/schema.org\",\"@graph\":[{\"@type\":\"WebPage\",\"@id\":\"https:\\\/\\\/noams.dk\\\/?product=where-to-invade-next-blu-ray\",\"url\":\"https:\\\/\\\/noams.dk\\\/?product=where-to-invade-next-blu-ray\",\"name\":\"Where To Invade Next (Blu-ray) - Noams.dk\",\"isPartOf\":{\"@id\":\"https:\\\/\\\/noams.dk\\\/#website\"},\"datePublished\":\"2026-04-04T20:19:39+00:00\",\"dateModified\":\"2026-04-17T20:53:28+00:00\",\"breadcrumb\":{\"@id\":\"https:\\\/\\\/noams.dk\\\/?product=where-to-invade-next-blu-ray#breadcrumb\"},\"inLanguage\":\"da-DK\",\"potentialAction\":[{\"@type\":\"ReadAction\",\"target\":[\"https:\\\/\\\/noams.dk\\\/?product=where-to-invade-next-blu-ray\"]}]},{\"@type\":\"BreadcrumbList\",\"@id\":\"https:\\\/\\\/noams.dk\\\/?product=where-to-invade-next-blu-ray#breadcrumb\",\"itemListElement\":[{\"@type\":\"ListItem\",\"position\":1,\"name\":\"Hjem\",\"item\":\"https:\\\/\\\/noams.dk\\\/\"},{\"@type\":\"ListItem\",\"position\":2,\"name\":\"Shop\",\"item\":\"https:\\\/\\\/noams.dk\\\/?page_id=8\"},{\"@type\":\"ListItem\",\"position\":3,\"name\":\"Where To Invade Next (Blu-ray)\"}]},{\"@type\":\"WebSite\",\"@id\":\"https:\\\/\\\/noams.dk\\\/#website\",\"url\":\"https:\\\/\\\/noams.dk\\\/\",\"name\":\"Noam.dk\",\"description\":\"Din butik for vinyl, cd&#039;er og film.\",\"publisher\":{\"@id\":\"https:\\\/\\\/noams.dk\\\/#organization\"},\"potentialAction\":[{\"@type\":\"SearchAction\",\"target\":{\"@type\":\"EntryPoint\",\"urlTemplate\":\"https:\\\/\\\/noams.dk\\\/?s={search_term_string}\"},\"query-input\":{\"@type\":\"PropertyValueSpecification\",\"valueRequired\":true,\"valueName\":\"search_term_string\"}}],\"inLanguage\":\"da-DK\"},{\"@type\":\"Organization\",\"@id\":\"https:\\\/\\\/noams.dk\\\/#organization\",\"name\":\"Noam.dk\",\"url\":\"https:\\\/\\\/noams.dk\\\/\",\"logo\":{\"@type\":\"ImageObject\",\"inLanguage\":\"da-DK\",\"@id\":\"https:\\\/\\\/noams.dk\\\/#\\\/schema\\\/logo\\\/image\\\/\",\"url\":\"https:\\\/\\\/noams.dk\\\/wp-content\\\/uploads\\\/2026\\\/04\\\/noams-n-logo.jpg\",\"contentUrl\":\"https:\\\/\\\/noams.dk\\\/wp-content\\\/uploads\\\/2026\\\/04\\\/noams-n-logo.jpg\",\"width\":119,\"height\":108,\"caption\":\"Noam.dk\"},\"image\":{\"@id\":\"https:\\\/\\\/noams.dk\\\/#\\\/schema\\\/logo\\\/image\\\/\"},\"sameAs\":[\"https:\\\/\\\/www.facebook.com\\\/noamsdk\"]}]}<\/script>\n<!-- \/ Yoast SEO plugin. -->","yoast_head_json":{"title":"Where To Invade Next (Blu-ray) - Noams.dk","robots":{"index":"index","follow":"follow","max-snippet":"max-snippet:-1","max-image-preview":"max-image-preview:large","max-video-preview":"max-video-preview:-1"},"canonical":"https:\/\/noams.dk\/?product=where-to-invade-next-blu-ray","og_locale":"da_DK","og_type":"article","og_title":"Where To Invade Next (Blu-ray) - Noams.dk","og_description":"Beskrivelse Den Oscarvindende instrukt\u00f8r og provokat\u00f8r, Michael Moore, er tilbage og han har en mission! Moore, der er bev\u00e6bnet med f\u00e6drelandsk\u00e6rlighed og h\u00e5b for fremtiden, vil unders\u00f8ge, hvad USA kan l\u00e6re af andre lande og begynder at invadere udvalgte nationer for at \u2019stj\u00e6le\u2019 deres bedste ideer og bringe dem med hjem. Med megasucceserne \u2019Bowling for [...]","og_url":"https:\/\/noams.dk\/?product=where-to-invade-next-blu-ray","og_site_name":"Noams.dk","article_publisher":"https:\/\/www.facebook.com\/noamsdk","article_modified_time":"2026-04-17T20:53:28+00:00","twitter_card":"summary_large_image","twitter_misc":{"Estimeret l\u00e6setid":"1 minut"},"schema":{"@context":"https:\/\/schema.org","@graph":[{"@type":"WebPage","@id":"https:\/\/noams.dk\/?product=where-to-invade-next-blu-ray","url":"https:\/\/noams.dk\/?product=where-to-invade-next-blu-ray","name":"Where To Invade Next (Blu-ray) - Noams.dk","isPartOf":{"@id":"https:\/\/noams.dk\/#website"},"datePublished":"2026-04-04T20:19:39+00:00","dateModified":"2026-04-17T20:53:28+00:00","breadcrumb":{"@id":"https:\/\/noams.dk\/?product=where-to-invade-next-blu-ray#breadcrumb"},"inLanguage":"da-DK","potentialAction":[{"@type":"ReadAction","target":["https:\/\/noams.dk\/?product=where-to-invade-next-blu-ray"]}]},{"@type":"BreadcrumbList","@id":"https:\/\/noams.dk\/?product=where-to-invade-next-blu-ray#breadcrumb","itemListElement":[{"@type":"ListItem","position":1,"name":"Hjem","item":"https:\/\/noams.dk\/"},{"@type":"ListItem","position":2,"name":"Shop","item":"https:\/\/noams.dk\/?page_id=8"},{"@type":"ListItem","position":3,"name":"Where To Invade Next (Blu-ray)"}]},{"@type":"WebSite","@id":"https:\/\/noams.dk\/#website","url":"https:\/\/noams.dk\/","name":"Noam.dk","description":"Din butik for vinyl, cd&#039;er og film.","publisher":{"@id":"https:\/\/noams.dk\/#organization"},"potentialAction":[{"@type":"SearchAction","target":{"@type":"EntryPoint","urlTemplate":"https:\/\/noams.dk\/?s={search_term_string}"},"query-input":{"@type":"PropertyValueSpecification","valueRequired":true,"valueName":"search_term_string"}}],"inLanguage":"da-DK"},{"@type":"Organization","@id":"https:\/\/noams.dk\/#organization","name":"Noam.dk","url":"https:\/\/noams.dk\/","logo":{"@type":"ImageObject","inLanguage":"da-DK","@id":"https:\/\/noams.dk\/#\/schema\/logo\/image\/","url":"https:\/\/noams.dk\/wp-content\/uploads\/2026\/04\/noams-n-logo.jpg","contentUrl":"https:\/\/noams.dk\/wp-content\/uploads\/2026\/04\/noams-n-logo.jpg","width":119,"height":108,"caption":"Noam.dk"},"image":{"@id":"https:\/\/noams.dk\/#\/schema\/logo\/image\/"},"sameAs":["https:\/\/www.facebook.com\/noamsdk"]}]}},"jetpack_sharing_enabled":true,"_links":{"self":[{"href":"https:\/\/noams.dk\/index.php?rest_route=\/wp\/v2\/product\/5347","targetHints":{"allow":["GET"]}}],"collection":[{"href":"https:\/\/noams.dk\/index.php?rest_route=\/wp\/v2\/product"}],"about":[{"href":"https:\/\/noams.dk\/index.php?rest_route=\/wp\/v2\/types\/product"}],"replies":[{"embeddable":true,"href":"https:\/\/noams.dk\/index.php?rest_route=%2Fwp%2Fv2%2Fcomments&post=5347"}],"wp:attachment":[{"href":"https:\/\/noams.dk\/index.php?rest_route=%2Fwp%2Fv2%2Fmedia&parent=5347"}],"wp:term":[{"taxonomy":"product_brand","embeddable":true,"href":"https:\/\/noams.dk\/index.php?rest_route=%2Fwp%2Fv2%2Fproduct_brand&post=5347"},{"taxonomy":"product_cat","embeddable":true,"href":"https:\/\/noams.dk\/index.php?rest_route=%2Fwp%2Fv2%2Fproduct_cat&post=5347"},{"taxonomy":"product_tag","embeddable":true,"href":"https:\/\/noams.dk\/index.php?rest_route=%2Fwp%2Fv2%2Fproduct_tag&post=5347"}],"curies":[{"name":"wp","href":"https:\/\/api.w.org\/{rel}","templated":true}]}}