{"id":5636,"date":"2026-04-04T21:33:57","date_gmt":"2026-04-04T20:33:57","guid":{"rendered":"https:\/\/noams.dk\/?product=mission-impossible-4-ghost-protocol-blu-raydvd"},"modified":"2026-04-17T21:53:27","modified_gmt":"2026-04-17T20:53:27","slug":"mission-impossible-4-ghost-protocol-blu-raydvd","status":"publish","type":"product","link":"https:\/\/noams.dk\/?product=mission-impossible-4-ghost-protocol-blu-raydvd","title":{"rendered":"Mission Impossible 4 &#8211; Ghost Protocol (Blu-Ray+DVD)"},"content":{"rendered":"<p>Ingen plan. Ingen backup. Intet valg.<br \/>\nAgent Ethan Hunt (Tom Cruise) og hans elitehold af agenter (Jeremy Renner og Simon Pegg) g\u00e5r under jorden, da en bombning af Kreml stempler IMF-organisationen som internationale terrorister. Alt imens agenterne pr\u00f8ver at rense organisationens navn, opdager de, at nogen planl\u00e6gger en atomkrig. For at redde verden m\u00e5 de nu ty til alle de h\u00f8jteknologiske p\u00e5fund, man overhovedet kan forestille sig.<br \/>\nAldrig har en mission v\u00e6ret mere virkelig, mere farlig og mere umulig.<br \/>\n<strong>Format: Blu-ray + DVD <\/strong><br \/>\n<strong>Sprog: Engelsk <\/strong><br \/>\n<strong>Undertekster: Dansk <\/strong><br \/>\n<strong>Spilletid: 2 t 8 min <\/strong><br \/>\n<strong>Genre: Action \/ Thriller <\/strong><br \/>\n<strong>Produktions\u00e5r: 2011 <\/strong><br \/>\n<strong>Varenr: 7332431038264<\/strong><\/p>\n","protected":false},"excerpt":{"rendered":"<p>Ingen plan. Ingen backup. Intet valg. Agent Ethan Hunt (Tom Cruise) og hans elitehold af agenter (Jeremy Renner og Simon Pegg) g\u00e5r under jorden, da en bombning af Kreml stempler IMF-organisationen som internationale terrorister. Alt imens agenterne pr\u00f8ver at rense organisationens navn, opdager de, at nogen planl\u00e6gger en atomkrig. For at redde verden m\u00e5 de [&#8230;]\n","protected":false},"featured_media":0,"comment_status":"open","ping_status":"closed","template":"","meta":{"_themeisle_gutenberg_block_has_review":false},"product_brand":[],"product_cat":[59,55,47,60],"product_tag":[],"class_list":{"0":"post-5636","1":"product","2":"type-product","3":"status-publish","5":"product_cat-action","6":"product_cat-blu-ray","7":"product_cat-film","8":"product_cat-thriller","10":"first","11":"instock","12":"sold-individually","13":"taxable","14":"shipping-taxable","15":"purchasable","16":"product-type-simple"},"supplier_id":null,"supplier_sku":"","barcode":null,"atum_controlled":true,"out_stock_date":null,"out_stock_threshold":null,"inheritable":false,"inbound_stock":null,"stock_on_hold":null,"sold_today":null,"sales_last_days":null,"reserved_stock":null,"customer_returns":null,"warehouse_damage":null,"lost_in_post":null,"other_logs":null,"out_stock_days":null,"lost_sales":null,"has_location":false,"update_date":"2026-04-11T10:03:21","atum_locations":[],"atum_stock_status":"instock","restock_status":false,"low_stock_amount":"","sales_update_date":null,"calc_backorders":null,"yoast_head":"<!-- This site is optimized with the Yoast SEO plugin v27.3 - https:\/\/yoast.com\/product\/yoast-seo-wordpress\/ -->\n<title>Mission Impossible 4 - Ghost Protocol (Blu-Ray+DVD) - Noams.dk<\/title>\n<meta name=\"robots\" content=\"index, follow, max-snippet:-1, max-image-preview:large, max-video-preview:-1\" \/>\n<link rel=\"canonical\" href=\"https:\/\/noams.dk\/?product=mission-impossible-4-ghost-protocol-blu-raydvd\" \/>\n<meta property=\"og:locale\" content=\"da_DK\" \/>\n<meta property=\"og:type\" content=\"article\" \/>\n<meta property=\"og:title\" content=\"Mission Impossible 4 - Ghost Protocol (Blu-Ray+DVD) - Noams.dk\" \/>\n<meta property=\"og:description\" content=\"Ingen plan. Ingen backup. Intet valg. Agent Ethan Hunt (Tom Cruise) og hans elitehold af agenter (Jeremy Renner og Simon Pegg) g\u00e5r under jorden, da en bombning af Kreml stempler IMF-organisationen som internationale terrorister. Alt imens agenterne pr\u00f8ver at rense organisationens navn, opdager de, at nogen planl\u00e6gger en atomkrig. For at redde verden m\u00e5 de [...]\" \/>\n<meta property=\"og:url\" content=\"https:\/\/noams.dk\/?product=mission-impossible-4-ghost-protocol-blu-raydvd\" \/>\n<meta property=\"og:site_name\" content=\"Noams.dk\" \/>\n<meta property=\"article:publisher\" content=\"https:\/\/www.facebook.com\/noamsdk\" \/>\n<meta property=\"article:modified_time\" content=\"2026-04-17T20:53:27+00:00\" \/>\n<meta name=\"twitter:card\" content=\"summary_large_image\" \/>\n<meta name=\"twitter:label1\" content=\"Estimeret l\u00e6setid\" \/>\n\t<meta name=\"twitter:data1\" content=\"1 minut\" \/>\n<script type=\"application\/ld+json\" class=\"yoast-schema-graph\">{\"@context\":\"https:\\\/\\\/schema.org\",\"@graph\":[{\"@type\":\"WebPage\",\"@id\":\"https:\\\/\\\/noams.dk\\\/?product=mission-impossible-4-ghost-protocol-blu-raydvd\",\"url\":\"https:\\\/\\\/noams.dk\\\/?product=mission-impossible-4-ghost-protocol-blu-raydvd\",\"name\":\"Mission Impossible 4 - Ghost Protocol (Blu-Ray+DVD) - Noams.dk\",\"isPartOf\":{\"@id\":\"https:\\\/\\\/noams.dk\\\/#website\"},\"datePublished\":\"2026-04-04T20:33:57+00:00\",\"dateModified\":\"2026-04-17T20:53:27+00:00\",\"breadcrumb\":{\"@id\":\"https:\\\/\\\/noams.dk\\\/?product=mission-impossible-4-ghost-protocol-blu-raydvd#breadcrumb\"},\"inLanguage\":\"da-DK\",\"potentialAction\":[{\"@type\":\"ReadAction\",\"target\":[\"https:\\\/\\\/noams.dk\\\/?product=mission-impossible-4-ghost-protocol-blu-raydvd\"]}]},{\"@type\":\"BreadcrumbList\",\"@id\":\"https:\\\/\\\/noams.dk\\\/?product=mission-impossible-4-ghost-protocol-blu-raydvd#breadcrumb\",\"itemListElement\":[{\"@type\":\"ListItem\",\"position\":1,\"name\":\"Hjem\",\"item\":\"https:\\\/\\\/noams.dk\\\/\"},{\"@type\":\"ListItem\",\"position\":2,\"name\":\"Shop\",\"item\":\"https:\\\/\\\/noams.dk\\\/?page_id=8\"},{\"@type\":\"ListItem\",\"position\":3,\"name\":\"Mission Impossible 4 &#8211; Ghost Protocol (Blu-Ray+DVD)\"}]},{\"@type\":\"WebSite\",\"@id\":\"https:\\\/\\\/noams.dk\\\/#website\",\"url\":\"https:\\\/\\\/noams.dk\\\/\",\"name\":\"Noam.dk\",\"description\":\"Din butik for vinyl, cd&#039;er og film.\",\"publisher\":{\"@id\":\"https:\\\/\\\/noams.dk\\\/#organization\"},\"potentialAction\":[{\"@type\":\"SearchAction\",\"target\":{\"@type\":\"EntryPoint\",\"urlTemplate\":\"https:\\\/\\\/noams.dk\\\/?s={search_term_string}\"},\"query-input\":{\"@type\":\"PropertyValueSpecification\",\"valueRequired\":true,\"valueName\":\"search_term_string\"}}],\"inLanguage\":\"da-DK\"},{\"@type\":\"Organization\",\"@id\":\"https:\\\/\\\/noams.dk\\\/#organization\",\"name\":\"Noam.dk\",\"url\":\"https:\\\/\\\/noams.dk\\\/\",\"logo\":{\"@type\":\"ImageObject\",\"inLanguage\":\"da-DK\",\"@id\":\"https:\\\/\\\/noams.dk\\\/#\\\/schema\\\/logo\\\/image\\\/\",\"url\":\"https:\\\/\\\/noams.dk\\\/wp-content\\\/uploads\\\/2026\\\/04\\\/noams-n-logo.jpg\",\"contentUrl\":\"https:\\\/\\\/noams.dk\\\/wp-content\\\/uploads\\\/2026\\\/04\\\/noams-n-logo.jpg\",\"width\":119,\"height\":108,\"caption\":\"Noam.dk\"},\"image\":{\"@id\":\"https:\\\/\\\/noams.dk\\\/#\\\/schema\\\/logo\\\/image\\\/\"},\"sameAs\":[\"https:\\\/\\\/www.facebook.com\\\/noamsdk\"]}]}<\/script>\n<!-- \/ Yoast SEO plugin. -->","yoast_head_json":{"title":"Mission Impossible 4 - Ghost Protocol (Blu-Ray+DVD) - Noams.dk","robots":{"index":"index","follow":"follow","max-snippet":"max-snippet:-1","max-image-preview":"max-image-preview:large","max-video-preview":"max-video-preview:-1"},"canonical":"https:\/\/noams.dk\/?product=mission-impossible-4-ghost-protocol-blu-raydvd","og_locale":"da_DK","og_type":"article","og_title":"Mission Impossible 4 - Ghost Protocol (Blu-Ray+DVD) - Noams.dk","og_description":"Ingen plan. Ingen backup. Intet valg. Agent Ethan Hunt (Tom Cruise) og hans elitehold af agenter (Jeremy Renner og Simon Pegg) g\u00e5r under jorden, da en bombning af Kreml stempler IMF-organisationen som internationale terrorister. Alt imens agenterne pr\u00f8ver at rense organisationens navn, opdager de, at nogen planl\u00e6gger en atomkrig. For at redde verden m\u00e5 de [...]","og_url":"https:\/\/noams.dk\/?product=mission-impossible-4-ghost-protocol-blu-raydvd","og_site_name":"Noams.dk","article_publisher":"https:\/\/www.facebook.com\/noamsdk","article_modified_time":"2026-04-17T20:53:27+00:00","twitter_card":"summary_large_image","twitter_misc":{"Estimeret l\u00e6setid":"1 minut"},"schema":{"@context":"https:\/\/schema.org","@graph":[{"@type":"WebPage","@id":"https:\/\/noams.dk\/?product=mission-impossible-4-ghost-protocol-blu-raydvd","url":"https:\/\/noams.dk\/?product=mission-impossible-4-ghost-protocol-blu-raydvd","name":"Mission Impossible 4 - Ghost Protocol (Blu-Ray+DVD) - Noams.dk","isPartOf":{"@id":"https:\/\/noams.dk\/#website"},"datePublished":"2026-04-04T20:33:57+00:00","dateModified":"2026-04-17T20:53:27+00:00","breadcrumb":{"@id":"https:\/\/noams.dk\/?product=mission-impossible-4-ghost-protocol-blu-raydvd#breadcrumb"},"inLanguage":"da-DK","potentialAction":[{"@type":"ReadAction","target":["https:\/\/noams.dk\/?product=mission-impossible-4-ghost-protocol-blu-raydvd"]}]},{"@type":"BreadcrumbList","@id":"https:\/\/noams.dk\/?product=mission-impossible-4-ghost-protocol-blu-raydvd#breadcrumb","itemListElement":[{"@type":"ListItem","position":1,"name":"Hjem","item":"https:\/\/noams.dk\/"},{"@type":"ListItem","position":2,"name":"Shop","item":"https:\/\/noams.dk\/?page_id=8"},{"@type":"ListItem","position":3,"name":"Mission Impossible 4 &#8211; Ghost Protocol (Blu-Ray+DVD)"}]},{"@type":"WebSite","@id":"https:\/\/noams.dk\/#website","url":"https:\/\/noams.dk\/","name":"Noam.dk","description":"Din butik for vinyl, cd&#039;er og film.","publisher":{"@id":"https:\/\/noams.dk\/#organization"},"potentialAction":[{"@type":"SearchAction","target":{"@type":"EntryPoint","urlTemplate":"https:\/\/noams.dk\/?s={search_term_string}"},"query-input":{"@type":"PropertyValueSpecification","valueRequired":true,"valueName":"search_term_string"}}],"inLanguage":"da-DK"},{"@type":"Organization","@id":"https:\/\/noams.dk\/#organization","name":"Noam.dk","url":"https:\/\/noams.dk\/","logo":{"@type":"ImageObject","inLanguage":"da-DK","@id":"https:\/\/noams.dk\/#\/schema\/logo\/image\/","url":"https:\/\/noams.dk\/wp-content\/uploads\/2026\/04\/noams-n-logo.jpg","contentUrl":"https:\/\/noams.dk\/wp-content\/uploads\/2026\/04\/noams-n-logo.jpg","width":119,"height":108,"caption":"Noam.dk"},"image":{"@id":"https:\/\/noams.dk\/#\/schema\/logo\/image\/"},"sameAs":["https:\/\/www.facebook.com\/noamsdk"]}]}},"jetpack_sharing_enabled":true,"_links":{"self":[{"href":"https:\/\/noams.dk\/index.php?rest_route=\/wp\/v2\/product\/5636","targetHints":{"allow":["GET"]}}],"collection":[{"href":"https:\/\/noams.dk\/index.php?rest_route=\/wp\/v2\/product"}],"about":[{"href":"https:\/\/noams.dk\/index.php?rest_route=\/wp\/v2\/types\/product"}],"replies":[{"embeddable":true,"href":"https:\/\/noams.dk\/index.php?rest_route=%2Fwp%2Fv2%2Fcomments&post=5636"}],"wp:attachment":[{"href":"https:\/\/noams.dk\/index.php?rest_route=%2Fwp%2Fv2%2Fmedia&parent=5636"}],"wp:term":[{"taxonomy":"product_brand","embeddable":true,"href":"https:\/\/noams.dk\/index.php?rest_route=%2Fwp%2Fv2%2Fproduct_brand&post=5636"},{"taxonomy":"product_cat","embeddable":true,"href":"https:\/\/noams.dk\/index.php?rest_route=%2Fwp%2Fv2%2Fproduct_cat&post=5636"},{"taxonomy":"product_tag","embeddable":true,"href":"https:\/\/noams.dk\/index.php?rest_route=%2Fwp%2Fv2%2Fproduct_tag&post=5636"}],"curies":[{"name":"wp","href":"https:\/\/api.w.org\/{rel}","templated":true}]}}