{"id":6056,"date":"2026-04-04T21:42:05","date_gmt":"2026-04-04T20:42:05","guid":{"rendered":"https:\/\/noams.dk\/?product=firecracker-2-disc-special-edition-dvd"},"modified":"2026-04-17T21:53:26","modified_gmt":"2026-04-17T20:53:26","slug":"firecracker-2-disc-special-edition-dvd","status":"publish","type":"product","link":"https:\/\/noams.dk\/?product=firecracker-2-disc-special-edition-dvd","title":{"rendered":"Firecracker &#8211; 2 Disc Special Edition (DVD)"},"content":{"rendered":"<p><strong>Beskrivelse<\/strong><br \/>\nVi m\u00f8der Jimmy &#8211; f\u00f8lelsesm\u00e6ssigt domineret af sin alkoholiserede bror og fanatisk religi\u00f8se mor. I neonlyset fra et omrejsende tivoli oplever Jimmy et st\u00e6nk af gl\u00e6de og en ven i sangerinden Sandra, der ogs\u00e5 er fanget i en verden af psykisk terror. Men da Jimmys bror Frank opdager deres forhold, udvikler deres m\u00f8de sig dramatisk, og da broderen forsvinder sporl\u00f8st, p\u00e5begyndes en opklaring, der afd\u00e6kker sm\u00e5byen Wamegos m\u00f8rke hemmeligheder, og \u00e6ndrer byen for bestandig.<br \/>\nDenne DVD indeholder den prisbel\u00f8nnede dokumentar \u201cWamego\u201d instrueret af Steve Balderson, som afsl\u00f8rer, hvad det vil sige at lave film udenfor Hollywood.<br \/>\n&#8220;Firecracker\u201d har vundet adskillige priser, bl.a. en \u201cInternational Fantasy Film Award\u201d (Karen Black <strong>som bedste skuespillerinde)<\/strong><br \/>\n<strong>Format: DVD <\/strong><br \/>\n<strong>Sprog: Engelsk &#8211; Dolby Digital Stereo <\/strong><br \/>\n<strong>Undertekster: Dansk, svensk, norsk, finsk <\/strong><br \/>\n<strong>Spilletid: 112 min <\/strong><br \/>\n<strong>Genre: Drama \/ Thriller <\/strong><br \/>\n<strong>Produktions\u00e5r: 2005 <\/strong><br \/>\n<strong>Varenr: 5709498011080<\/strong><\/p>\n","protected":false},"excerpt":{"rendered":"<p>Beskrivelse Vi m\u00f8der Jimmy &#8211; f\u00f8lelsesm\u00e6ssigt domineret af sin alkoholiserede bror og fanatisk religi\u00f8se mor. I neonlyset fra et omrejsende tivoli oplever Jimmy et st\u00e6nk af gl\u00e6de og en ven i sangerinden Sandra, der ogs\u00e5 er fanget i en verden af psykisk terror. Men da Jimmys bror Frank opdager deres forhold, udvikler deres m\u00f8de sig [&#8230;]\n","protected":false},"featured_media":0,"comment_status":"open","ping_status":"closed","template":"","meta":{"_themeisle_gutenberg_block_has_review":false},"product_brand":[],"product_cat":[57,47,60],"product_tag":[],"class_list":{"0":"post-6056","1":"product","2":"type-product","3":"status-publish","5":"product_cat-drama","6":"product_cat-film","7":"product_cat-thriller","9":"first","10":"instock","11":"sold-individually","12":"taxable","13":"shipping-taxable","14":"purchasable","15":"product-type-simple"},"supplier_id":null,"supplier_sku":"","barcode":null,"atum_controlled":true,"out_stock_date":null,"out_stock_threshold":null,"inheritable":false,"inbound_stock":null,"stock_on_hold":null,"sold_today":null,"sales_last_days":null,"reserved_stock":null,"customer_returns":null,"warehouse_damage":null,"lost_in_post":null,"other_logs":null,"out_stock_days":null,"lost_sales":null,"has_location":false,"update_date":"2026-04-06T19:07:08","atum_locations":[],"atum_stock_status":"instock","restock_status":false,"low_stock_amount":"","sales_update_date":null,"calc_backorders":null,"yoast_head":"<!-- This site is optimized with the Yoast SEO plugin v27.3 - https:\/\/yoast.com\/product\/yoast-seo-wordpress\/ -->\n<title>Firecracker - 2 Disc Special Edition (DVD) - Noams.dk<\/title>\n<meta name=\"robots\" content=\"index, follow, max-snippet:-1, max-image-preview:large, max-video-preview:-1\" \/>\n<link rel=\"canonical\" href=\"https:\/\/noams.dk\/?product=firecracker-2-disc-special-edition-dvd\" \/>\n<meta property=\"og:locale\" content=\"da_DK\" \/>\n<meta property=\"og:type\" content=\"article\" \/>\n<meta property=\"og:title\" content=\"Firecracker - 2 Disc Special Edition (DVD) - Noams.dk\" \/>\n<meta property=\"og:description\" content=\"Beskrivelse Vi m\u00f8der Jimmy &#8211; f\u00f8lelsesm\u00e6ssigt domineret af sin alkoholiserede bror og fanatisk religi\u00f8se mor. I neonlyset fra et omrejsende tivoli oplever Jimmy et st\u00e6nk af gl\u00e6de og en ven i sangerinden Sandra, der ogs\u00e5 er fanget i en verden af psykisk terror. Men da Jimmys bror Frank opdager deres forhold, udvikler deres m\u00f8de sig [...]\" \/>\n<meta property=\"og:url\" content=\"https:\/\/noams.dk\/?product=firecracker-2-disc-special-edition-dvd\" \/>\n<meta property=\"og:site_name\" content=\"Noams.dk\" \/>\n<meta property=\"article:publisher\" content=\"https:\/\/www.facebook.com\/noamsdk\" \/>\n<meta property=\"article:modified_time\" content=\"2026-04-17T20:53:26+00:00\" \/>\n<meta name=\"twitter:card\" content=\"summary_large_image\" \/>\n<meta name=\"twitter:label1\" content=\"Estimeret l\u00e6setid\" \/>\n\t<meta name=\"twitter:data1\" content=\"1 minut\" \/>\n<script type=\"application\/ld+json\" class=\"yoast-schema-graph\">{\"@context\":\"https:\\\/\\\/schema.org\",\"@graph\":[{\"@type\":\"WebPage\",\"@id\":\"https:\\\/\\\/noams.dk\\\/?product=firecracker-2-disc-special-edition-dvd\",\"url\":\"https:\\\/\\\/noams.dk\\\/?product=firecracker-2-disc-special-edition-dvd\",\"name\":\"Firecracker - 2 Disc Special Edition (DVD) - Noams.dk\",\"isPartOf\":{\"@id\":\"https:\\\/\\\/noams.dk\\\/#website\"},\"datePublished\":\"2026-04-04T20:42:05+00:00\",\"dateModified\":\"2026-04-17T20:53:26+00:00\",\"breadcrumb\":{\"@id\":\"https:\\\/\\\/noams.dk\\\/?product=firecracker-2-disc-special-edition-dvd#breadcrumb\"},\"inLanguage\":\"da-DK\",\"potentialAction\":[{\"@type\":\"ReadAction\",\"target\":[\"https:\\\/\\\/noams.dk\\\/?product=firecracker-2-disc-special-edition-dvd\"]}]},{\"@type\":\"BreadcrumbList\",\"@id\":\"https:\\\/\\\/noams.dk\\\/?product=firecracker-2-disc-special-edition-dvd#breadcrumb\",\"itemListElement\":[{\"@type\":\"ListItem\",\"position\":1,\"name\":\"Hjem\",\"item\":\"https:\\\/\\\/noams.dk\\\/\"},{\"@type\":\"ListItem\",\"position\":2,\"name\":\"Shop\",\"item\":\"https:\\\/\\\/noams.dk\\\/?page_id=8\"},{\"@type\":\"ListItem\",\"position\":3,\"name\":\"Firecracker &#8211; 2 Disc Special Edition (DVD)\"}]},{\"@type\":\"WebSite\",\"@id\":\"https:\\\/\\\/noams.dk\\\/#website\",\"url\":\"https:\\\/\\\/noams.dk\\\/\",\"name\":\"Noam.dk\",\"description\":\"Din butik for vinyl, cd&#039;er og film.\",\"publisher\":{\"@id\":\"https:\\\/\\\/noams.dk\\\/#organization\"},\"potentialAction\":[{\"@type\":\"SearchAction\",\"target\":{\"@type\":\"EntryPoint\",\"urlTemplate\":\"https:\\\/\\\/noams.dk\\\/?s={search_term_string}\"},\"query-input\":{\"@type\":\"PropertyValueSpecification\",\"valueRequired\":true,\"valueName\":\"search_term_string\"}}],\"inLanguage\":\"da-DK\"},{\"@type\":\"Organization\",\"@id\":\"https:\\\/\\\/noams.dk\\\/#organization\",\"name\":\"Noam.dk\",\"url\":\"https:\\\/\\\/noams.dk\\\/\",\"logo\":{\"@type\":\"ImageObject\",\"inLanguage\":\"da-DK\",\"@id\":\"https:\\\/\\\/noams.dk\\\/#\\\/schema\\\/logo\\\/image\\\/\",\"url\":\"https:\\\/\\\/noams.dk\\\/wp-content\\\/uploads\\\/2026\\\/04\\\/noams-n-logo.jpg\",\"contentUrl\":\"https:\\\/\\\/noams.dk\\\/wp-content\\\/uploads\\\/2026\\\/04\\\/noams-n-logo.jpg\",\"width\":119,\"height\":108,\"caption\":\"Noam.dk\"},\"image\":{\"@id\":\"https:\\\/\\\/noams.dk\\\/#\\\/schema\\\/logo\\\/image\\\/\"},\"sameAs\":[\"https:\\\/\\\/www.facebook.com\\\/noamsdk\"]}]}<\/script>\n<!-- \/ Yoast SEO plugin. -->","yoast_head_json":{"title":"Firecracker - 2 Disc Special Edition (DVD) - Noams.dk","robots":{"index":"index","follow":"follow","max-snippet":"max-snippet:-1","max-image-preview":"max-image-preview:large","max-video-preview":"max-video-preview:-1"},"canonical":"https:\/\/noams.dk\/?product=firecracker-2-disc-special-edition-dvd","og_locale":"da_DK","og_type":"article","og_title":"Firecracker - 2 Disc Special Edition (DVD) - Noams.dk","og_description":"Beskrivelse Vi m\u00f8der Jimmy &#8211; f\u00f8lelsesm\u00e6ssigt domineret af sin alkoholiserede bror og fanatisk religi\u00f8se mor. I neonlyset fra et omrejsende tivoli oplever Jimmy et st\u00e6nk af gl\u00e6de og en ven i sangerinden Sandra, der ogs\u00e5 er fanget i en verden af psykisk terror. Men da Jimmys bror Frank opdager deres forhold, udvikler deres m\u00f8de sig [...]","og_url":"https:\/\/noams.dk\/?product=firecracker-2-disc-special-edition-dvd","og_site_name":"Noams.dk","article_publisher":"https:\/\/www.facebook.com\/noamsdk","article_modified_time":"2026-04-17T20:53:26+00:00","twitter_card":"summary_large_image","twitter_misc":{"Estimeret l\u00e6setid":"1 minut"},"schema":{"@context":"https:\/\/schema.org","@graph":[{"@type":"WebPage","@id":"https:\/\/noams.dk\/?product=firecracker-2-disc-special-edition-dvd","url":"https:\/\/noams.dk\/?product=firecracker-2-disc-special-edition-dvd","name":"Firecracker - 2 Disc Special Edition (DVD) - Noams.dk","isPartOf":{"@id":"https:\/\/noams.dk\/#website"},"datePublished":"2026-04-04T20:42:05+00:00","dateModified":"2026-04-17T20:53:26+00:00","breadcrumb":{"@id":"https:\/\/noams.dk\/?product=firecracker-2-disc-special-edition-dvd#breadcrumb"},"inLanguage":"da-DK","potentialAction":[{"@type":"ReadAction","target":["https:\/\/noams.dk\/?product=firecracker-2-disc-special-edition-dvd"]}]},{"@type":"BreadcrumbList","@id":"https:\/\/noams.dk\/?product=firecracker-2-disc-special-edition-dvd#breadcrumb","itemListElement":[{"@type":"ListItem","position":1,"name":"Hjem","item":"https:\/\/noams.dk\/"},{"@type":"ListItem","position":2,"name":"Shop","item":"https:\/\/noams.dk\/?page_id=8"},{"@type":"ListItem","position":3,"name":"Firecracker &#8211; 2 Disc Special Edition (DVD)"}]},{"@type":"WebSite","@id":"https:\/\/noams.dk\/#website","url":"https:\/\/noams.dk\/","name":"Noam.dk","description":"Din butik for vinyl, cd&#039;er og film.","publisher":{"@id":"https:\/\/noams.dk\/#organization"},"potentialAction":[{"@type":"SearchAction","target":{"@type":"EntryPoint","urlTemplate":"https:\/\/noams.dk\/?s={search_term_string}"},"query-input":{"@type":"PropertyValueSpecification","valueRequired":true,"valueName":"search_term_string"}}],"inLanguage":"da-DK"},{"@type":"Organization","@id":"https:\/\/noams.dk\/#organization","name":"Noam.dk","url":"https:\/\/noams.dk\/","logo":{"@type":"ImageObject","inLanguage":"da-DK","@id":"https:\/\/noams.dk\/#\/schema\/logo\/image\/","url":"https:\/\/noams.dk\/wp-content\/uploads\/2026\/04\/noams-n-logo.jpg","contentUrl":"https:\/\/noams.dk\/wp-content\/uploads\/2026\/04\/noams-n-logo.jpg","width":119,"height":108,"caption":"Noam.dk"},"image":{"@id":"https:\/\/noams.dk\/#\/schema\/logo\/image\/"},"sameAs":["https:\/\/www.facebook.com\/noamsdk"]}]}},"jetpack_sharing_enabled":true,"_links":{"self":[{"href":"https:\/\/noams.dk\/index.php?rest_route=\/wp\/v2\/product\/6056","targetHints":{"allow":["GET"]}}],"collection":[{"href":"https:\/\/noams.dk\/index.php?rest_route=\/wp\/v2\/product"}],"about":[{"href":"https:\/\/noams.dk\/index.php?rest_route=\/wp\/v2\/types\/product"}],"replies":[{"embeddable":true,"href":"https:\/\/noams.dk\/index.php?rest_route=%2Fwp%2Fv2%2Fcomments&post=6056"}],"wp:attachment":[{"href":"https:\/\/noams.dk\/index.php?rest_route=%2Fwp%2Fv2%2Fmedia&parent=6056"}],"wp:term":[{"taxonomy":"product_brand","embeddable":true,"href":"https:\/\/noams.dk\/index.php?rest_route=%2Fwp%2Fv2%2Fproduct_brand&post=6056"},{"taxonomy":"product_cat","embeddable":true,"href":"https:\/\/noams.dk\/index.php?rest_route=%2Fwp%2Fv2%2Fproduct_cat&post=6056"},{"taxonomy":"product_tag","embeddable":true,"href":"https:\/\/noams.dk\/index.php?rest_route=%2Fwp%2Fv2%2Fproduct_tag&post=6056"}],"curies":[{"name":"wp","href":"https:\/\/api.w.org\/{rel}","templated":true}]}}