{"id":6929,"date":"2026-04-04T22:05:58","date_gmt":"2026-04-04T21:05:58","guid":{"rendered":"https:\/\/noams.dk\/?product=skibet-er-ladet-med-dvd"},"modified":"2026-04-25T19:31:48","modified_gmt":"2026-04-25T17:31:48","slug":"skibet-er-ladet-med-dvd","status":"publish","type":"product","link":"https:\/\/noams.dk\/?product=skibet-er-ladet-med-dvd","title":{"rendered":"Skibet er ladet med&#8230; (DVD)"},"content":{"rendered":"<p><strong>Beskrivelse<\/strong><br \/>\nDanmark har skam osse haft en forn\u00f8jelig \u201dguldalder-radio\u201d. Radio Mercur, hed den. &#8211; En forrygende reklameradio der vuggede p\u00e5 \u00d8resunds b\u00f8lger, og som var arbejdsplads for masser af datidens popul\u00e6re danske skuespillere. Selv Dirch Passer havde en overgang sit eget program. Disse professionelle mennesker sikrede, at senere reklameradioer er rent amat\u00f8rcirkus. I godt 5 \u00e5r eksisterede den. Men i begyndelsen af tresserne blev den \u201ds\u00e6nket\u201d af kultur- og trafikministrene &#8211; den var blevet FOR popul\u00e6r. Radio Mercurs opst\u00e5en og tilh\u00f8rsforhold var en noget speget aff\u00e6re, og det er d\u00e9t, denne film bygger p\u00e5. Filmen er ovenud festlig og skruptosset &#8211; men m\u00e5ske lidt vemodig for dem, som stadig husker Mercur.<br \/>\nFilmens musik er af Hans Vangkilde, der var en af Radio Mercurs hj\u00f8rnestene. Som musik-producent s\u00f8rgede han for, at dansk- og udenlandsk pop n\u00e5ede ud i \u00e6teren (n\u00e6sten) d\u00f8gnet rundt, og ikke kun en time om s\u00f8ndagen som \u201dStatsradiofoniens\u201d lyttere var vant til. S\u00e5 selvf\u00f8lgelig f\u00e5r Otto Brandenburgs 50\u2019er-hit \u201dTo Lys p\u00e5 et Bord\u201d sin sag for &#8211; ombord p\u00e5 \u201dCheeta\u201d, der i filmen hedder \u201dJupiter\u201d.<\/p>\n<p><strong>Format: DVD<\/strong><br \/>\n<strong>Sprog: Dansk &#8211; Mono 1.0<\/strong><br \/>\n<strong>Undertekster: Dansk for h\u00f8reh\u00e6mmede<\/strong><br \/>\n<strong>Spilletid: 89 min<\/strong><br \/>\n<strong>Genre: Komedie<\/strong><br \/>\n<strong>Produktions\u00e5r: 1960<\/strong><br \/>\n<strong>Varenr: 5708758689380<\/strong><\/p>\n","protected":false},"excerpt":{"rendered":"<p>Beskrivelse Danmark har skam osse haft en forn\u00f8jelig \u201dguldalder-radio\u201d. Radio Mercur, hed den. &#8211; En forrygende reklameradio der vuggede p\u00e5 \u00d8resunds b\u00f8lger, og som var arbejdsplads for masser af datidens popul\u00e6re danske skuespillere. Selv Dirch Passer havde en overgang sit eget program. Disse professionelle mennesker sikrede, at senere reklameradioer er rent amat\u00f8rcirkus. I godt 5 [&#8230;]\n","protected":false},"featured_media":0,"template":"","meta":{"_themeisle_gutenberg_block_has_review":false},"product_brand":[],"product_cat":[47,771],"product_tag":[],"class_list":{"0":"post-6929","1":"product","2":"type-product","3":"status-publish","5":"product_cat-film","6":"product_cat-gamle-danske-film","8":"first","9":"instock","10":"sold-individually","11":"taxable","12":"shipping-taxable","13":"purchasable","14":"product-type-simple"},"supplier_id":null,"supplier_sku":"","barcode":null,"atum_controlled":true,"out_stock_date":null,"out_stock_threshold":null,"inheritable":false,"inbound_stock":null,"stock_on_hold":null,"sold_today":null,"sales_last_days":null,"reserved_stock":null,"customer_returns":null,"warehouse_damage":null,"lost_in_post":null,"other_logs":null,"out_stock_days":null,"lost_sales":null,"has_location":false,"update_date":"2026-04-25T17:31:49","atum_locations":[],"atum_stock_status":"instock","restock_status":false,"low_stock_amount":"","sales_update_date":null,"calc_backorders":null,"yoast_head":"<!-- This site is optimized with the Yoast SEO plugin v27.5 - https:\/\/yoast.com\/product\/yoast-seo-wordpress\/ -->\n<title>Skibet er ladet med... (DVD) - Noams.dk<\/title>\n<meta name=\"robots\" content=\"index, follow, max-snippet:-1, max-image-preview:large, max-video-preview:-1\" \/>\n<link rel=\"canonical\" href=\"https:\/\/noams.dk\/?product=skibet-er-ladet-med-dvd\" \/>\n<meta property=\"og:locale\" content=\"da_DK\" \/>\n<meta property=\"og:type\" content=\"article\" \/>\n<meta property=\"og:title\" content=\"Skibet er ladet med... (DVD) - Noams.dk\" \/>\n<meta property=\"og:description\" content=\"Beskrivelse Danmark har skam osse haft en forn\u00f8jelig \u201dguldalder-radio\u201d. Radio Mercur, hed den. &#8211; En forrygende reklameradio der vuggede p\u00e5 \u00d8resunds b\u00f8lger, og som var arbejdsplads for masser af datidens popul\u00e6re danske skuespillere. Selv Dirch Passer havde en overgang sit eget program. Disse professionelle mennesker sikrede, at senere reklameradioer er rent amat\u00f8rcirkus. I godt 5 [...]\" \/>\n<meta property=\"og:url\" content=\"https:\/\/noams.dk\/?product=skibet-er-ladet-med-dvd\" \/>\n<meta property=\"og:site_name\" content=\"Noams.dk\" \/>\n<meta property=\"article:publisher\" content=\"https:\/\/www.facebook.com\/noamsdk\" \/>\n<meta property=\"article:modified_time\" content=\"2026-04-25T17:31:48+00:00\" \/>\n<meta name=\"twitter:card\" content=\"summary_large_image\" \/>\n<meta name=\"twitter:label1\" content=\"Estimeret l\u00e6setid\" \/>\n\t<meta name=\"twitter:data1\" content=\"2 minutter\" \/>\n<script type=\"application\/ld+json\" class=\"yoast-schema-graph\">{\"@context\":\"https:\\\/\\\/schema.org\",\"@graph\":[{\"@type\":\"WebPage\",\"@id\":\"https:\\\/\\\/noams.dk\\\/?product=skibet-er-ladet-med-dvd\",\"url\":\"https:\\\/\\\/noams.dk\\\/?product=skibet-er-ladet-med-dvd\",\"name\":\"Skibet er ladet med... (DVD) - Noams.dk\",\"isPartOf\":{\"@id\":\"https:\\\/\\\/noams.dk\\\/#website\"},\"datePublished\":\"2026-04-04T21:05:58+00:00\",\"dateModified\":\"2026-04-25T17:31:48+00:00\",\"breadcrumb\":{\"@id\":\"https:\\\/\\\/noams.dk\\\/?product=skibet-er-ladet-med-dvd#breadcrumb\"},\"inLanguage\":\"da-DK\",\"potentialAction\":[{\"@type\":\"ReadAction\",\"target\":[\"https:\\\/\\\/noams.dk\\\/?product=skibet-er-ladet-med-dvd\"]}]},{\"@type\":\"BreadcrumbList\",\"@id\":\"https:\\\/\\\/noams.dk\\\/?product=skibet-er-ladet-med-dvd#breadcrumb\",\"itemListElement\":[{\"@type\":\"ListItem\",\"position\":1,\"name\":\"Hjem\",\"item\":\"https:\\\/\\\/noams.dk\\\/\"},{\"@type\":\"ListItem\",\"position\":2,\"name\":\"Shop\",\"item\":\"https:\\\/\\\/noams.dk\\\/?page_id=8\"},{\"@type\":\"ListItem\",\"position\":3,\"name\":\"Skibet er ladet med&#8230; (DVD)\"}]},{\"@type\":\"WebSite\",\"@id\":\"https:\\\/\\\/noams.dk\\\/#website\",\"url\":\"https:\\\/\\\/noams.dk\\\/\",\"name\":\"Noam.dk\",\"description\":\"Din butik for vinyl, cd&#039;er og film.\",\"publisher\":{\"@id\":\"https:\\\/\\\/noams.dk\\\/#organization\"},\"potentialAction\":[{\"@type\":\"SearchAction\",\"target\":{\"@type\":\"EntryPoint\",\"urlTemplate\":\"https:\\\/\\\/noams.dk\\\/?s={search_term_string}\"},\"query-input\":{\"@type\":\"PropertyValueSpecification\",\"valueRequired\":true,\"valueName\":\"search_term_string\"}}],\"inLanguage\":\"da-DK\"},{\"@type\":\"Organization\",\"@id\":\"https:\\\/\\\/noams.dk\\\/#organization\",\"name\":\"Noam.dk\",\"url\":\"https:\\\/\\\/noams.dk\\\/\",\"logo\":{\"@type\":\"ImageObject\",\"inLanguage\":\"da-DK\",\"@id\":\"https:\\\/\\\/noams.dk\\\/#\\\/schema\\\/logo\\\/image\\\/\",\"url\":\"https:\\\/\\\/noams.dk\\\/wp-content\\\/uploads\\\/2026\\\/04\\\/noams-n-logo.jpg\",\"contentUrl\":\"https:\\\/\\\/noams.dk\\\/wp-content\\\/uploads\\\/2026\\\/04\\\/noams-n-logo.jpg\",\"width\":119,\"height\":108,\"caption\":\"Noam.dk\"},\"image\":{\"@id\":\"https:\\\/\\\/noams.dk\\\/#\\\/schema\\\/logo\\\/image\\\/\"},\"sameAs\":[\"https:\\\/\\\/www.facebook.com\\\/noamsdk\"]}]}<\/script>\n<!-- \/ Yoast SEO plugin. -->","yoast_head_json":{"title":"Skibet er ladet med... (DVD) - Noams.dk","robots":{"index":"index","follow":"follow","max-snippet":"max-snippet:-1","max-image-preview":"max-image-preview:large","max-video-preview":"max-video-preview:-1"},"canonical":"https:\/\/noams.dk\/?product=skibet-er-ladet-med-dvd","og_locale":"da_DK","og_type":"article","og_title":"Skibet er ladet med... (DVD) - Noams.dk","og_description":"Beskrivelse Danmark har skam osse haft en forn\u00f8jelig \u201dguldalder-radio\u201d. Radio Mercur, hed den. &#8211; En forrygende reklameradio der vuggede p\u00e5 \u00d8resunds b\u00f8lger, og som var arbejdsplads for masser af datidens popul\u00e6re danske skuespillere. Selv Dirch Passer havde en overgang sit eget program. Disse professionelle mennesker sikrede, at senere reklameradioer er rent amat\u00f8rcirkus. I godt 5 [...]","og_url":"https:\/\/noams.dk\/?product=skibet-er-ladet-med-dvd","og_site_name":"Noams.dk","article_publisher":"https:\/\/www.facebook.com\/noamsdk","article_modified_time":"2026-04-25T17:31:48+00:00","twitter_card":"summary_large_image","twitter_misc":{"Estimeret l\u00e6setid":"2 minutter"},"schema":{"@context":"https:\/\/schema.org","@graph":[{"@type":"WebPage","@id":"https:\/\/noams.dk\/?product=skibet-er-ladet-med-dvd","url":"https:\/\/noams.dk\/?product=skibet-er-ladet-med-dvd","name":"Skibet er ladet med... (DVD) - Noams.dk","isPartOf":{"@id":"https:\/\/noams.dk\/#website"},"datePublished":"2026-04-04T21:05:58+00:00","dateModified":"2026-04-25T17:31:48+00:00","breadcrumb":{"@id":"https:\/\/noams.dk\/?product=skibet-er-ladet-med-dvd#breadcrumb"},"inLanguage":"da-DK","potentialAction":[{"@type":"ReadAction","target":["https:\/\/noams.dk\/?product=skibet-er-ladet-med-dvd"]}]},{"@type":"BreadcrumbList","@id":"https:\/\/noams.dk\/?product=skibet-er-ladet-med-dvd#breadcrumb","itemListElement":[{"@type":"ListItem","position":1,"name":"Hjem","item":"https:\/\/noams.dk\/"},{"@type":"ListItem","position":2,"name":"Shop","item":"https:\/\/noams.dk\/?page_id=8"},{"@type":"ListItem","position":3,"name":"Skibet er ladet med&#8230; (DVD)"}]},{"@type":"WebSite","@id":"https:\/\/noams.dk\/#website","url":"https:\/\/noams.dk\/","name":"Noam.dk","description":"Din butik for vinyl, cd&#039;er og film.","publisher":{"@id":"https:\/\/noams.dk\/#organization"},"potentialAction":[{"@type":"SearchAction","target":{"@type":"EntryPoint","urlTemplate":"https:\/\/noams.dk\/?s={search_term_string}"},"query-input":{"@type":"PropertyValueSpecification","valueRequired":true,"valueName":"search_term_string"}}],"inLanguage":"da-DK"},{"@type":"Organization","@id":"https:\/\/noams.dk\/#organization","name":"Noam.dk","url":"https:\/\/noams.dk\/","logo":{"@type":"ImageObject","inLanguage":"da-DK","@id":"https:\/\/noams.dk\/#\/schema\/logo\/image\/","url":"https:\/\/noams.dk\/wp-content\/uploads\/2026\/04\/noams-n-logo.jpg","contentUrl":"https:\/\/noams.dk\/wp-content\/uploads\/2026\/04\/noams-n-logo.jpg","width":119,"height":108,"caption":"Noam.dk"},"image":{"@id":"https:\/\/noams.dk\/#\/schema\/logo\/image\/"},"sameAs":["https:\/\/www.facebook.com\/noamsdk"]}]}},"jetpack_sharing_enabled":true,"_links":{"self":[{"href":"https:\/\/noams.dk\/index.php?rest_route=\/wp\/v2\/product\/6929","targetHints":{"allow":["GET"]}}],"collection":[{"href":"https:\/\/noams.dk\/index.php?rest_route=\/wp\/v2\/product"}],"about":[{"href":"https:\/\/noams.dk\/index.php?rest_route=\/wp\/v2\/types\/product"}],"wp:attachment":[{"href":"https:\/\/noams.dk\/index.php?rest_route=%2Fwp%2Fv2%2Fmedia&parent=6929"}],"wp:term":[{"taxonomy":"product_brand","embeddable":true,"href":"https:\/\/noams.dk\/index.php?rest_route=%2Fwp%2Fv2%2Fproduct_brand&post=6929"},{"taxonomy":"product_cat","embeddable":true,"href":"https:\/\/noams.dk\/index.php?rest_route=%2Fwp%2Fv2%2Fproduct_cat&post=6929"},{"taxonomy":"product_tag","embeddable":true,"href":"https:\/\/noams.dk\/index.php?rest_route=%2Fwp%2Fv2%2Fproduct_tag&post=6929"}],"curies":[{"name":"wp","href":"https:\/\/api.w.org\/{rel}","templated":true}]}}