{"id":6984,"date":"2026-04-04T22:06:12","date_gmt":"2026-04-04T21:06:12","guid":{"rendered":"https:\/\/noams.dk\/?product=takt-og-tone-i-himmelsengen-dvd"},"modified":"2026-04-25T20:09:50","modified_gmt":"2026-04-25T18:09:50","slug":"takt-og-tone-i-himmelsengen-dvd","status":"publish","type":"product","link":"https:\/\/noams.dk\/?product=takt-og-tone-i-himmelsengen-dvd","title":{"rendered":"Takt og Tone i Himmelsengen (DVD)"},"content":{"rendered":"<p><strong>Beskrivelse<\/strong><br \/>\nDet er sv\u00e6rt at v\u00e6re greve &#8211; is\u00e6r n\u00e5r man ingen penge har. For hvem kan holde et stort slot, n\u00e5r der flyver m\u00f8l op af pengeposen? Nogle fors\u00f8ger sig med at fremvise slottet, veteranbiler osv. Men Grev Axel har en meget bedre ide&#8230; Piger! Og s\u00e5 betaler de bes\u00f8gende ikke sm\u00e5penge for at komme ind. Men alt g\u00e5r dog ikke helt som planlagt, s\u00e5 pigerne, der er opdraget til at klare enhver situation, viser at de ogs\u00e5 kan det.Oplev nogle af Danmarks popul\u00e6reste skuespillere i dette festlige, fr\u00e6kke og forrygende lystspil fra de frigjorte 70\u2018ere!<\/p>\n<p><strong>Format: DVD<\/strong><br \/>\n<strong>Sprog: Dansk &#8211; Mono 1.0<\/strong><br \/>\n<strong>Undertekster: Dansk for h\u00f8reh\u00e6mmede<\/strong><br \/>\n<strong>Spilletid: 83 min<\/strong><br \/>\n<strong>Genre: Erotisk Lystspil<\/strong><br \/>\n<strong>Produktions\u00e5r: 1978<\/strong><br \/>\n<strong>Varenr: 5708758703468<\/strong><\/p>\n","protected":false},"excerpt":{"rendered":"<p>Beskrivelse Det er sv\u00e6rt at v\u00e6re greve &#8211; is\u00e6r n\u00e5r man ingen penge har. For hvem kan holde et stort slot, n\u00e5r der flyver m\u00f8l op af pengeposen? Nogle fors\u00f8ger sig med at fremvise slottet, veteranbiler osv. Men Grev Axel har en meget bedre ide&#8230; Piger! Og s\u00e5 betaler de bes\u00f8gende ikke sm\u00e5penge for at [&#8230;]\n","protected":false},"featured_media":0,"template":"","meta":{"_themeisle_gutenberg_block_has_review":false},"product_brand":[],"product_cat":[47,771],"product_tag":[],"class_list":{"0":"post-6984","1":"product","2":"type-product","3":"status-publish","5":"product_cat-film","6":"product_cat-gamle-danske-film","8":"first","9":"instock","10":"sold-individually","11":"taxable","12":"shipping-taxable","13":"purchasable","14":"product-type-simple"},"supplier_id":null,"supplier_sku":"","barcode":null,"atum_controlled":true,"out_stock_date":null,"out_stock_threshold":null,"inheritable":false,"inbound_stock":null,"stock_on_hold":null,"sold_today":null,"sales_last_days":null,"reserved_stock":null,"customer_returns":null,"warehouse_damage":null,"lost_in_post":null,"other_logs":null,"out_stock_days":null,"lost_sales":null,"has_location":false,"update_date":"2026-04-25T18:09:51","atum_locations":[],"atum_stock_status":"instock","restock_status":false,"low_stock_amount":"","sales_update_date":null,"calc_backorders":null,"yoast_head":"<!-- This site is optimized with the Yoast SEO plugin v27.5 - https:\/\/yoast.com\/product\/yoast-seo-wordpress\/ -->\n<title>Takt og Tone i Himmelsengen (DVD) - Noams.dk<\/title>\n<meta name=\"robots\" content=\"index, follow, max-snippet:-1, max-image-preview:large, max-video-preview:-1\" \/>\n<link rel=\"canonical\" href=\"https:\/\/noams.dk\/?product=takt-og-tone-i-himmelsengen-dvd\" \/>\n<meta property=\"og:locale\" content=\"da_DK\" \/>\n<meta property=\"og:type\" content=\"article\" \/>\n<meta property=\"og:title\" content=\"Takt og Tone i Himmelsengen (DVD) - Noams.dk\" \/>\n<meta property=\"og:description\" content=\"Beskrivelse Det er sv\u00e6rt at v\u00e6re greve &#8211; is\u00e6r n\u00e5r man ingen penge har. For hvem kan holde et stort slot, n\u00e5r der flyver m\u00f8l op af pengeposen? Nogle fors\u00f8ger sig med at fremvise slottet, veteranbiler osv. Men Grev Axel har en meget bedre ide&#8230; Piger! Og s\u00e5 betaler de bes\u00f8gende ikke sm\u00e5penge for at [...]\" \/>\n<meta property=\"og:url\" content=\"https:\/\/noams.dk\/?product=takt-og-tone-i-himmelsengen-dvd\" \/>\n<meta property=\"og:site_name\" content=\"Noams.dk\" \/>\n<meta property=\"article:publisher\" content=\"https:\/\/www.facebook.com\/noamsdk\" \/>\n<meta property=\"article:modified_time\" content=\"2026-04-25T18:09:50+00:00\" \/>\n<meta name=\"twitter:card\" content=\"summary_large_image\" \/>\n<meta name=\"twitter:label1\" content=\"Estimeret l\u00e6setid\" \/>\n\t<meta name=\"twitter:data1\" content=\"1 minut\" \/>\n<script type=\"application\/ld+json\" class=\"yoast-schema-graph\">{\"@context\":\"https:\\\/\\\/schema.org\",\"@graph\":[{\"@type\":\"WebPage\",\"@id\":\"https:\\\/\\\/noams.dk\\\/?product=takt-og-tone-i-himmelsengen-dvd\",\"url\":\"https:\\\/\\\/noams.dk\\\/?product=takt-og-tone-i-himmelsengen-dvd\",\"name\":\"Takt og Tone i Himmelsengen (DVD) - Noams.dk\",\"isPartOf\":{\"@id\":\"https:\\\/\\\/noams.dk\\\/#website\"},\"datePublished\":\"2026-04-04T21:06:12+00:00\",\"dateModified\":\"2026-04-25T18:09:50+00:00\",\"breadcrumb\":{\"@id\":\"https:\\\/\\\/noams.dk\\\/?product=takt-og-tone-i-himmelsengen-dvd#breadcrumb\"},\"inLanguage\":\"da-DK\",\"potentialAction\":[{\"@type\":\"ReadAction\",\"target\":[\"https:\\\/\\\/noams.dk\\\/?product=takt-og-tone-i-himmelsengen-dvd\"]}]},{\"@type\":\"BreadcrumbList\",\"@id\":\"https:\\\/\\\/noams.dk\\\/?product=takt-og-tone-i-himmelsengen-dvd#breadcrumb\",\"itemListElement\":[{\"@type\":\"ListItem\",\"position\":1,\"name\":\"Hjem\",\"item\":\"https:\\\/\\\/noams.dk\\\/\"},{\"@type\":\"ListItem\",\"position\":2,\"name\":\"Shop\",\"item\":\"https:\\\/\\\/noams.dk\\\/?page_id=8\"},{\"@type\":\"ListItem\",\"position\":3,\"name\":\"Takt og Tone i Himmelsengen (DVD)\"}]},{\"@type\":\"WebSite\",\"@id\":\"https:\\\/\\\/noams.dk\\\/#website\",\"url\":\"https:\\\/\\\/noams.dk\\\/\",\"name\":\"Noam.dk\",\"description\":\"Din butik for vinyl, cd&#039;er og film.\",\"publisher\":{\"@id\":\"https:\\\/\\\/noams.dk\\\/#organization\"},\"potentialAction\":[{\"@type\":\"SearchAction\",\"target\":{\"@type\":\"EntryPoint\",\"urlTemplate\":\"https:\\\/\\\/noams.dk\\\/?s={search_term_string}\"},\"query-input\":{\"@type\":\"PropertyValueSpecification\",\"valueRequired\":true,\"valueName\":\"search_term_string\"}}],\"inLanguage\":\"da-DK\"},{\"@type\":\"Organization\",\"@id\":\"https:\\\/\\\/noams.dk\\\/#organization\",\"name\":\"Noam.dk\",\"url\":\"https:\\\/\\\/noams.dk\\\/\",\"logo\":{\"@type\":\"ImageObject\",\"inLanguage\":\"da-DK\",\"@id\":\"https:\\\/\\\/noams.dk\\\/#\\\/schema\\\/logo\\\/image\\\/\",\"url\":\"https:\\\/\\\/noams.dk\\\/wp-content\\\/uploads\\\/2026\\\/04\\\/noams-n-logo.jpg\",\"contentUrl\":\"https:\\\/\\\/noams.dk\\\/wp-content\\\/uploads\\\/2026\\\/04\\\/noams-n-logo.jpg\",\"width\":119,\"height\":108,\"caption\":\"Noam.dk\"},\"image\":{\"@id\":\"https:\\\/\\\/noams.dk\\\/#\\\/schema\\\/logo\\\/image\\\/\"},\"sameAs\":[\"https:\\\/\\\/www.facebook.com\\\/noamsdk\"]}]}<\/script>\n<!-- \/ Yoast SEO plugin. -->","yoast_head_json":{"title":"Takt og Tone i Himmelsengen (DVD) - Noams.dk","robots":{"index":"index","follow":"follow","max-snippet":"max-snippet:-1","max-image-preview":"max-image-preview:large","max-video-preview":"max-video-preview:-1"},"canonical":"https:\/\/noams.dk\/?product=takt-og-tone-i-himmelsengen-dvd","og_locale":"da_DK","og_type":"article","og_title":"Takt og Tone i Himmelsengen (DVD) - Noams.dk","og_description":"Beskrivelse Det er sv\u00e6rt at v\u00e6re greve &#8211; is\u00e6r n\u00e5r man ingen penge har. For hvem kan holde et stort slot, n\u00e5r der flyver m\u00f8l op af pengeposen? Nogle fors\u00f8ger sig med at fremvise slottet, veteranbiler osv. Men Grev Axel har en meget bedre ide&#8230; Piger! Og s\u00e5 betaler de bes\u00f8gende ikke sm\u00e5penge for at [...]","og_url":"https:\/\/noams.dk\/?product=takt-og-tone-i-himmelsengen-dvd","og_site_name":"Noams.dk","article_publisher":"https:\/\/www.facebook.com\/noamsdk","article_modified_time":"2026-04-25T18:09:50+00:00","twitter_card":"summary_large_image","twitter_misc":{"Estimeret l\u00e6setid":"1 minut"},"schema":{"@context":"https:\/\/schema.org","@graph":[{"@type":"WebPage","@id":"https:\/\/noams.dk\/?product=takt-og-tone-i-himmelsengen-dvd","url":"https:\/\/noams.dk\/?product=takt-og-tone-i-himmelsengen-dvd","name":"Takt og Tone i Himmelsengen (DVD) - Noams.dk","isPartOf":{"@id":"https:\/\/noams.dk\/#website"},"datePublished":"2026-04-04T21:06:12+00:00","dateModified":"2026-04-25T18:09:50+00:00","breadcrumb":{"@id":"https:\/\/noams.dk\/?product=takt-og-tone-i-himmelsengen-dvd#breadcrumb"},"inLanguage":"da-DK","potentialAction":[{"@type":"ReadAction","target":["https:\/\/noams.dk\/?product=takt-og-tone-i-himmelsengen-dvd"]}]},{"@type":"BreadcrumbList","@id":"https:\/\/noams.dk\/?product=takt-og-tone-i-himmelsengen-dvd#breadcrumb","itemListElement":[{"@type":"ListItem","position":1,"name":"Hjem","item":"https:\/\/noams.dk\/"},{"@type":"ListItem","position":2,"name":"Shop","item":"https:\/\/noams.dk\/?page_id=8"},{"@type":"ListItem","position":3,"name":"Takt og Tone i Himmelsengen (DVD)"}]},{"@type":"WebSite","@id":"https:\/\/noams.dk\/#website","url":"https:\/\/noams.dk\/","name":"Noam.dk","description":"Din butik for vinyl, cd&#039;er og film.","publisher":{"@id":"https:\/\/noams.dk\/#organization"},"potentialAction":[{"@type":"SearchAction","target":{"@type":"EntryPoint","urlTemplate":"https:\/\/noams.dk\/?s={search_term_string}"},"query-input":{"@type":"PropertyValueSpecification","valueRequired":true,"valueName":"search_term_string"}}],"inLanguage":"da-DK"},{"@type":"Organization","@id":"https:\/\/noams.dk\/#organization","name":"Noam.dk","url":"https:\/\/noams.dk\/","logo":{"@type":"ImageObject","inLanguage":"da-DK","@id":"https:\/\/noams.dk\/#\/schema\/logo\/image\/","url":"https:\/\/noams.dk\/wp-content\/uploads\/2026\/04\/noams-n-logo.jpg","contentUrl":"https:\/\/noams.dk\/wp-content\/uploads\/2026\/04\/noams-n-logo.jpg","width":119,"height":108,"caption":"Noam.dk"},"image":{"@id":"https:\/\/noams.dk\/#\/schema\/logo\/image\/"},"sameAs":["https:\/\/www.facebook.com\/noamsdk"]}]}},"jetpack_sharing_enabled":true,"_links":{"self":[{"href":"https:\/\/noams.dk\/index.php?rest_route=\/wp\/v2\/product\/6984","targetHints":{"allow":["GET"]}}],"collection":[{"href":"https:\/\/noams.dk\/index.php?rest_route=\/wp\/v2\/product"}],"about":[{"href":"https:\/\/noams.dk\/index.php?rest_route=\/wp\/v2\/types\/product"}],"wp:attachment":[{"href":"https:\/\/noams.dk\/index.php?rest_route=%2Fwp%2Fv2%2Fmedia&parent=6984"}],"wp:term":[{"taxonomy":"product_brand","embeddable":true,"href":"https:\/\/noams.dk\/index.php?rest_route=%2Fwp%2Fv2%2Fproduct_brand&post=6984"},{"taxonomy":"product_cat","embeddable":true,"href":"https:\/\/noams.dk\/index.php?rest_route=%2Fwp%2Fv2%2Fproduct_cat&post=6984"},{"taxonomy":"product_tag","embeddable":true,"href":"https:\/\/noams.dk\/index.php?rest_route=%2Fwp%2Fv2%2Fproduct_tag&post=6984"}],"curies":[{"name":"wp","href":"https:\/\/api.w.org\/{rel}","templated":true}]}}