{"id":6988,"date":"2026-04-04T22:06:12","date_gmt":"2026-04-04T21:06:12","guid":{"rendered":"https:\/\/noams.dk\/?product=otte-akkorder-dvd"},"modified":"2026-04-25T15:11:46","modified_gmt":"2026-04-25T13:11:46","slug":"otte-akkorder-dvd","status":"publish","type":"product","link":"https:\/\/noams.dk\/?product=otte-akkorder-dvd","title":{"rendered":"Otte Akkorder (DVD)"},"content":{"rendered":"<p><strong>Beskrivelse<\/strong><br \/>\nFilmen fort\u00e6ller bl\u00e6ndende og medrivende om otte uafh\u00e6ngige episoder &#8211; otte akkorder, som hver har sit milj\u00f8 og sine hovedpersoner, der er k\u00e6det sammen af et stykke musik.<br \/>\nDen er indspillet p\u00e5 en grammofonplade, der vandrer fra den ene episode over i den anden enten ved at blive k\u00f8bt, for\u00e6ret, glemt, stj\u00e5let eller byttet. I hvert enkelt tilf\u00e6lde spiller pladen en afg\u00f8rende rolle for den, der er i besiddelse af den. I disse milj\u00f8er m\u00f8der vi en r\u00e6kke mennesker i kritiske og dramatiske \u00f8jeblikke i deres tilv\u00e6relse, \u00f8jeblikke der skal blive sk\u00e6bnesvangre for dem, da pladen kommer ind i deres liv&#8230;<\/p>\n<p><strong>Format: DVD &#8211; Digitally Remastered<\/strong><br \/>\n<strong>Sprog: Dansk &#8211; Dolby Digital 1.0<\/strong><br \/>\n<strong>Undertekster: Dansk for h\u00f8reh\u00e6mmede<\/strong><br \/>\n<strong>Spilletid: 104 min<\/strong><br \/>\n<strong>Genre: Familiefilm<\/strong><br \/>\n<strong>Produktions\u00e5r: 1944<\/strong><br \/>\n<strong>Varenr: 5706102334290\/5709165205323<\/strong><\/p>\n<p>&nbsp;<\/p>\n","protected":false},"excerpt":{"rendered":"<p>Beskrivelse Filmen fort\u00e6ller bl\u00e6ndende og medrivende om otte uafh\u00e6ngige episoder &#8211; otte akkorder, som hver har sit milj\u00f8 og sine hovedpersoner, der er k\u00e6det sammen af et stykke musik. Den er indspillet p\u00e5 en grammofonplade, der vandrer fra den ene episode over i den anden enten ved at blive k\u00f8bt, for\u00e6ret, glemt, stj\u00e5let eller byttet. [&#8230;]\n","protected":false},"featured_media":0,"template":"","meta":{"_themeisle_gutenberg_block_has_review":false},"product_brand":[],"product_cat":[47,771],"product_tag":[],"class_list":{"0":"post-6988","1":"product","2":"type-product","3":"status-publish","5":"product_cat-film","6":"product_cat-gamle-danske-film","8":"first","9":"instock","10":"sold-individually","11":"taxable","12":"shipping-taxable","13":"purchasable","14":"product-type-simple"},"supplier_id":null,"supplier_sku":"","barcode":null,"atum_controlled":true,"out_stock_date":null,"out_stock_threshold":null,"inheritable":false,"inbound_stock":null,"stock_on_hold":null,"sold_today":null,"sales_last_days":null,"reserved_stock":null,"customer_returns":null,"warehouse_damage":null,"lost_in_post":null,"other_logs":null,"out_stock_days":null,"lost_sales":null,"has_location":false,"update_date":"2026-04-25T13:11:48","atum_locations":[],"atum_stock_status":"instock","restock_status":false,"low_stock_amount":"","sales_update_date":null,"calc_backorders":null,"yoast_head":"<!-- This site is optimized with the Yoast SEO plugin v27.5 - https:\/\/yoast.com\/product\/yoast-seo-wordpress\/ -->\n<title>Otte Akkorder (DVD) - Noams.dk<\/title>\n<meta name=\"robots\" content=\"index, follow, max-snippet:-1, max-image-preview:large, max-video-preview:-1\" \/>\n<link rel=\"canonical\" href=\"https:\/\/noams.dk\/?product=otte-akkorder-dvd\" \/>\n<meta property=\"og:locale\" content=\"da_DK\" \/>\n<meta property=\"og:type\" content=\"article\" \/>\n<meta property=\"og:title\" content=\"Otte Akkorder (DVD) - Noams.dk\" \/>\n<meta property=\"og:description\" content=\"Beskrivelse Filmen fort\u00e6ller bl\u00e6ndende og medrivende om otte uafh\u00e6ngige episoder &#8211; otte akkorder, som hver har sit milj\u00f8 og sine hovedpersoner, der er k\u00e6det sammen af et stykke musik. Den er indspillet p\u00e5 en grammofonplade, der vandrer fra den ene episode over i den anden enten ved at blive k\u00f8bt, for\u00e6ret, glemt, stj\u00e5let eller byttet. [...]\" \/>\n<meta property=\"og:url\" content=\"https:\/\/noams.dk\/?product=otte-akkorder-dvd\" \/>\n<meta property=\"og:site_name\" content=\"Noams.dk\" \/>\n<meta property=\"article:publisher\" content=\"https:\/\/www.facebook.com\/noamsdk\" \/>\n<meta property=\"article:modified_time\" content=\"2026-04-25T13:11:46+00:00\" \/>\n<meta name=\"twitter:card\" content=\"summary_large_image\" \/>\n<meta name=\"twitter:label1\" content=\"Estimeret l\u00e6setid\" \/>\n\t<meta name=\"twitter:data1\" content=\"1 minut\" \/>\n<script type=\"application\/ld+json\" class=\"yoast-schema-graph\">{\"@context\":\"https:\\\/\\\/schema.org\",\"@graph\":[{\"@type\":\"WebPage\",\"@id\":\"https:\\\/\\\/noams.dk\\\/?product=otte-akkorder-dvd\",\"url\":\"https:\\\/\\\/noams.dk\\\/?product=otte-akkorder-dvd\",\"name\":\"Otte Akkorder (DVD) - Noams.dk\",\"isPartOf\":{\"@id\":\"https:\\\/\\\/noams.dk\\\/#website\"},\"datePublished\":\"2026-04-04T21:06:12+00:00\",\"dateModified\":\"2026-04-25T13:11:46+00:00\",\"breadcrumb\":{\"@id\":\"https:\\\/\\\/noams.dk\\\/?product=otte-akkorder-dvd#breadcrumb\"},\"inLanguage\":\"da-DK\",\"potentialAction\":[{\"@type\":\"ReadAction\",\"target\":[\"https:\\\/\\\/noams.dk\\\/?product=otte-akkorder-dvd\"]}]},{\"@type\":\"BreadcrumbList\",\"@id\":\"https:\\\/\\\/noams.dk\\\/?product=otte-akkorder-dvd#breadcrumb\",\"itemListElement\":[{\"@type\":\"ListItem\",\"position\":1,\"name\":\"Hjem\",\"item\":\"https:\\\/\\\/noams.dk\\\/\"},{\"@type\":\"ListItem\",\"position\":2,\"name\":\"Shop\",\"item\":\"https:\\\/\\\/noams.dk\\\/?page_id=8\"},{\"@type\":\"ListItem\",\"position\":3,\"name\":\"Otte Akkorder (DVD)\"}]},{\"@type\":\"WebSite\",\"@id\":\"https:\\\/\\\/noams.dk\\\/#website\",\"url\":\"https:\\\/\\\/noams.dk\\\/\",\"name\":\"Noam.dk\",\"description\":\"Din butik for vinyl, cd&#039;er og film.\",\"publisher\":{\"@id\":\"https:\\\/\\\/noams.dk\\\/#organization\"},\"potentialAction\":[{\"@type\":\"SearchAction\",\"target\":{\"@type\":\"EntryPoint\",\"urlTemplate\":\"https:\\\/\\\/noams.dk\\\/?s={search_term_string}\"},\"query-input\":{\"@type\":\"PropertyValueSpecification\",\"valueRequired\":true,\"valueName\":\"search_term_string\"}}],\"inLanguage\":\"da-DK\"},{\"@type\":\"Organization\",\"@id\":\"https:\\\/\\\/noams.dk\\\/#organization\",\"name\":\"Noam.dk\",\"url\":\"https:\\\/\\\/noams.dk\\\/\",\"logo\":{\"@type\":\"ImageObject\",\"inLanguage\":\"da-DK\",\"@id\":\"https:\\\/\\\/noams.dk\\\/#\\\/schema\\\/logo\\\/image\\\/\",\"url\":\"https:\\\/\\\/noams.dk\\\/wp-content\\\/uploads\\\/2026\\\/04\\\/noams-n-logo.jpg\",\"contentUrl\":\"https:\\\/\\\/noams.dk\\\/wp-content\\\/uploads\\\/2026\\\/04\\\/noams-n-logo.jpg\",\"width\":119,\"height\":108,\"caption\":\"Noam.dk\"},\"image\":{\"@id\":\"https:\\\/\\\/noams.dk\\\/#\\\/schema\\\/logo\\\/image\\\/\"},\"sameAs\":[\"https:\\\/\\\/www.facebook.com\\\/noamsdk\"]}]}<\/script>\n<!-- \/ Yoast SEO plugin. -->","yoast_head_json":{"title":"Otte Akkorder (DVD) - Noams.dk","robots":{"index":"index","follow":"follow","max-snippet":"max-snippet:-1","max-image-preview":"max-image-preview:large","max-video-preview":"max-video-preview:-1"},"canonical":"https:\/\/noams.dk\/?product=otte-akkorder-dvd","og_locale":"da_DK","og_type":"article","og_title":"Otte Akkorder (DVD) - Noams.dk","og_description":"Beskrivelse Filmen fort\u00e6ller bl\u00e6ndende og medrivende om otte uafh\u00e6ngige episoder &#8211; otte akkorder, som hver har sit milj\u00f8 og sine hovedpersoner, der er k\u00e6det sammen af et stykke musik. Den er indspillet p\u00e5 en grammofonplade, der vandrer fra den ene episode over i den anden enten ved at blive k\u00f8bt, for\u00e6ret, glemt, stj\u00e5let eller byttet. [...]","og_url":"https:\/\/noams.dk\/?product=otte-akkorder-dvd","og_site_name":"Noams.dk","article_publisher":"https:\/\/www.facebook.com\/noamsdk","article_modified_time":"2026-04-25T13:11:46+00:00","twitter_card":"summary_large_image","twitter_misc":{"Estimeret l\u00e6setid":"1 minut"},"schema":{"@context":"https:\/\/schema.org","@graph":[{"@type":"WebPage","@id":"https:\/\/noams.dk\/?product=otte-akkorder-dvd","url":"https:\/\/noams.dk\/?product=otte-akkorder-dvd","name":"Otte Akkorder (DVD) - Noams.dk","isPartOf":{"@id":"https:\/\/noams.dk\/#website"},"datePublished":"2026-04-04T21:06:12+00:00","dateModified":"2026-04-25T13:11:46+00:00","breadcrumb":{"@id":"https:\/\/noams.dk\/?product=otte-akkorder-dvd#breadcrumb"},"inLanguage":"da-DK","potentialAction":[{"@type":"ReadAction","target":["https:\/\/noams.dk\/?product=otte-akkorder-dvd"]}]},{"@type":"BreadcrumbList","@id":"https:\/\/noams.dk\/?product=otte-akkorder-dvd#breadcrumb","itemListElement":[{"@type":"ListItem","position":1,"name":"Hjem","item":"https:\/\/noams.dk\/"},{"@type":"ListItem","position":2,"name":"Shop","item":"https:\/\/noams.dk\/?page_id=8"},{"@type":"ListItem","position":3,"name":"Otte Akkorder (DVD)"}]},{"@type":"WebSite","@id":"https:\/\/noams.dk\/#website","url":"https:\/\/noams.dk\/","name":"Noam.dk","description":"Din butik for vinyl, cd&#039;er og film.","publisher":{"@id":"https:\/\/noams.dk\/#organization"},"potentialAction":[{"@type":"SearchAction","target":{"@type":"EntryPoint","urlTemplate":"https:\/\/noams.dk\/?s={search_term_string}"},"query-input":{"@type":"PropertyValueSpecification","valueRequired":true,"valueName":"search_term_string"}}],"inLanguage":"da-DK"},{"@type":"Organization","@id":"https:\/\/noams.dk\/#organization","name":"Noam.dk","url":"https:\/\/noams.dk\/","logo":{"@type":"ImageObject","inLanguage":"da-DK","@id":"https:\/\/noams.dk\/#\/schema\/logo\/image\/","url":"https:\/\/noams.dk\/wp-content\/uploads\/2026\/04\/noams-n-logo.jpg","contentUrl":"https:\/\/noams.dk\/wp-content\/uploads\/2026\/04\/noams-n-logo.jpg","width":119,"height":108,"caption":"Noam.dk"},"image":{"@id":"https:\/\/noams.dk\/#\/schema\/logo\/image\/"},"sameAs":["https:\/\/www.facebook.com\/noamsdk"]}]}},"jetpack_sharing_enabled":true,"_links":{"self":[{"href":"https:\/\/noams.dk\/index.php?rest_route=\/wp\/v2\/product\/6988","targetHints":{"allow":["GET"]}}],"collection":[{"href":"https:\/\/noams.dk\/index.php?rest_route=\/wp\/v2\/product"}],"about":[{"href":"https:\/\/noams.dk\/index.php?rest_route=\/wp\/v2\/types\/product"}],"wp:attachment":[{"href":"https:\/\/noams.dk\/index.php?rest_route=%2Fwp%2Fv2%2Fmedia&parent=6988"}],"wp:term":[{"taxonomy":"product_brand","embeddable":true,"href":"https:\/\/noams.dk\/index.php?rest_route=%2Fwp%2Fv2%2Fproduct_brand&post=6988"},{"taxonomy":"product_cat","embeddable":true,"href":"https:\/\/noams.dk\/index.php?rest_route=%2Fwp%2Fv2%2Fproduct_cat&post=6988"},{"taxonomy":"product_tag","embeddable":true,"href":"https:\/\/noams.dk\/index.php?rest_route=%2Fwp%2Fv2%2Fproduct_tag&post=6988"}],"curies":[{"name":"wp","href":"https:\/\/api.w.org\/{rel}","templated":true}]}}