{"id":7115,"date":"2026-04-04T22:06:41","date_gmt":"2026-04-04T21:06:41","guid":{"rendered":"https:\/\/noams.dk\/?product=to-skoere-hoder-dvd"},"modified":"2026-04-25T20:17:55","modified_gmt":"2026-04-25T18:17:55","slug":"to-skoere-hoder-dvd","status":"publish","type":"product","link":"https:\/\/noams.dk\/?product=to-skoere-hoder-dvd","title":{"rendered":"To Sk\u00f8re ho&#8217;der (DVD)"},"content":{"rendered":"<p><strong>Beskrivelse<\/strong><br \/>\nDa to g\u00e6ve gutter Paul og Preben ligger p\u00e5 samme hospital &#8211; begge indlagt for maves\u00e5r. Paul, fordi han lider under sin tante Klara og yndige forlovede Susannes helt usandsynlige omhu. Preben fordi han har f\u00e5et en 12\u00e8r i tipning og ikke kan finde kuponen!.P\u00e5 vej til unders\u00f8gelse k\u00f8rer sengene sammen, der bliver panik p\u00e5 gangene, overl\u00e6gen v\u00e6ltes omkuld og videre g\u00e5r den vilde k\u00f8rsel. De to fyre bliver smidt ud af hospitalet med fynd og klem. De ender i en feriekoloni og s\u00e5 tager begivenhederne fart. Men vore to venner er mestre i at klare alle mulige og umulige situationer &#8211; og det g\u00f8r de ogs\u00e5 denne gang&#8230;.<\/p>\n<p><strong>Format: DVD<\/strong><br \/>\n<strong>Sprog: Dansk &#8211; Dolby Digital 1.0<\/strong><br \/>\n<strong>Undertekster: Dansk for h\u00f8reh\u00e6mmede<\/strong><br \/>\n<strong>Spilletid: 1 t 12 min<\/strong><br \/>\n<strong>Genre: Farce<\/strong><br \/>\n<strong>Produktions\u00e5r: 1961 &#8211; Sort\/Hvid<\/strong><br \/>\n<strong>Varenr: 5708758703505<\/strong><\/p>\n","protected":false},"excerpt":{"rendered":"<p>Beskrivelse Da to g\u00e6ve gutter Paul og Preben ligger p\u00e5 samme hospital &#8211; begge indlagt for maves\u00e5r. Paul, fordi han lider under sin tante Klara og yndige forlovede Susannes helt usandsynlige omhu. Preben fordi han har f\u00e5et en 12\u00e8r i tipning og ikke kan finde kuponen!.P\u00e5 vej til unders\u00f8gelse k\u00f8rer sengene sammen, der bliver panik [&#8230;]\n","protected":false},"featured_media":26648,"template":"","meta":{"_themeisle_gutenberg_block_has_review":false},"product_brand":[],"product_cat":[47,771],"product_tag":[],"class_list":{"0":"post-7115","1":"product","2":"type-product","3":"status-publish","4":"has-post-thumbnail","6":"product_cat-film","7":"product_cat-gamle-danske-film","9":"first","10":"instock","11":"sold-individually","12":"taxable","13":"shipping-taxable","14":"purchasable","15":"product-type-simple"},"supplier_id":null,"supplier_sku":"","barcode":null,"atum_controlled":true,"out_stock_date":null,"out_stock_threshold":null,"inheritable":false,"inbound_stock":null,"stock_on_hold":0,"sold_today":0,"sales_last_days":0,"reserved_stock":null,"customer_returns":null,"warehouse_damage":null,"lost_in_post":null,"other_logs":null,"out_stock_days":0,"lost_sales":0,"has_location":false,"update_date":"2026-04-29T18:46:27","atum_locations":[],"atum_stock_status":"instock","restock_status":false,"low_stock_amount":"","sales_update_date":"2026-04-29T18:46:27","calc_backorders":null,"yoast_head":"<!-- This site is optimized with the Yoast SEO plugin v27.5 - https:\/\/yoast.com\/product\/yoast-seo-wordpress\/ -->\n<title>To Sk\u00f8re ho&#039;der (DVD) - Noams.dk<\/title>\n<meta name=\"robots\" content=\"index, follow, max-snippet:-1, max-image-preview:large, max-video-preview:-1\" \/>\n<link rel=\"canonical\" href=\"https:\/\/noams.dk\/?product=to-skoere-hoder-dvd\" \/>\n<meta property=\"og:locale\" content=\"da_DK\" \/>\n<meta property=\"og:type\" content=\"article\" \/>\n<meta property=\"og:title\" content=\"To Sk\u00f8re ho&#039;der (DVD) - Noams.dk\" \/>\n<meta property=\"og:description\" content=\"Beskrivelse Da to g\u00e6ve gutter Paul og Preben ligger p\u00e5 samme hospital &#8211; begge indlagt for maves\u00e5r. Paul, fordi han lider under sin tante Klara og yndige forlovede Susannes helt usandsynlige omhu. Preben fordi han har f\u00e5et en 12\u00e8r i tipning og ikke kan finde kuponen!.P\u00e5 vej til unders\u00f8gelse k\u00f8rer sengene sammen, der bliver panik [...]\" \/>\n<meta property=\"og:url\" content=\"https:\/\/noams.dk\/?product=to-skoere-hoder-dvd\" \/>\n<meta property=\"og:site_name\" content=\"Noams.dk\" \/>\n<meta property=\"article:publisher\" content=\"https:\/\/www.facebook.com\/noamsdk\" \/>\n<meta property=\"article:modified_time\" content=\"2026-04-25T18:17:55+00:00\" \/>\n<meta property=\"og:image\" content=\"https:\/\/noams.dk\/wp-content\/uploads\/2026\/04\/To-Skoere-hoder-DVD.jpg\" \/>\n\t<meta property=\"og:image:width\" content=\"350\" \/>\n\t<meta property=\"og:image:height\" content=\"491\" \/>\n\t<meta property=\"og:image:type\" content=\"image\/jpeg\" \/>\n<meta name=\"twitter:card\" content=\"summary_large_image\" \/>\n<meta name=\"twitter:label1\" content=\"Estimeret l\u00e6setid\" \/>\n\t<meta name=\"twitter:data1\" content=\"1 minut\" \/>\n<script type=\"application\/ld+json\" class=\"yoast-schema-graph\">{\"@context\":\"https:\\\/\\\/schema.org\",\"@graph\":[{\"@type\":\"WebPage\",\"@id\":\"https:\\\/\\\/noams.dk\\\/?product=to-skoere-hoder-dvd\",\"url\":\"https:\\\/\\\/noams.dk\\\/?product=to-skoere-hoder-dvd\",\"name\":\"To Sk\u00f8re ho'der (DVD) - Noams.dk\",\"isPartOf\":{\"@id\":\"https:\\\/\\\/noams.dk\\\/#website\"},\"primaryImageOfPage\":{\"@id\":\"https:\\\/\\\/noams.dk\\\/?product=to-skoere-hoder-dvd#primaryimage\"},\"image\":{\"@id\":\"https:\\\/\\\/noams.dk\\\/?product=to-skoere-hoder-dvd#primaryimage\"},\"thumbnailUrl\":\"https:\\\/\\\/noams.dk\\\/wp-content\\\/uploads\\\/2026\\\/04\\\/To-Skoere-hoder-DVD.jpg\",\"datePublished\":\"2026-04-04T21:06:41+00:00\",\"dateModified\":\"2026-04-25T18:17:55+00:00\",\"breadcrumb\":{\"@id\":\"https:\\\/\\\/noams.dk\\\/?product=to-skoere-hoder-dvd#breadcrumb\"},\"inLanguage\":\"da-DK\",\"potentialAction\":[{\"@type\":\"ReadAction\",\"target\":[\"https:\\\/\\\/noams.dk\\\/?product=to-skoere-hoder-dvd\"]}]},{\"@type\":\"ImageObject\",\"inLanguage\":\"da-DK\",\"@id\":\"https:\\\/\\\/noams.dk\\\/?product=to-skoere-hoder-dvd#primaryimage\",\"url\":\"https:\\\/\\\/noams.dk\\\/wp-content\\\/uploads\\\/2026\\\/04\\\/To-Skoere-hoder-DVD.jpg\",\"contentUrl\":\"https:\\\/\\\/noams.dk\\\/wp-content\\\/uploads\\\/2026\\\/04\\\/To-Skoere-hoder-DVD.jpg\",\"width\":350,\"height\":491},{\"@type\":\"BreadcrumbList\",\"@id\":\"https:\\\/\\\/noams.dk\\\/?product=to-skoere-hoder-dvd#breadcrumb\",\"itemListElement\":[{\"@type\":\"ListItem\",\"position\":1,\"name\":\"Hjem\",\"item\":\"https:\\\/\\\/noams.dk\\\/\"},{\"@type\":\"ListItem\",\"position\":2,\"name\":\"Shop\",\"item\":\"https:\\\/\\\/noams.dk\\\/?page_id=8\"},{\"@type\":\"ListItem\",\"position\":3,\"name\":\"To Sk\u00f8re ho&#8217;der (DVD)\"}]},{\"@type\":\"WebSite\",\"@id\":\"https:\\\/\\\/noams.dk\\\/#website\",\"url\":\"https:\\\/\\\/noams.dk\\\/\",\"name\":\"Noam.dk\",\"description\":\"Din butik for vinyl, cd&#039;er og film.\",\"publisher\":{\"@id\":\"https:\\\/\\\/noams.dk\\\/#organization\"},\"potentialAction\":[{\"@type\":\"SearchAction\",\"target\":{\"@type\":\"EntryPoint\",\"urlTemplate\":\"https:\\\/\\\/noams.dk\\\/?s={search_term_string}\"},\"query-input\":{\"@type\":\"PropertyValueSpecification\",\"valueRequired\":true,\"valueName\":\"search_term_string\"}}],\"inLanguage\":\"da-DK\"},{\"@type\":\"Organization\",\"@id\":\"https:\\\/\\\/noams.dk\\\/#organization\",\"name\":\"Noam.dk\",\"url\":\"https:\\\/\\\/noams.dk\\\/\",\"logo\":{\"@type\":\"ImageObject\",\"inLanguage\":\"da-DK\",\"@id\":\"https:\\\/\\\/noams.dk\\\/#\\\/schema\\\/logo\\\/image\\\/\",\"url\":\"https:\\\/\\\/noams.dk\\\/wp-content\\\/uploads\\\/2026\\\/04\\\/noams-n-logo.jpg\",\"contentUrl\":\"https:\\\/\\\/noams.dk\\\/wp-content\\\/uploads\\\/2026\\\/04\\\/noams-n-logo.jpg\",\"width\":119,\"height\":108,\"caption\":\"Noam.dk\"},\"image\":{\"@id\":\"https:\\\/\\\/noams.dk\\\/#\\\/schema\\\/logo\\\/image\\\/\"},\"sameAs\":[\"https:\\\/\\\/www.facebook.com\\\/noamsdk\"]}]}<\/script>\n<!-- \/ Yoast SEO plugin. -->","yoast_head_json":{"title":"To Sk\u00f8re ho'der (DVD) - Noams.dk","robots":{"index":"index","follow":"follow","max-snippet":"max-snippet:-1","max-image-preview":"max-image-preview:large","max-video-preview":"max-video-preview:-1"},"canonical":"https:\/\/noams.dk\/?product=to-skoere-hoder-dvd","og_locale":"da_DK","og_type":"article","og_title":"To Sk\u00f8re ho'der (DVD) - Noams.dk","og_description":"Beskrivelse Da to g\u00e6ve gutter Paul og Preben ligger p\u00e5 samme hospital &#8211; begge indlagt for maves\u00e5r. Paul, fordi han lider under sin tante Klara og yndige forlovede Susannes helt usandsynlige omhu. Preben fordi han har f\u00e5et en 12\u00e8r i tipning og ikke kan finde kuponen!.P\u00e5 vej til unders\u00f8gelse k\u00f8rer sengene sammen, der bliver panik [...]","og_url":"https:\/\/noams.dk\/?product=to-skoere-hoder-dvd","og_site_name":"Noams.dk","article_publisher":"https:\/\/www.facebook.com\/noamsdk","article_modified_time":"2026-04-25T18:17:55+00:00","og_image":[{"width":350,"height":491,"url":"https:\/\/noams.dk\/wp-content\/uploads\/2026\/04\/To-Skoere-hoder-DVD.jpg","type":"image\/jpeg"}],"twitter_card":"summary_large_image","twitter_misc":{"Estimeret l\u00e6setid":"1 minut"},"schema":{"@context":"https:\/\/schema.org","@graph":[{"@type":"WebPage","@id":"https:\/\/noams.dk\/?product=to-skoere-hoder-dvd","url":"https:\/\/noams.dk\/?product=to-skoere-hoder-dvd","name":"To Sk\u00f8re ho'der (DVD) - Noams.dk","isPartOf":{"@id":"https:\/\/noams.dk\/#website"},"primaryImageOfPage":{"@id":"https:\/\/noams.dk\/?product=to-skoere-hoder-dvd#primaryimage"},"image":{"@id":"https:\/\/noams.dk\/?product=to-skoere-hoder-dvd#primaryimage"},"thumbnailUrl":"https:\/\/noams.dk\/wp-content\/uploads\/2026\/04\/To-Skoere-hoder-DVD.jpg","datePublished":"2026-04-04T21:06:41+00:00","dateModified":"2026-04-25T18:17:55+00:00","breadcrumb":{"@id":"https:\/\/noams.dk\/?product=to-skoere-hoder-dvd#breadcrumb"},"inLanguage":"da-DK","potentialAction":[{"@type":"ReadAction","target":["https:\/\/noams.dk\/?product=to-skoere-hoder-dvd"]}]},{"@type":"ImageObject","inLanguage":"da-DK","@id":"https:\/\/noams.dk\/?product=to-skoere-hoder-dvd#primaryimage","url":"https:\/\/noams.dk\/wp-content\/uploads\/2026\/04\/To-Skoere-hoder-DVD.jpg","contentUrl":"https:\/\/noams.dk\/wp-content\/uploads\/2026\/04\/To-Skoere-hoder-DVD.jpg","width":350,"height":491},{"@type":"BreadcrumbList","@id":"https:\/\/noams.dk\/?product=to-skoere-hoder-dvd#breadcrumb","itemListElement":[{"@type":"ListItem","position":1,"name":"Hjem","item":"https:\/\/noams.dk\/"},{"@type":"ListItem","position":2,"name":"Shop","item":"https:\/\/noams.dk\/?page_id=8"},{"@type":"ListItem","position":3,"name":"To Sk\u00f8re ho&#8217;der (DVD)"}]},{"@type":"WebSite","@id":"https:\/\/noams.dk\/#website","url":"https:\/\/noams.dk\/","name":"Noam.dk","description":"Din butik for vinyl, cd&#039;er og film.","publisher":{"@id":"https:\/\/noams.dk\/#organization"},"potentialAction":[{"@type":"SearchAction","target":{"@type":"EntryPoint","urlTemplate":"https:\/\/noams.dk\/?s={search_term_string}"},"query-input":{"@type":"PropertyValueSpecification","valueRequired":true,"valueName":"search_term_string"}}],"inLanguage":"da-DK"},{"@type":"Organization","@id":"https:\/\/noams.dk\/#organization","name":"Noam.dk","url":"https:\/\/noams.dk\/","logo":{"@type":"ImageObject","inLanguage":"da-DK","@id":"https:\/\/noams.dk\/#\/schema\/logo\/image\/","url":"https:\/\/noams.dk\/wp-content\/uploads\/2026\/04\/noams-n-logo.jpg","contentUrl":"https:\/\/noams.dk\/wp-content\/uploads\/2026\/04\/noams-n-logo.jpg","width":119,"height":108,"caption":"Noam.dk"},"image":{"@id":"https:\/\/noams.dk\/#\/schema\/logo\/image\/"},"sameAs":["https:\/\/www.facebook.com\/noamsdk"]}]}},"jetpack_sharing_enabled":true,"_links":{"self":[{"href":"https:\/\/noams.dk\/index.php?rest_route=\/wp\/v2\/product\/7115","targetHints":{"allow":["GET"]}}],"collection":[{"href":"https:\/\/noams.dk\/index.php?rest_route=\/wp\/v2\/product"}],"about":[{"href":"https:\/\/noams.dk\/index.php?rest_route=\/wp\/v2\/types\/product"}],"wp:featuredmedia":[{"embeddable":true,"href":"https:\/\/noams.dk\/index.php?rest_route=\/wp\/v2\/media\/26648"}],"wp:attachment":[{"href":"https:\/\/noams.dk\/index.php?rest_route=%2Fwp%2Fv2%2Fmedia&parent=7115"}],"wp:term":[{"taxonomy":"product_brand","embeddable":true,"href":"https:\/\/noams.dk\/index.php?rest_route=%2Fwp%2Fv2%2Fproduct_brand&post=7115"},{"taxonomy":"product_cat","embeddable":true,"href":"https:\/\/noams.dk\/index.php?rest_route=%2Fwp%2Fv2%2Fproduct_cat&post=7115"},{"taxonomy":"product_tag","embeddable":true,"href":"https:\/\/noams.dk\/index.php?rest_route=%2Fwp%2Fv2%2Fproduct_tag&post=7115"}],"curies":[{"name":"wp","href":"https:\/\/api.w.org\/{rel}","templated":true}]}}