{"id":7210,"date":"2026-04-04T22:07:04","date_gmt":"2026-04-04T21:07:04","guid":{"rendered":"https:\/\/noams.dk\/?product=kaerlighedens-melodi-dvd"},"modified":"2026-04-25T13:51:57","modified_gmt":"2026-04-25T11:51:57","slug":"kaerlighedens-melodi-dvd","status":"publish","type":"product","link":"https:\/\/noams.dk\/?product=kaerlighedens-melodi-dvd","title":{"rendered":"K\u00e6rlighedens Melodi (DVD)"},"content":{"rendered":"<p>Nina og Frederik var 50`ernes helt store navne i international showbiz med deres inciterende calypso-rytmer. Derfor var &#8220;K\u00e6rlighedens melodi&#8221; d\u00f8mt til succes, da man forenede det unge smukke par med jazz-verdenens legendariske, sk\u00f8nne &#8220;Satchmo&#8221;, Louis Armstrong.<br \/>\nMusikinteresserne er vidt forskellige i societykvarteret i Hellerup. Hos vingrosserer Schmidt har s\u00f8nnen Peter kun \u00e9n interesse: jazz. Hos h\u00f8jesteretssagf\u00f8reren i nabohuset er det Mozart, der er p\u00e5 programmet. Men hans d\u00f8tre kan b\u00e5de lide jazz og Peter!. Selvom f\u00e6drene f\u00f8rer retssag mod hinanden, finder de to unge alligevel sammen. Og Louis hj\u00e6lper godt til, n\u00e5r han spiller &#8220;The Formular For Love&#8221;&#8230;<\/p>\n<p><strong>Format: DVD<\/strong><br \/>\n<strong>Audio: Dansk &#8211; Dolby Digital 1.<\/strong><br \/>\n<strong>Undertekster: Tekstet for h\u00f8reh\u00e6mmede<\/strong><br \/>\n<strong>Spilletid: 85 min<\/strong><br \/>\n<strong>Genre: Lystspil<\/strong><br \/>\n<strong>Produktions\u00e5r: 1959<\/strong><br \/>\n<strong>Varenr: 5708758703048<\/strong><\/p>\n","protected":false},"excerpt":{"rendered":"<p>Nina og Frederik var 50`ernes helt store navne i international showbiz med deres inciterende calypso-rytmer. Derfor var &#8220;K\u00e6rlighedens melodi&#8221; d\u00f8mt til succes, da man forenede det unge smukke par med jazz-verdenens legendariske, sk\u00f8nne &#8220;Satchmo&#8221;, Louis Armstrong. Musikinteresserne er vidt forskellige i societykvarteret i Hellerup. Hos vingrosserer Schmidt har s\u00f8nnen Peter kun \u00e9n interesse: jazz. Hos [&#8230;]\n","protected":false},"featured_media":26519,"template":"","meta":{"_themeisle_gutenberg_block_has_review":false},"product_brand":[],"product_cat":[47,771],"product_tag":[],"class_list":{"0":"post-7210","1":"product","2":"type-product","3":"status-publish","4":"has-post-thumbnail","6":"product_cat-film","7":"product_cat-gamle-danske-film","9":"first","10":"instock","11":"sold-individually","12":"taxable","13":"shipping-taxable","14":"purchasable","15":"product-type-simple"},"supplier_id":null,"supplier_sku":"","barcode":null,"atum_controlled":true,"out_stock_date":null,"out_stock_threshold":null,"inheritable":false,"inbound_stock":null,"stock_on_hold":null,"sold_today":null,"sales_last_days":null,"reserved_stock":null,"customer_returns":null,"warehouse_damage":null,"lost_in_post":null,"other_logs":null,"out_stock_days":null,"lost_sales":null,"has_location":false,"update_date":"2026-04-25T11:51:58","atum_locations":[],"atum_stock_status":"instock","restock_status":false,"low_stock_amount":"","sales_update_date":null,"calc_backorders":null,"yoast_head":"<!-- This site is optimized with the Yoast SEO plugin v27.5 - https:\/\/yoast.com\/product\/yoast-seo-wordpress\/ -->\n<title>K\u00e6rlighedens Melodi (DVD) - Noams.dk<\/title>\n<meta name=\"robots\" content=\"index, follow, max-snippet:-1, max-image-preview:large, max-video-preview:-1\" \/>\n<link rel=\"canonical\" href=\"https:\/\/noams.dk\/?product=kaerlighedens-melodi-dvd\" \/>\n<meta property=\"og:locale\" content=\"da_DK\" \/>\n<meta property=\"og:type\" content=\"article\" \/>\n<meta property=\"og:title\" content=\"K\u00e6rlighedens Melodi (DVD) - Noams.dk\" \/>\n<meta property=\"og:description\" content=\"Nina og Frederik var 50`ernes helt store navne i international showbiz med deres inciterende calypso-rytmer. Derfor var &#8220;K\u00e6rlighedens melodi&#8221; d\u00f8mt til succes, da man forenede det unge smukke par med jazz-verdenens legendariske, sk\u00f8nne &#8220;Satchmo&#8221;, Louis Armstrong. Musikinteresserne er vidt forskellige i societykvarteret i Hellerup. Hos vingrosserer Schmidt har s\u00f8nnen Peter kun \u00e9n interesse: jazz. Hos [...]\" \/>\n<meta property=\"og:url\" content=\"https:\/\/noams.dk\/?product=kaerlighedens-melodi-dvd\" \/>\n<meta property=\"og:site_name\" content=\"Noams.dk\" \/>\n<meta property=\"article:publisher\" content=\"https:\/\/www.facebook.com\/noamsdk\" \/>\n<meta property=\"article:modified_time\" content=\"2026-04-25T11:51:57+00:00\" \/>\n<meta property=\"og:image\" content=\"https:\/\/noams.dk\/wp-content\/uploads\/2026\/04\/Kaerlighedens-Melodi-DVD.jpg\" \/>\n\t<meta property=\"og:image:width\" content=\"350\" \/>\n\t<meta property=\"og:image:height\" content=\"491\" \/>\n\t<meta property=\"og:image:type\" content=\"image\/jpeg\" \/>\n<meta name=\"twitter:card\" content=\"summary_large_image\" \/>\n<meta name=\"twitter:label1\" content=\"Estimeret l\u00e6setid\" \/>\n\t<meta name=\"twitter:data1\" content=\"1 minut\" \/>\n<script type=\"application\/ld+json\" class=\"yoast-schema-graph\">{\"@context\":\"https:\\\/\\\/schema.org\",\"@graph\":[{\"@type\":\"WebPage\",\"@id\":\"https:\\\/\\\/noams.dk\\\/?product=kaerlighedens-melodi-dvd\",\"url\":\"https:\\\/\\\/noams.dk\\\/?product=kaerlighedens-melodi-dvd\",\"name\":\"K\u00e6rlighedens Melodi (DVD) - Noams.dk\",\"isPartOf\":{\"@id\":\"https:\\\/\\\/noams.dk\\\/#website\"},\"primaryImageOfPage\":{\"@id\":\"https:\\\/\\\/noams.dk\\\/?product=kaerlighedens-melodi-dvd#primaryimage\"},\"image\":{\"@id\":\"https:\\\/\\\/noams.dk\\\/?product=kaerlighedens-melodi-dvd#primaryimage\"},\"thumbnailUrl\":\"https:\\\/\\\/noams.dk\\\/wp-content\\\/uploads\\\/2026\\\/04\\\/Kaerlighedens-Melodi-DVD.jpg\",\"datePublished\":\"2026-04-04T21:07:04+00:00\",\"dateModified\":\"2026-04-25T11:51:57+00:00\",\"breadcrumb\":{\"@id\":\"https:\\\/\\\/noams.dk\\\/?product=kaerlighedens-melodi-dvd#breadcrumb\"},\"inLanguage\":\"da-DK\",\"potentialAction\":[{\"@type\":\"ReadAction\",\"target\":[\"https:\\\/\\\/noams.dk\\\/?product=kaerlighedens-melodi-dvd\"]}]},{\"@type\":\"ImageObject\",\"inLanguage\":\"da-DK\",\"@id\":\"https:\\\/\\\/noams.dk\\\/?product=kaerlighedens-melodi-dvd#primaryimage\",\"url\":\"https:\\\/\\\/noams.dk\\\/wp-content\\\/uploads\\\/2026\\\/04\\\/Kaerlighedens-Melodi-DVD.jpg\",\"contentUrl\":\"https:\\\/\\\/noams.dk\\\/wp-content\\\/uploads\\\/2026\\\/04\\\/Kaerlighedens-Melodi-DVD.jpg\",\"width\":350,\"height\":491},{\"@type\":\"BreadcrumbList\",\"@id\":\"https:\\\/\\\/noams.dk\\\/?product=kaerlighedens-melodi-dvd#breadcrumb\",\"itemListElement\":[{\"@type\":\"ListItem\",\"position\":1,\"name\":\"Hjem\",\"item\":\"https:\\\/\\\/noams.dk\\\/\"},{\"@type\":\"ListItem\",\"position\":2,\"name\":\"Shop\",\"item\":\"https:\\\/\\\/noams.dk\\\/?page_id=8\"},{\"@type\":\"ListItem\",\"position\":3,\"name\":\"K\u00e6rlighedens Melodi (DVD)\"}]},{\"@type\":\"WebSite\",\"@id\":\"https:\\\/\\\/noams.dk\\\/#website\",\"url\":\"https:\\\/\\\/noams.dk\\\/\",\"name\":\"Noam.dk\",\"description\":\"Din butik for vinyl, cd&#039;er og film.\",\"publisher\":{\"@id\":\"https:\\\/\\\/noams.dk\\\/#organization\"},\"potentialAction\":[{\"@type\":\"SearchAction\",\"target\":{\"@type\":\"EntryPoint\",\"urlTemplate\":\"https:\\\/\\\/noams.dk\\\/?s={search_term_string}\"},\"query-input\":{\"@type\":\"PropertyValueSpecification\",\"valueRequired\":true,\"valueName\":\"search_term_string\"}}],\"inLanguage\":\"da-DK\"},{\"@type\":\"Organization\",\"@id\":\"https:\\\/\\\/noams.dk\\\/#organization\",\"name\":\"Noam.dk\",\"url\":\"https:\\\/\\\/noams.dk\\\/\",\"logo\":{\"@type\":\"ImageObject\",\"inLanguage\":\"da-DK\",\"@id\":\"https:\\\/\\\/noams.dk\\\/#\\\/schema\\\/logo\\\/image\\\/\",\"url\":\"https:\\\/\\\/noams.dk\\\/wp-content\\\/uploads\\\/2026\\\/04\\\/noams-n-logo.jpg\",\"contentUrl\":\"https:\\\/\\\/noams.dk\\\/wp-content\\\/uploads\\\/2026\\\/04\\\/noams-n-logo.jpg\",\"width\":119,\"height\":108,\"caption\":\"Noam.dk\"},\"image\":{\"@id\":\"https:\\\/\\\/noams.dk\\\/#\\\/schema\\\/logo\\\/image\\\/\"},\"sameAs\":[\"https:\\\/\\\/www.facebook.com\\\/noamsdk\"]}]}<\/script>\n<!-- \/ Yoast SEO plugin. -->","yoast_head_json":{"title":"K\u00e6rlighedens Melodi (DVD) - Noams.dk","robots":{"index":"index","follow":"follow","max-snippet":"max-snippet:-1","max-image-preview":"max-image-preview:large","max-video-preview":"max-video-preview:-1"},"canonical":"https:\/\/noams.dk\/?product=kaerlighedens-melodi-dvd","og_locale":"da_DK","og_type":"article","og_title":"K\u00e6rlighedens Melodi (DVD) - Noams.dk","og_description":"Nina og Frederik var 50`ernes helt store navne i international showbiz med deres inciterende calypso-rytmer. Derfor var &#8220;K\u00e6rlighedens melodi&#8221; d\u00f8mt til succes, da man forenede det unge smukke par med jazz-verdenens legendariske, sk\u00f8nne &#8220;Satchmo&#8221;, Louis Armstrong. Musikinteresserne er vidt forskellige i societykvarteret i Hellerup. Hos vingrosserer Schmidt har s\u00f8nnen Peter kun \u00e9n interesse: jazz. Hos [...]","og_url":"https:\/\/noams.dk\/?product=kaerlighedens-melodi-dvd","og_site_name":"Noams.dk","article_publisher":"https:\/\/www.facebook.com\/noamsdk","article_modified_time":"2026-04-25T11:51:57+00:00","og_image":[{"width":350,"height":491,"url":"https:\/\/noams.dk\/wp-content\/uploads\/2026\/04\/Kaerlighedens-Melodi-DVD.jpg","type":"image\/jpeg"}],"twitter_card":"summary_large_image","twitter_misc":{"Estimeret l\u00e6setid":"1 minut"},"schema":{"@context":"https:\/\/schema.org","@graph":[{"@type":"WebPage","@id":"https:\/\/noams.dk\/?product=kaerlighedens-melodi-dvd","url":"https:\/\/noams.dk\/?product=kaerlighedens-melodi-dvd","name":"K\u00e6rlighedens Melodi (DVD) - Noams.dk","isPartOf":{"@id":"https:\/\/noams.dk\/#website"},"primaryImageOfPage":{"@id":"https:\/\/noams.dk\/?product=kaerlighedens-melodi-dvd#primaryimage"},"image":{"@id":"https:\/\/noams.dk\/?product=kaerlighedens-melodi-dvd#primaryimage"},"thumbnailUrl":"https:\/\/noams.dk\/wp-content\/uploads\/2026\/04\/Kaerlighedens-Melodi-DVD.jpg","datePublished":"2026-04-04T21:07:04+00:00","dateModified":"2026-04-25T11:51:57+00:00","breadcrumb":{"@id":"https:\/\/noams.dk\/?product=kaerlighedens-melodi-dvd#breadcrumb"},"inLanguage":"da-DK","potentialAction":[{"@type":"ReadAction","target":["https:\/\/noams.dk\/?product=kaerlighedens-melodi-dvd"]}]},{"@type":"ImageObject","inLanguage":"da-DK","@id":"https:\/\/noams.dk\/?product=kaerlighedens-melodi-dvd#primaryimage","url":"https:\/\/noams.dk\/wp-content\/uploads\/2026\/04\/Kaerlighedens-Melodi-DVD.jpg","contentUrl":"https:\/\/noams.dk\/wp-content\/uploads\/2026\/04\/Kaerlighedens-Melodi-DVD.jpg","width":350,"height":491},{"@type":"BreadcrumbList","@id":"https:\/\/noams.dk\/?product=kaerlighedens-melodi-dvd#breadcrumb","itemListElement":[{"@type":"ListItem","position":1,"name":"Hjem","item":"https:\/\/noams.dk\/"},{"@type":"ListItem","position":2,"name":"Shop","item":"https:\/\/noams.dk\/?page_id=8"},{"@type":"ListItem","position":3,"name":"K\u00e6rlighedens Melodi (DVD)"}]},{"@type":"WebSite","@id":"https:\/\/noams.dk\/#website","url":"https:\/\/noams.dk\/","name":"Noam.dk","description":"Din butik for vinyl, cd&#039;er og film.","publisher":{"@id":"https:\/\/noams.dk\/#organization"},"potentialAction":[{"@type":"SearchAction","target":{"@type":"EntryPoint","urlTemplate":"https:\/\/noams.dk\/?s={search_term_string}"},"query-input":{"@type":"PropertyValueSpecification","valueRequired":true,"valueName":"search_term_string"}}],"inLanguage":"da-DK"},{"@type":"Organization","@id":"https:\/\/noams.dk\/#organization","name":"Noam.dk","url":"https:\/\/noams.dk\/","logo":{"@type":"ImageObject","inLanguage":"da-DK","@id":"https:\/\/noams.dk\/#\/schema\/logo\/image\/","url":"https:\/\/noams.dk\/wp-content\/uploads\/2026\/04\/noams-n-logo.jpg","contentUrl":"https:\/\/noams.dk\/wp-content\/uploads\/2026\/04\/noams-n-logo.jpg","width":119,"height":108,"caption":"Noam.dk"},"image":{"@id":"https:\/\/noams.dk\/#\/schema\/logo\/image\/"},"sameAs":["https:\/\/www.facebook.com\/noamsdk"]}]}},"jetpack_sharing_enabled":true,"_links":{"self":[{"href":"https:\/\/noams.dk\/index.php?rest_route=\/wp\/v2\/product\/7210","targetHints":{"allow":["GET"]}}],"collection":[{"href":"https:\/\/noams.dk\/index.php?rest_route=\/wp\/v2\/product"}],"about":[{"href":"https:\/\/noams.dk\/index.php?rest_route=\/wp\/v2\/types\/product"}],"wp:featuredmedia":[{"embeddable":true,"href":"https:\/\/noams.dk\/index.php?rest_route=\/wp\/v2\/media\/26519"}],"wp:attachment":[{"href":"https:\/\/noams.dk\/index.php?rest_route=%2Fwp%2Fv2%2Fmedia&parent=7210"}],"wp:term":[{"taxonomy":"product_brand","embeddable":true,"href":"https:\/\/noams.dk\/index.php?rest_route=%2Fwp%2Fv2%2Fproduct_brand&post=7210"},{"taxonomy":"product_cat","embeddable":true,"href":"https:\/\/noams.dk\/index.php?rest_route=%2Fwp%2Fv2%2Fproduct_cat&post=7210"},{"taxonomy":"product_tag","embeddable":true,"href":"https:\/\/noams.dk\/index.php?rest_route=%2Fwp%2Fv2%2Fproduct_tag&post=7210"}],"curies":[{"name":"wp","href":"https:\/\/api.w.org\/{rel}","templated":true}]}}