{"id":891,"date":"2026-04-03T13:35:33","date_gmt":"2026-04-03T12:35:33","guid":{"rendered":"https:\/\/noams.dk\/?product=this-must-be-the-place-dvd"},"modified":"2026-04-09T22:32:46","modified_gmt":"2026-04-09T21:32:46","slug":"this-must-be-the-place-dvd","status":"publish","type":"product","link":"https:\/\/noams.dk\/?product=this-must-be-the-place-dvd","title":{"rendered":"This Must Be The Place (DVD)"},"content":{"rendered":"<p><strong>Beskrivelse<\/strong><br \/>\nSean Penn brillerer i hovedrollen som den Ozzy Osbourne-inspirerede karakter Cheyenne, der efter et personligt tab tager p\u00e5 mission tv\u00e6rs gennem Guds eget land.Da den livstr\u00e6tte, tidligere rockstjerne finder ud af, at hans far er d\u00f8ende rejser han til New York i h\u00e5bet om at blive genforenet med ham efter 30 \u00e5rs uvenskab. Han kommer for sent, men erfarer, at faderen under sin tid i Auschwitz blev ydmyget af en SS-officer, der nu bor i USA og Cheyenne beslutter sig for at ops\u00f8ge ham.Instrukt\u00f8r Sorrentino, som er kendt i Danmark for den politiske port\u00e6tfilm Il Divo (2008), har sat sit tydelige pr\u00e6g p\u00e5 denne rock &#8216;n&#8217; roll fort\u00e6lling om at tilgive og leve i nuet.<\/p>\n<p><strong>Format: DVD<\/strong><br \/>\n<strong>Audio: Engelsk &#8211; Dolby Digital 5.1<\/strong><br \/>\n<strong>Undertekster: Dansk<\/strong><br \/>\n<strong>Spilletid: 113 min<\/strong><br \/>\n<strong>Genre: Komedie \/ Drama<\/strong><br \/>\n<strong>Produktions\u00e5r: 2011<\/strong><br \/>\n<strong>Varenr: 5705535044479<\/strong><\/p>\n","protected":false},"excerpt":{"rendered":"<p>BeskrivelseSean Penn brillerer i hovedrollen som den Ozzy Osbourne-inspirerede karakter Cheyenne, der efter et personligt tab tager p\u00e5 mission tv\u00e6rs gennem Guds eget land.Da den livstr\u00e6tte, tidligere<\/p>\n","protected":false},"featured_media":0,"template":"","meta":{"_themeisle_gutenberg_block_has_review":false},"product_brand":[],"product_cat":[57,47,61],"product_tag":[],"class_list":{"0":"post-891","1":"product","2":"type-product","3":"status-publish","5":"product_cat-drama","6":"product_cat-film","7":"product_cat-komedie","9":"first","10":"instock","11":"taxable","12":"shipping-taxable","13":"purchasable","14":"product-type-simple"},"supplier_id":null,"supplier_sku":"","barcode":null,"atum_controlled":true,"out_stock_date":null,"out_stock_threshold":null,"inheritable":false,"inbound_stock":null,"stock_on_hold":null,"sold_today":null,"sales_last_days":null,"reserved_stock":null,"customer_returns":null,"warehouse_damage":null,"lost_in_post":null,"other_logs":null,"out_stock_days":null,"lost_sales":null,"has_location":false,"update_date":"2026-04-09T20:32:47","atum_locations":[],"atum_stock_status":"instock","restock_status":false,"low_stock_amount":"","sales_update_date":null,"calc_backorders":null,"yoast_head":"<!-- This site is optimized with the Yoast SEO plugin v27.3 - https:\/\/yoast.com\/product\/yoast-seo-wordpress\/ -->\n<title>This Must Be The Place (DVD) - Noams.dk<\/title>\n<meta name=\"robots\" content=\"index, follow, max-snippet:-1, max-image-preview:large, max-video-preview:-1\" \/>\n<link rel=\"canonical\" href=\"https:\/\/noams.dk\/?product=this-must-be-the-place-dvd\" \/>\n<meta property=\"og:locale\" content=\"da_DK\" \/>\n<meta property=\"og:type\" content=\"article\" \/>\n<meta property=\"og:title\" content=\"This Must Be The Place (DVD) - Noams.dk\" \/>\n<meta property=\"og:description\" content=\"BeskrivelseSean Penn brillerer i hovedrollen som den Ozzy Osbourne-inspirerede karakter Cheyenne, der efter et personligt tab tager p\u00e5 mission tv\u00e6rs gennem Guds eget land.Da den livstr\u00e6tte, tidligere\" \/>\n<meta property=\"og:url\" content=\"https:\/\/noams.dk\/?product=this-must-be-the-place-dvd\" \/>\n<meta property=\"og:site_name\" content=\"Noams.dk\" \/>\n<meta property=\"article:publisher\" content=\"https:\/\/www.facebook.com\/noamsdk\" \/>\n<meta property=\"article:modified_time\" content=\"2026-04-09T21:32:46+00:00\" \/>\n<meta name=\"twitter:card\" content=\"summary_large_image\" \/>\n<meta name=\"twitter:label1\" content=\"Estimeret l\u00e6setid\" \/>\n\t<meta name=\"twitter:data1\" content=\"1 minut\" \/>\n<script type=\"application\/ld+json\" class=\"yoast-schema-graph\">{\"@context\":\"https:\\\/\\\/schema.org\",\"@graph\":[{\"@type\":\"WebPage\",\"@id\":\"https:\\\/\\\/noams.dk\\\/?product=this-must-be-the-place-dvd\",\"url\":\"https:\\\/\\\/noams.dk\\\/?product=this-must-be-the-place-dvd\",\"name\":\"This Must Be The Place (DVD) - Noams.dk\",\"isPartOf\":{\"@id\":\"https:\\\/\\\/noams.dk\\\/#website\"},\"datePublished\":\"2026-04-03T12:35:33+00:00\",\"dateModified\":\"2026-04-09T21:32:46+00:00\",\"breadcrumb\":{\"@id\":\"https:\\\/\\\/noams.dk\\\/?product=this-must-be-the-place-dvd#breadcrumb\"},\"inLanguage\":\"da-DK\",\"potentialAction\":[{\"@type\":\"ReadAction\",\"target\":[\"https:\\\/\\\/noams.dk\\\/?product=this-must-be-the-place-dvd\"]}]},{\"@type\":\"BreadcrumbList\",\"@id\":\"https:\\\/\\\/noams.dk\\\/?product=this-must-be-the-place-dvd#breadcrumb\",\"itemListElement\":[{\"@type\":\"ListItem\",\"position\":1,\"name\":\"Hjem\",\"item\":\"https:\\\/\\\/noams.dk\\\/\"},{\"@type\":\"ListItem\",\"position\":2,\"name\":\"Shop\",\"item\":\"https:\\\/\\\/noams.dk\\\/?page_id=8\"},{\"@type\":\"ListItem\",\"position\":3,\"name\":\"This Must Be The Place (DVD)\"}]},{\"@type\":\"WebSite\",\"@id\":\"https:\\\/\\\/noams.dk\\\/#website\",\"url\":\"https:\\\/\\\/noams.dk\\\/\",\"name\":\"Noam.dk\",\"description\":\"Din butik for vinyl, cd&#039;er og film.\",\"publisher\":{\"@id\":\"https:\\\/\\\/noams.dk\\\/#organization\"},\"potentialAction\":[{\"@type\":\"SearchAction\",\"target\":{\"@type\":\"EntryPoint\",\"urlTemplate\":\"https:\\\/\\\/noams.dk\\\/?s={search_term_string}\"},\"query-input\":{\"@type\":\"PropertyValueSpecification\",\"valueRequired\":true,\"valueName\":\"search_term_string\"}}],\"inLanguage\":\"da-DK\"},{\"@type\":\"Organization\",\"@id\":\"https:\\\/\\\/noams.dk\\\/#organization\",\"name\":\"Noam.dk\",\"url\":\"https:\\\/\\\/noams.dk\\\/\",\"logo\":{\"@type\":\"ImageObject\",\"inLanguage\":\"da-DK\",\"@id\":\"https:\\\/\\\/noams.dk\\\/#\\\/schema\\\/logo\\\/image\\\/\",\"url\":\"https:\\\/\\\/noams.dk\\\/wp-content\\\/uploads\\\/2026\\\/04\\\/noams-n-logo.jpg\",\"contentUrl\":\"https:\\\/\\\/noams.dk\\\/wp-content\\\/uploads\\\/2026\\\/04\\\/noams-n-logo.jpg\",\"width\":119,\"height\":108,\"caption\":\"Noam.dk\"},\"image\":{\"@id\":\"https:\\\/\\\/noams.dk\\\/#\\\/schema\\\/logo\\\/image\\\/\"},\"sameAs\":[\"https:\\\/\\\/www.facebook.com\\\/noamsdk\"]}]}<\/script>\n<!-- \/ Yoast SEO plugin. -->","yoast_head_json":{"title":"This Must Be The Place (DVD) - Noams.dk","robots":{"index":"index","follow":"follow","max-snippet":"max-snippet:-1","max-image-preview":"max-image-preview:large","max-video-preview":"max-video-preview:-1"},"canonical":"https:\/\/noams.dk\/?product=this-must-be-the-place-dvd","og_locale":"da_DK","og_type":"article","og_title":"This Must Be The Place (DVD) - Noams.dk","og_description":"BeskrivelseSean Penn brillerer i hovedrollen som den Ozzy Osbourne-inspirerede karakter Cheyenne, der efter et personligt tab tager p\u00e5 mission tv\u00e6rs gennem Guds eget land.Da den livstr\u00e6tte, tidligere","og_url":"https:\/\/noams.dk\/?product=this-must-be-the-place-dvd","og_site_name":"Noams.dk","article_publisher":"https:\/\/www.facebook.com\/noamsdk","article_modified_time":"2026-04-09T21:32:46+00:00","twitter_card":"summary_large_image","twitter_misc":{"Estimeret l\u00e6setid":"1 minut"},"schema":{"@context":"https:\/\/schema.org","@graph":[{"@type":"WebPage","@id":"https:\/\/noams.dk\/?product=this-must-be-the-place-dvd","url":"https:\/\/noams.dk\/?product=this-must-be-the-place-dvd","name":"This Must Be The Place (DVD) - Noams.dk","isPartOf":{"@id":"https:\/\/noams.dk\/#website"},"datePublished":"2026-04-03T12:35:33+00:00","dateModified":"2026-04-09T21:32:46+00:00","breadcrumb":{"@id":"https:\/\/noams.dk\/?product=this-must-be-the-place-dvd#breadcrumb"},"inLanguage":"da-DK","potentialAction":[{"@type":"ReadAction","target":["https:\/\/noams.dk\/?product=this-must-be-the-place-dvd"]}]},{"@type":"BreadcrumbList","@id":"https:\/\/noams.dk\/?product=this-must-be-the-place-dvd#breadcrumb","itemListElement":[{"@type":"ListItem","position":1,"name":"Hjem","item":"https:\/\/noams.dk\/"},{"@type":"ListItem","position":2,"name":"Shop","item":"https:\/\/noams.dk\/?page_id=8"},{"@type":"ListItem","position":3,"name":"This Must Be The Place (DVD)"}]},{"@type":"WebSite","@id":"https:\/\/noams.dk\/#website","url":"https:\/\/noams.dk\/","name":"Noam.dk","description":"Din butik for vinyl, cd&#039;er og film.","publisher":{"@id":"https:\/\/noams.dk\/#organization"},"potentialAction":[{"@type":"SearchAction","target":{"@type":"EntryPoint","urlTemplate":"https:\/\/noams.dk\/?s={search_term_string}"},"query-input":{"@type":"PropertyValueSpecification","valueRequired":true,"valueName":"search_term_string"}}],"inLanguage":"da-DK"},{"@type":"Organization","@id":"https:\/\/noams.dk\/#organization","name":"Noam.dk","url":"https:\/\/noams.dk\/","logo":{"@type":"ImageObject","inLanguage":"da-DK","@id":"https:\/\/noams.dk\/#\/schema\/logo\/image\/","url":"https:\/\/noams.dk\/wp-content\/uploads\/2026\/04\/noams-n-logo.jpg","contentUrl":"https:\/\/noams.dk\/wp-content\/uploads\/2026\/04\/noams-n-logo.jpg","width":119,"height":108,"caption":"Noam.dk"},"image":{"@id":"https:\/\/noams.dk\/#\/schema\/logo\/image\/"},"sameAs":["https:\/\/www.facebook.com\/noamsdk"]}]}},"jetpack_sharing_enabled":true,"_links":{"self":[{"href":"https:\/\/noams.dk\/index.php?rest_route=\/wp\/v2\/product\/891","targetHints":{"allow":["GET"]}}],"collection":[{"href":"https:\/\/noams.dk\/index.php?rest_route=\/wp\/v2\/product"}],"about":[{"href":"https:\/\/noams.dk\/index.php?rest_route=\/wp\/v2\/types\/product"}],"wp:attachment":[{"href":"https:\/\/noams.dk\/index.php?rest_route=%2Fwp%2Fv2%2Fmedia&parent=891"}],"wp:term":[{"taxonomy":"product_brand","embeddable":true,"href":"https:\/\/noams.dk\/index.php?rest_route=%2Fwp%2Fv2%2Fproduct_brand&post=891"},{"taxonomy":"product_cat","embeddable":true,"href":"https:\/\/noams.dk\/index.php?rest_route=%2Fwp%2Fv2%2Fproduct_cat&post=891"},{"taxonomy":"product_tag","embeddable":true,"href":"https:\/\/noams.dk\/index.php?rest_route=%2Fwp%2Fv2%2Fproduct_tag&post=891"}],"curies":[{"name":"wp","href":"https:\/\/api.w.org\/{rel}","templated":true}]}}