{"id":894,"date":"2026-04-03T13:35:33","date_gmt":"2026-04-03T12:35:33","guid":{"rendered":"https:\/\/noams.dk\/?product=new-barbarians-the-dvd"},"modified":"2026-04-08T14:12:11","modified_gmt":"2026-04-08T13:12:11","slug":"new-barbarians-the-dvd","status":"publish","type":"product","link":"https:\/\/noams.dk\/?product=new-barbarians-the-dvd","title":{"rendered":"New Barbarians, The (DVD)"},"content":{"rendered":"<p><strong>Beskrivelse<\/strong><br \/>\n<strong>\u00c5ret er 2019 og atomkrigen er forbi \u2013 kun f\u00e5 har overlevet. I et goldt landskab kommer panserarmerede motorcykler og biler til syne. Det er Tempelbr\u00f8drene, anf\u00f8rt af \u2019One\u2019(George Eastman), der ser sig selv som h\u00e6vnens pr\u00e6ster. If\u00f8lge dem er ingen uskyldige i verdens d\u00f8d, og derfor har de i sinde at sl\u00e5 alle ihjel!De udsletter en lille lejr af fredelige mennesker, men kommer snart p\u00e5 tv\u00e6rs af d\u00f8dsfjenderne \u2019Nadir\u2019 (Fred Williamson) og \u2019Scorpion\u2019 (Giancarlo Prete). De to st\u00e6rke overlevere har bevaret en gnist af medmenneskelighed i en tr\u00f8stesl\u00f8s verden, og kommer hj\u00e6lpel\u00f8se mennesker til unds\u00e6tning i kampen mod Tempelbr\u00f8drenes korstog. Et endeligt og blodigt dommedagsslag mod de barbariske Tempelbr\u00f8dre er uundg\u00e5eligt.<\/strong><br \/>\n<strong>Format: DVD<\/strong><br \/>\n<strong>Audio: Engelsk &#8211; Dolby Digital 2,0<\/strong><br \/>\n<strong>Undertekster: Dansk, Svensk, Norsk, Finsk<\/strong><br \/>\n<strong>Spilletid: 90 min<\/strong><br \/>\n<strong>Genre: Action\/Thriller<\/strong><br \/>\n<strong>Produktions\u00e5r: 1982<\/strong><br \/>\n<strong>Varenr: 5709498010205<\/strong><\/p>\n","protected":false},"excerpt":{"rendered":"<p>Beskrivelse\u00c5ret er 2019 og atomkrigen er forbi \u2013 kun f\u00e5 har overlevet. I et goldt landskab kommer panserarmerede motorcykler og biler til syne. Det er Tempelbr\u00f8drene, anf\u00f8rt af \u2019One\u2019(George Eastman),<\/p>\n","protected":false},"featured_media":0,"comment_status":"open","ping_status":"closed","template":"","meta":{"_themeisle_gutenberg_block_has_review":false},"product_brand":[],"product_cat":[59,47,60],"product_tag":[],"class_list":{"0":"post-894","1":"product","2":"type-product","3":"status-publish","5":"product_cat-action","6":"product_cat-film","7":"product_cat-thriller","9":"first","10":"instock","11":"taxable","12":"shipping-taxable","13":"purchasable","14":"product-type-simple"},"supplier_id":null,"supplier_sku":"","barcode":null,"atum_controlled":true,"out_stock_date":null,"out_stock_threshold":null,"inheritable":false,"inbound_stock":null,"stock_on_hold":null,"sold_today":null,"sales_last_days":null,"reserved_stock":null,"customer_returns":null,"warehouse_damage":null,"lost_in_post":null,"other_logs":null,"out_stock_days":null,"lost_sales":null,"has_location":false,"update_date":"2026-04-08T12:12:12","atum_locations":[],"atum_stock_status":"instock","restock_status":false,"low_stock_amount":"","sales_update_date":null,"calc_backorders":null,"yoast_head":"<!-- This site is optimized with the Yoast SEO plugin v27.3 - https:\/\/yoast.com\/product\/yoast-seo-wordpress\/ -->\n<title>New Barbarians, The (DVD) - Noams.dk<\/title>\n<meta name=\"robots\" content=\"index, follow, max-snippet:-1, max-image-preview:large, max-video-preview:-1\" \/>\n<link rel=\"canonical\" href=\"https:\/\/noams.dk\/?product=new-barbarians-the-dvd\" \/>\n<meta property=\"og:locale\" content=\"da_DK\" \/>\n<meta property=\"og:type\" content=\"article\" \/>\n<meta property=\"og:title\" content=\"New Barbarians, The (DVD) - Noams.dk\" \/>\n<meta property=\"og:description\" content=\"Beskrivelse\u00c5ret er 2019 og atomkrigen er forbi \u2013 kun f\u00e5 har overlevet. I et goldt landskab kommer panserarmerede motorcykler og biler til syne. Det er Tempelbr\u00f8drene, anf\u00f8rt af \u2019One\u2019(George Eastman),\" \/>\n<meta property=\"og:url\" content=\"https:\/\/noams.dk\/?product=new-barbarians-the-dvd\" \/>\n<meta property=\"og:site_name\" content=\"Noams.dk\" \/>\n<meta property=\"article:publisher\" content=\"https:\/\/www.facebook.com\/noamsdk\" \/>\n<meta property=\"article:modified_time\" content=\"2026-04-08T13:12:11+00:00\" \/>\n<meta name=\"twitter:card\" content=\"summary_large_image\" \/>\n<meta name=\"twitter:label1\" content=\"Estimeret l\u00e6setid\" \/>\n\t<meta name=\"twitter:data1\" content=\"1 minut\" \/>\n<script type=\"application\/ld+json\" class=\"yoast-schema-graph\">{\"@context\":\"https:\\\/\\\/schema.org\",\"@graph\":[{\"@type\":\"WebPage\",\"@id\":\"https:\\\/\\\/noams.dk\\\/?product=new-barbarians-the-dvd\",\"url\":\"https:\\\/\\\/noams.dk\\\/?product=new-barbarians-the-dvd\",\"name\":\"New Barbarians, The (DVD) - Noams.dk\",\"isPartOf\":{\"@id\":\"https:\\\/\\\/noams.dk\\\/#website\"},\"datePublished\":\"2026-04-03T12:35:33+00:00\",\"dateModified\":\"2026-04-08T13:12:11+00:00\",\"breadcrumb\":{\"@id\":\"https:\\\/\\\/noams.dk\\\/?product=new-barbarians-the-dvd#breadcrumb\"},\"inLanguage\":\"da-DK\",\"potentialAction\":[{\"@type\":\"ReadAction\",\"target\":[\"https:\\\/\\\/noams.dk\\\/?product=new-barbarians-the-dvd\"]}]},{\"@type\":\"BreadcrumbList\",\"@id\":\"https:\\\/\\\/noams.dk\\\/?product=new-barbarians-the-dvd#breadcrumb\",\"itemListElement\":[{\"@type\":\"ListItem\",\"position\":1,\"name\":\"Hjem\",\"item\":\"https:\\\/\\\/noams.dk\\\/\"},{\"@type\":\"ListItem\",\"position\":2,\"name\":\"Shop\",\"item\":\"https:\\\/\\\/noams.dk\\\/?page_id=8\"},{\"@type\":\"ListItem\",\"position\":3,\"name\":\"New Barbarians, The (DVD)\"}]},{\"@type\":\"WebSite\",\"@id\":\"https:\\\/\\\/noams.dk\\\/#website\",\"url\":\"https:\\\/\\\/noams.dk\\\/\",\"name\":\"Noam.dk\",\"description\":\"Din butik for vinyl, cd&#039;er og film.\",\"publisher\":{\"@id\":\"https:\\\/\\\/noams.dk\\\/#organization\"},\"potentialAction\":[{\"@type\":\"SearchAction\",\"target\":{\"@type\":\"EntryPoint\",\"urlTemplate\":\"https:\\\/\\\/noams.dk\\\/?s={search_term_string}\"},\"query-input\":{\"@type\":\"PropertyValueSpecification\",\"valueRequired\":true,\"valueName\":\"search_term_string\"}}],\"inLanguage\":\"da-DK\"},{\"@type\":\"Organization\",\"@id\":\"https:\\\/\\\/noams.dk\\\/#organization\",\"name\":\"Noam.dk\",\"url\":\"https:\\\/\\\/noams.dk\\\/\",\"logo\":{\"@type\":\"ImageObject\",\"inLanguage\":\"da-DK\",\"@id\":\"https:\\\/\\\/noams.dk\\\/#\\\/schema\\\/logo\\\/image\\\/\",\"url\":\"https:\\\/\\\/noams.dk\\\/wp-content\\\/uploads\\\/2026\\\/04\\\/noams-n-logo.jpg\",\"contentUrl\":\"https:\\\/\\\/noams.dk\\\/wp-content\\\/uploads\\\/2026\\\/04\\\/noams-n-logo.jpg\",\"width\":119,\"height\":108,\"caption\":\"Noam.dk\"},\"image\":{\"@id\":\"https:\\\/\\\/noams.dk\\\/#\\\/schema\\\/logo\\\/image\\\/\"},\"sameAs\":[\"https:\\\/\\\/www.facebook.com\\\/noamsdk\"]}]}<\/script>\n<!-- \/ Yoast SEO plugin. -->","yoast_head_json":{"title":"New Barbarians, The (DVD) - Noams.dk","robots":{"index":"index","follow":"follow","max-snippet":"max-snippet:-1","max-image-preview":"max-image-preview:large","max-video-preview":"max-video-preview:-1"},"canonical":"https:\/\/noams.dk\/?product=new-barbarians-the-dvd","og_locale":"da_DK","og_type":"article","og_title":"New Barbarians, The (DVD) - Noams.dk","og_description":"Beskrivelse\u00c5ret er 2019 og atomkrigen er forbi \u2013 kun f\u00e5 har overlevet. I et goldt landskab kommer panserarmerede motorcykler og biler til syne. Det er Tempelbr\u00f8drene, anf\u00f8rt af \u2019One\u2019(George Eastman),","og_url":"https:\/\/noams.dk\/?product=new-barbarians-the-dvd","og_site_name":"Noams.dk","article_publisher":"https:\/\/www.facebook.com\/noamsdk","article_modified_time":"2026-04-08T13:12:11+00:00","twitter_card":"summary_large_image","twitter_misc":{"Estimeret l\u00e6setid":"1 minut"},"schema":{"@context":"https:\/\/schema.org","@graph":[{"@type":"WebPage","@id":"https:\/\/noams.dk\/?product=new-barbarians-the-dvd","url":"https:\/\/noams.dk\/?product=new-barbarians-the-dvd","name":"New Barbarians, The (DVD) - Noams.dk","isPartOf":{"@id":"https:\/\/noams.dk\/#website"},"datePublished":"2026-04-03T12:35:33+00:00","dateModified":"2026-04-08T13:12:11+00:00","breadcrumb":{"@id":"https:\/\/noams.dk\/?product=new-barbarians-the-dvd#breadcrumb"},"inLanguage":"da-DK","potentialAction":[{"@type":"ReadAction","target":["https:\/\/noams.dk\/?product=new-barbarians-the-dvd"]}]},{"@type":"BreadcrumbList","@id":"https:\/\/noams.dk\/?product=new-barbarians-the-dvd#breadcrumb","itemListElement":[{"@type":"ListItem","position":1,"name":"Hjem","item":"https:\/\/noams.dk\/"},{"@type":"ListItem","position":2,"name":"Shop","item":"https:\/\/noams.dk\/?page_id=8"},{"@type":"ListItem","position":3,"name":"New Barbarians, The (DVD)"}]},{"@type":"WebSite","@id":"https:\/\/noams.dk\/#website","url":"https:\/\/noams.dk\/","name":"Noam.dk","description":"Din butik for vinyl, cd&#039;er og film.","publisher":{"@id":"https:\/\/noams.dk\/#organization"},"potentialAction":[{"@type":"SearchAction","target":{"@type":"EntryPoint","urlTemplate":"https:\/\/noams.dk\/?s={search_term_string}"},"query-input":{"@type":"PropertyValueSpecification","valueRequired":true,"valueName":"search_term_string"}}],"inLanguage":"da-DK"},{"@type":"Organization","@id":"https:\/\/noams.dk\/#organization","name":"Noam.dk","url":"https:\/\/noams.dk\/","logo":{"@type":"ImageObject","inLanguage":"da-DK","@id":"https:\/\/noams.dk\/#\/schema\/logo\/image\/","url":"https:\/\/noams.dk\/wp-content\/uploads\/2026\/04\/noams-n-logo.jpg","contentUrl":"https:\/\/noams.dk\/wp-content\/uploads\/2026\/04\/noams-n-logo.jpg","width":119,"height":108,"caption":"Noam.dk"},"image":{"@id":"https:\/\/noams.dk\/#\/schema\/logo\/image\/"},"sameAs":["https:\/\/www.facebook.com\/noamsdk"]}]}},"jetpack_sharing_enabled":true,"_links":{"self":[{"href":"https:\/\/noams.dk\/index.php?rest_route=\/wp\/v2\/product\/894","targetHints":{"allow":["GET"]}}],"collection":[{"href":"https:\/\/noams.dk\/index.php?rest_route=\/wp\/v2\/product"}],"about":[{"href":"https:\/\/noams.dk\/index.php?rest_route=\/wp\/v2\/types\/product"}],"replies":[{"embeddable":true,"href":"https:\/\/noams.dk\/index.php?rest_route=%2Fwp%2Fv2%2Fcomments&post=894"}],"wp:attachment":[{"href":"https:\/\/noams.dk\/index.php?rest_route=%2Fwp%2Fv2%2Fmedia&parent=894"}],"wp:term":[{"taxonomy":"product_brand","embeddable":true,"href":"https:\/\/noams.dk\/index.php?rest_route=%2Fwp%2Fv2%2Fproduct_brand&post=894"},{"taxonomy":"product_cat","embeddable":true,"href":"https:\/\/noams.dk\/index.php?rest_route=%2Fwp%2Fv2%2Fproduct_cat&post=894"},{"taxonomy":"product_tag","embeddable":true,"href":"https:\/\/noams.dk\/index.php?rest_route=%2Fwp%2Fv2%2Fproduct_tag&post=894"}],"curies":[{"name":"wp","href":"https:\/\/api.w.org\/{rel}","templated":true}]}}