{"id":896,"date":"2026-04-03T13:35:33","date_gmt":"2026-04-03T12:35:33","guid":{"rendered":"https:\/\/noams.dk\/?product=over-the-edge-dvd"},"modified":"2026-04-08T14:57:37","modified_gmt":"2026-04-08T13:57:37","slug":"over-the-edge-dvd","status":"publish","type":"product","link":"https:\/\/noams.dk\/?product=over-the-edge-dvd","title":{"rendered":"Over The Edge (DVD)"},"content":{"rendered":"<p><strong>&#8221; Den bedste film jeg nogensinde har set! &#8221; Citat: Kurt Cobain (Nirvana)<\/strong><br \/>\n<strong>Beskrivelse: New Grenada er en ud\u00f8rk af en amerikansk provins-by, hvor der ikke er andet for de unge at foretage sig end at h\u00e6rge og vandalisere omgivelserne. For\u00e6ldrene er s\u00e5 optagede af at tiltr\u00e6kke virksomheder og skabe besk\u00e6ftigelse i byen, at de end ikke bem\u00e6rker de utilpassede unges \u00f8gede polarisering til det \u00f8vrige samfund. En dag g\u00e5r det galt og en af de unge skyder og dr\u00e6ber den lokale betjent Ed Doberman. Som en konsekvens af nedskydningen tager for\u00e6ldrene skyklapperne af og samles for at diskutere, hvad der skal stilles op med de unge og deres ekstreme og voldelige adf\u00e6rd&#8230; desv\u00e6rre m\u00e5 for\u00e6ldregruppen sande at det er for sent, og at det er blevet tid til at New Grenada omdannes til et inferno af vold og hooliganisme.<\/strong><br \/>\n<strong>Filmen var forbudt i to \u00e5r i de amerikanske biografer p\u00e5 grund af det kontroversielle indhold.<\/strong><br \/>\n<strong>Dette er Matt Dillons f\u00f8rste film og Kurt (Nirvana) Cobains erkl\u00e6rede favorit!<\/strong><br \/>\n<strong>Format: DVD <\/strong><br \/>\n<strong>Audio: Engelsk, Spansk, Tysk &#8211; Dolby Digital 5,1 Undertekster: Dansk, Svensk, Norsk, Finsk, m.fl. Spilletid: 95 min <\/strong><br \/>\n<strong>Genre: Action\/Drama <\/strong><br \/>\n<strong>Produktions\u00e5r: 1979<\/strong><br \/>\n<strong> Varenr: 5709498010267<\/strong><\/p>\n","protected":false},"excerpt":{"rendered":"<p>&#8220;Den bedste film jeg nogensinde har set!&#8221; Citat: Kurt Cobain (Nirvana)<br \/>\nBeskrivelse:New Grenada er en ud\u00f8rk af en amerikansk provins-by, hvor der ikke er andet for de unge at foretage sig end at h\u00e6rge<\/p>\n","protected":false},"featured_media":0,"template":"","meta":{"_themeisle_gutenberg_block_has_review":false},"product_brand":[],"product_cat":[59,57,47],"product_tag":[],"class_list":{"0":"post-896","1":"product","2":"type-product","3":"status-publish","5":"product_cat-action","6":"product_cat-drama","7":"product_cat-film","9":"first","10":"instock","11":"sold-individually","12":"taxable","13":"shipping-taxable","14":"purchasable","15":"product-type-simple"},"supplier_id":null,"supplier_sku":"","barcode":null,"atum_controlled":true,"out_stock_date":null,"out_stock_threshold":null,"inheritable":false,"inbound_stock":null,"stock_on_hold":null,"sold_today":null,"sales_last_days":null,"reserved_stock":null,"customer_returns":null,"warehouse_damage":null,"lost_in_post":null,"other_logs":null,"out_stock_days":null,"lost_sales":null,"has_location":false,"update_date":"2026-04-08T12:57:38","atum_locations":[],"atum_stock_status":"instock","restock_status":false,"low_stock_amount":"","sales_update_date":null,"calc_backorders":null,"yoast_head":"<!-- This site is optimized with the Yoast SEO plugin v27.4 - https:\/\/yoast.com\/product\/yoast-seo-wordpress\/ -->\n<title>Over The Edge (DVD) - Noams.dk<\/title>\n<meta name=\"robots\" content=\"index, follow, max-snippet:-1, max-image-preview:large, max-video-preview:-1\" \/>\n<link rel=\"canonical\" href=\"https:\/\/noams.dk\/?product=over-the-edge-dvd\" \/>\n<meta property=\"og:locale\" content=\"da_DK\" \/>\n<meta property=\"og:type\" content=\"article\" \/>\n<meta property=\"og:title\" content=\"Over The Edge (DVD) - Noams.dk\" \/>\n<meta property=\"og:description\" content=\"&quot;Den bedste film jeg nogensinde har set!&quot; Citat: Kurt Cobain (Nirvana) Beskrivelse:New Grenada er en ud\u00f8rk af en amerikansk provins-by, hvor der ikke er andet for de unge at foretage sig end at h\u00e6rge\" \/>\n<meta property=\"og:url\" content=\"https:\/\/noams.dk\/?product=over-the-edge-dvd\" \/>\n<meta property=\"og:site_name\" content=\"Noams.dk\" \/>\n<meta property=\"article:publisher\" content=\"https:\/\/www.facebook.com\/noamsdk\" \/>\n<meta property=\"article:modified_time\" content=\"2026-04-08T13:57:37+00:00\" \/>\n<meta name=\"twitter:card\" content=\"summary_large_image\" \/>\n<meta name=\"twitter:label1\" content=\"Estimeret l\u00e6setid\" \/>\n\t<meta name=\"twitter:data1\" content=\"2 minutter\" \/>\n<script type=\"application\/ld+json\" class=\"yoast-schema-graph\">{\"@context\":\"https:\\\/\\\/schema.org\",\"@graph\":[{\"@type\":\"WebPage\",\"@id\":\"https:\\\/\\\/noams.dk\\\/?product=over-the-edge-dvd\",\"url\":\"https:\\\/\\\/noams.dk\\\/?product=over-the-edge-dvd\",\"name\":\"Over The Edge (DVD) - Noams.dk\",\"isPartOf\":{\"@id\":\"https:\\\/\\\/noams.dk\\\/#website\"},\"datePublished\":\"2026-04-03T12:35:33+00:00\",\"dateModified\":\"2026-04-08T13:57:37+00:00\",\"breadcrumb\":{\"@id\":\"https:\\\/\\\/noams.dk\\\/?product=over-the-edge-dvd#breadcrumb\"},\"inLanguage\":\"da-DK\",\"potentialAction\":[{\"@type\":\"ReadAction\",\"target\":[\"https:\\\/\\\/noams.dk\\\/?product=over-the-edge-dvd\"]}]},{\"@type\":\"BreadcrumbList\",\"@id\":\"https:\\\/\\\/noams.dk\\\/?product=over-the-edge-dvd#breadcrumb\",\"itemListElement\":[{\"@type\":\"ListItem\",\"position\":1,\"name\":\"Hjem\",\"item\":\"https:\\\/\\\/noams.dk\\\/\"},{\"@type\":\"ListItem\",\"position\":2,\"name\":\"Shop\",\"item\":\"https:\\\/\\\/noams.dk\\\/?page_id=8\"},{\"@type\":\"ListItem\",\"position\":3,\"name\":\"Over The Edge (DVD)\"}]},{\"@type\":\"WebSite\",\"@id\":\"https:\\\/\\\/noams.dk\\\/#website\",\"url\":\"https:\\\/\\\/noams.dk\\\/\",\"name\":\"Noam.dk\",\"description\":\"Din butik for vinyl, cd&#039;er og film.\",\"publisher\":{\"@id\":\"https:\\\/\\\/noams.dk\\\/#organization\"},\"potentialAction\":[{\"@type\":\"SearchAction\",\"target\":{\"@type\":\"EntryPoint\",\"urlTemplate\":\"https:\\\/\\\/noams.dk\\\/?s={search_term_string}\"},\"query-input\":{\"@type\":\"PropertyValueSpecification\",\"valueRequired\":true,\"valueName\":\"search_term_string\"}}],\"inLanguage\":\"da-DK\"},{\"@type\":\"Organization\",\"@id\":\"https:\\\/\\\/noams.dk\\\/#organization\",\"name\":\"Noam.dk\",\"url\":\"https:\\\/\\\/noams.dk\\\/\",\"logo\":{\"@type\":\"ImageObject\",\"inLanguage\":\"da-DK\",\"@id\":\"https:\\\/\\\/noams.dk\\\/#\\\/schema\\\/logo\\\/image\\\/\",\"url\":\"https:\\\/\\\/noams.dk\\\/wp-content\\\/uploads\\\/2026\\\/04\\\/noams-n-logo.jpg\",\"contentUrl\":\"https:\\\/\\\/noams.dk\\\/wp-content\\\/uploads\\\/2026\\\/04\\\/noams-n-logo.jpg\",\"width\":119,\"height\":108,\"caption\":\"Noam.dk\"},\"image\":{\"@id\":\"https:\\\/\\\/noams.dk\\\/#\\\/schema\\\/logo\\\/image\\\/\"},\"sameAs\":[\"https:\\\/\\\/www.facebook.com\\\/noamsdk\"]}]}<\/script>\n<!-- \/ Yoast SEO plugin. -->","yoast_head_json":{"title":"Over The Edge (DVD) - Noams.dk","robots":{"index":"index","follow":"follow","max-snippet":"max-snippet:-1","max-image-preview":"max-image-preview:large","max-video-preview":"max-video-preview:-1"},"canonical":"https:\/\/noams.dk\/?product=over-the-edge-dvd","og_locale":"da_DK","og_type":"article","og_title":"Over The Edge (DVD) - Noams.dk","og_description":"\"Den bedste film jeg nogensinde har set!\" Citat: Kurt Cobain (Nirvana) Beskrivelse:New Grenada er en ud\u00f8rk af en amerikansk provins-by, hvor der ikke er andet for de unge at foretage sig end at h\u00e6rge","og_url":"https:\/\/noams.dk\/?product=over-the-edge-dvd","og_site_name":"Noams.dk","article_publisher":"https:\/\/www.facebook.com\/noamsdk","article_modified_time":"2026-04-08T13:57:37+00:00","twitter_card":"summary_large_image","twitter_misc":{"Estimeret l\u00e6setid":"2 minutter"},"schema":{"@context":"https:\/\/schema.org","@graph":[{"@type":"WebPage","@id":"https:\/\/noams.dk\/?product=over-the-edge-dvd","url":"https:\/\/noams.dk\/?product=over-the-edge-dvd","name":"Over The Edge (DVD) - Noams.dk","isPartOf":{"@id":"https:\/\/noams.dk\/#website"},"datePublished":"2026-04-03T12:35:33+00:00","dateModified":"2026-04-08T13:57:37+00:00","breadcrumb":{"@id":"https:\/\/noams.dk\/?product=over-the-edge-dvd#breadcrumb"},"inLanguage":"da-DK","potentialAction":[{"@type":"ReadAction","target":["https:\/\/noams.dk\/?product=over-the-edge-dvd"]}]},{"@type":"BreadcrumbList","@id":"https:\/\/noams.dk\/?product=over-the-edge-dvd#breadcrumb","itemListElement":[{"@type":"ListItem","position":1,"name":"Hjem","item":"https:\/\/noams.dk\/"},{"@type":"ListItem","position":2,"name":"Shop","item":"https:\/\/noams.dk\/?page_id=8"},{"@type":"ListItem","position":3,"name":"Over The Edge (DVD)"}]},{"@type":"WebSite","@id":"https:\/\/noams.dk\/#website","url":"https:\/\/noams.dk\/","name":"Noam.dk","description":"Din butik for vinyl, cd&#039;er og film.","publisher":{"@id":"https:\/\/noams.dk\/#organization"},"potentialAction":[{"@type":"SearchAction","target":{"@type":"EntryPoint","urlTemplate":"https:\/\/noams.dk\/?s={search_term_string}"},"query-input":{"@type":"PropertyValueSpecification","valueRequired":true,"valueName":"search_term_string"}}],"inLanguage":"da-DK"},{"@type":"Organization","@id":"https:\/\/noams.dk\/#organization","name":"Noam.dk","url":"https:\/\/noams.dk\/","logo":{"@type":"ImageObject","inLanguage":"da-DK","@id":"https:\/\/noams.dk\/#\/schema\/logo\/image\/","url":"https:\/\/noams.dk\/wp-content\/uploads\/2026\/04\/noams-n-logo.jpg","contentUrl":"https:\/\/noams.dk\/wp-content\/uploads\/2026\/04\/noams-n-logo.jpg","width":119,"height":108,"caption":"Noam.dk"},"image":{"@id":"https:\/\/noams.dk\/#\/schema\/logo\/image\/"},"sameAs":["https:\/\/www.facebook.com\/noamsdk"]}]}},"jetpack_sharing_enabled":true,"_links":{"self":[{"href":"https:\/\/noams.dk\/index.php?rest_route=\/wp\/v2\/product\/896","targetHints":{"allow":["GET"]}}],"collection":[{"href":"https:\/\/noams.dk\/index.php?rest_route=\/wp\/v2\/product"}],"about":[{"href":"https:\/\/noams.dk\/index.php?rest_route=\/wp\/v2\/types\/product"}],"wp:attachment":[{"href":"https:\/\/noams.dk\/index.php?rest_route=%2Fwp%2Fv2%2Fmedia&parent=896"}],"wp:term":[{"taxonomy":"product_brand","embeddable":true,"href":"https:\/\/noams.dk\/index.php?rest_route=%2Fwp%2Fv2%2Fproduct_brand&post=896"},{"taxonomy":"product_cat","embeddable":true,"href":"https:\/\/noams.dk\/index.php?rest_route=%2Fwp%2Fv2%2Fproduct_cat&post=896"},{"taxonomy":"product_tag","embeddable":true,"href":"https:\/\/noams.dk\/index.php?rest_route=%2Fwp%2Fv2%2Fproduct_tag&post=896"}],"curies":[{"name":"wp","href":"https:\/\/api.w.org\/{rel}","templated":true}]}}