{"id":915,"date":"2026-04-03T13:35:36","date_gmt":"2026-04-03T12:35:36","guid":{"rendered":"https:\/\/noams.dk\/?product=beautiful-beast-the-2-disc-edition-dvd"},"modified":"2026-04-05T17:45:57","modified_gmt":"2026-04-05T16:45:57","slug":"beautiful-beast-the-2-disc-edition-dvd","status":"publish","type":"product","link":"https:\/\/noams.dk\/?product=beautiful-beast-the-2-disc-edition-dvd","title":{"rendered":"Beautiful Beast, The &#8211; 2 Disc Edition (DVD)"},"content":{"rendered":"<p><strong>Beskrivelse<\/strong><br \/>\n\u201cThe Beautiful Beast\u201d er et iskoldt, chokerende og skr\u00e6mmende studie af en familie, der falder mere og mere fra hinanden som f\u00f8lge af indest\u00e6ngt ondskab. Enken Louise har et alt for t\u00e6t forhold til sin smukke men tilbagest\u00e5ende s\u00f8n, og hendes datter er splittet mellem k\u00e6rligheden til sin bror, jalousien og sine psykotiske tendenser. Da moderen en dag dukker op med en ny mand, udl\u00f8ser jalousien og dagligdagens psykiske terror den endelige men uundg\u00e5elige katastrofe&#8230;<br \/>\nHyldet af publikum, frygtet af myndighederne; \u201dSubconscious Cruelty\u201d bef\u00e6stede Karim Hussain som en af vor tids mest kompromisl\u00f8se og nyskabende filmmagere. Siden sin kontroversielle debut har han f\u00e5et beslaglagt sin kunst, blevet beskyldt for obsc\u00f8nitet og massakreret af censuren over hele verden!<br \/>\n<strong>Format: DVD<\/strong><br \/>\n<strong>Audio: Fransk &#8211;\u00a0 Dolby Digital 5.1<\/strong><br \/>\n<strong>Undertekster: Dansk, svensk, norsk, finsk<\/strong><br \/>\n<strong>Spilletid: 110 min<\/strong><br \/>\n<strong>Genre: Thriller \/ Drama<\/strong><br \/>\n<strong>Produktions\u00e5r: 2006<\/strong><br \/>\n<strong>Varenr: 5709498011110<\/strong><\/p>\n","protected":false},"excerpt":{"rendered":"<p>Beskrivelse\u201cThe Beautiful Beast\u201d er et iskoldt, chokerende og skr\u00e6mmende studie af en familie, der falder mere og mere fra hinanden som f\u00f8lge af indest\u00e6ngt ondskab. Enken Louise har et alt for t\u00e6t for<\/p>\n","protected":false},"featured_media":0,"comment_status":"open","ping_status":"closed","template":"","meta":{"_themeisle_gutenberg_block_has_review":false},"product_brand":[],"product_cat":[57,47,60],"product_tag":[],"class_list":{"0":"post-915","1":"product","2":"type-product","3":"status-publish","5":"product_cat-drama","6":"product_cat-film","7":"product_cat-thriller","9":"first","10":"instock","11":"taxable","12":"shipping-taxable","13":"purchasable","14":"product-type-simple"},"supplier_id":null,"supplier_sku":"","barcode":null,"atum_controlled":true,"out_stock_date":null,"out_stock_threshold":null,"inheritable":false,"inbound_stock":null,"stock_on_hold":null,"sold_today":null,"sales_last_days":null,"reserved_stock":null,"customer_returns":null,"warehouse_damage":null,"lost_in_post":null,"other_logs":null,"out_stock_days":null,"lost_sales":null,"has_location":false,"update_date":"2026-04-05T16:45:58","atum_locations":[],"atum_stock_status":"instock","restock_status":false,"low_stock_amount":"","sales_update_date":null,"calc_backorders":null,"yoast_head":"<!-- This site is optimized with the Yoast SEO plugin v27.3 - https:\/\/yoast.com\/product\/yoast-seo-wordpress\/ -->\n<title>Beautiful Beast, The - 2 Disc Edition (DVD) - Noams.dk<\/title>\n<meta name=\"robots\" content=\"index, follow, max-snippet:-1, max-image-preview:large, max-video-preview:-1\" \/>\n<link rel=\"canonical\" href=\"https:\/\/noams.dk\/?product=beautiful-beast-the-2-disc-edition-dvd\" \/>\n<meta property=\"og:locale\" content=\"da_DK\" \/>\n<meta property=\"og:type\" content=\"article\" \/>\n<meta property=\"og:title\" content=\"Beautiful Beast, The - 2 Disc Edition (DVD) - Noams.dk\" \/>\n<meta property=\"og:description\" content=\"Beskrivelse\u201cThe Beautiful Beast\u201d er et iskoldt, chokerende og skr\u00e6mmende studie af en familie, der falder mere og mere fra hinanden som f\u00f8lge af indest\u00e6ngt ondskab. Enken Louise har et alt for t\u00e6t for\" \/>\n<meta property=\"og:url\" content=\"https:\/\/noams.dk\/?product=beautiful-beast-the-2-disc-edition-dvd\" \/>\n<meta property=\"og:site_name\" content=\"Noams.dk\" \/>\n<meta property=\"article:publisher\" content=\"https:\/\/www.facebook.com\/noamsdk\" \/>\n<meta property=\"article:modified_time\" content=\"2026-04-05T16:45:57+00:00\" \/>\n<meta name=\"twitter:card\" content=\"summary_large_image\" \/>\n<meta name=\"twitter:label1\" content=\"Estimeret l\u00e6setid\" \/>\n\t<meta name=\"twitter:data1\" content=\"1 minut\" \/>\n<script type=\"application\/ld+json\" class=\"yoast-schema-graph\">{\"@context\":\"https:\\\/\\\/schema.org\",\"@graph\":[{\"@type\":\"WebPage\",\"@id\":\"https:\\\/\\\/noams.dk\\\/?product=beautiful-beast-the-2-disc-edition-dvd\",\"url\":\"https:\\\/\\\/noams.dk\\\/?product=beautiful-beast-the-2-disc-edition-dvd\",\"name\":\"Beautiful Beast, The - 2 Disc Edition (DVD) - Noams.dk\",\"isPartOf\":{\"@id\":\"https:\\\/\\\/noams.dk\\\/#website\"},\"datePublished\":\"2026-04-03T12:35:36+00:00\",\"dateModified\":\"2026-04-05T16:45:57+00:00\",\"breadcrumb\":{\"@id\":\"https:\\\/\\\/noams.dk\\\/?product=beautiful-beast-the-2-disc-edition-dvd#breadcrumb\"},\"inLanguage\":\"da-DK\",\"potentialAction\":[{\"@type\":\"ReadAction\",\"target\":[\"https:\\\/\\\/noams.dk\\\/?product=beautiful-beast-the-2-disc-edition-dvd\"]}]},{\"@type\":\"BreadcrumbList\",\"@id\":\"https:\\\/\\\/noams.dk\\\/?product=beautiful-beast-the-2-disc-edition-dvd#breadcrumb\",\"itemListElement\":[{\"@type\":\"ListItem\",\"position\":1,\"name\":\"Hjem\",\"item\":\"https:\\\/\\\/noams.dk\\\/\"},{\"@type\":\"ListItem\",\"position\":2,\"name\":\"Shop\",\"item\":\"https:\\\/\\\/noams.dk\\\/?page_id=8\"},{\"@type\":\"ListItem\",\"position\":3,\"name\":\"Beautiful Beast, The &#8211; 2 Disc Edition (DVD)\"}]},{\"@type\":\"WebSite\",\"@id\":\"https:\\\/\\\/noams.dk\\\/#website\",\"url\":\"https:\\\/\\\/noams.dk\\\/\",\"name\":\"Noam.dk\",\"description\":\"Din butik for vinyl, cd&#039;er og film.\",\"publisher\":{\"@id\":\"https:\\\/\\\/noams.dk\\\/#organization\"},\"potentialAction\":[{\"@type\":\"SearchAction\",\"target\":{\"@type\":\"EntryPoint\",\"urlTemplate\":\"https:\\\/\\\/noams.dk\\\/?s={search_term_string}\"},\"query-input\":{\"@type\":\"PropertyValueSpecification\",\"valueRequired\":true,\"valueName\":\"search_term_string\"}}],\"inLanguage\":\"da-DK\"},{\"@type\":\"Organization\",\"@id\":\"https:\\\/\\\/noams.dk\\\/#organization\",\"name\":\"Noam.dk\",\"url\":\"https:\\\/\\\/noams.dk\\\/\",\"logo\":{\"@type\":\"ImageObject\",\"inLanguage\":\"da-DK\",\"@id\":\"https:\\\/\\\/noams.dk\\\/#\\\/schema\\\/logo\\\/image\\\/\",\"url\":\"https:\\\/\\\/noams.dk\\\/wp-content\\\/uploads\\\/2026\\\/04\\\/noams-n-logo.jpg\",\"contentUrl\":\"https:\\\/\\\/noams.dk\\\/wp-content\\\/uploads\\\/2026\\\/04\\\/noams-n-logo.jpg\",\"width\":119,\"height\":108,\"caption\":\"Noam.dk\"},\"image\":{\"@id\":\"https:\\\/\\\/noams.dk\\\/#\\\/schema\\\/logo\\\/image\\\/\"},\"sameAs\":[\"https:\\\/\\\/www.facebook.com\\\/noamsdk\"]}]}<\/script>\n<!-- \/ Yoast SEO plugin. -->","yoast_head_json":{"title":"Beautiful Beast, The - 2 Disc Edition (DVD) - Noams.dk","robots":{"index":"index","follow":"follow","max-snippet":"max-snippet:-1","max-image-preview":"max-image-preview:large","max-video-preview":"max-video-preview:-1"},"canonical":"https:\/\/noams.dk\/?product=beautiful-beast-the-2-disc-edition-dvd","og_locale":"da_DK","og_type":"article","og_title":"Beautiful Beast, The - 2 Disc Edition (DVD) - Noams.dk","og_description":"Beskrivelse\u201cThe Beautiful Beast\u201d er et iskoldt, chokerende og skr\u00e6mmende studie af en familie, der falder mere og mere fra hinanden som f\u00f8lge af indest\u00e6ngt ondskab. Enken Louise har et alt for t\u00e6t for","og_url":"https:\/\/noams.dk\/?product=beautiful-beast-the-2-disc-edition-dvd","og_site_name":"Noams.dk","article_publisher":"https:\/\/www.facebook.com\/noamsdk","article_modified_time":"2026-04-05T16:45:57+00:00","twitter_card":"summary_large_image","twitter_misc":{"Estimeret l\u00e6setid":"1 minut"},"schema":{"@context":"https:\/\/schema.org","@graph":[{"@type":"WebPage","@id":"https:\/\/noams.dk\/?product=beautiful-beast-the-2-disc-edition-dvd","url":"https:\/\/noams.dk\/?product=beautiful-beast-the-2-disc-edition-dvd","name":"Beautiful Beast, The - 2 Disc Edition (DVD) - Noams.dk","isPartOf":{"@id":"https:\/\/noams.dk\/#website"},"datePublished":"2026-04-03T12:35:36+00:00","dateModified":"2026-04-05T16:45:57+00:00","breadcrumb":{"@id":"https:\/\/noams.dk\/?product=beautiful-beast-the-2-disc-edition-dvd#breadcrumb"},"inLanguage":"da-DK","potentialAction":[{"@type":"ReadAction","target":["https:\/\/noams.dk\/?product=beautiful-beast-the-2-disc-edition-dvd"]}]},{"@type":"BreadcrumbList","@id":"https:\/\/noams.dk\/?product=beautiful-beast-the-2-disc-edition-dvd#breadcrumb","itemListElement":[{"@type":"ListItem","position":1,"name":"Hjem","item":"https:\/\/noams.dk\/"},{"@type":"ListItem","position":2,"name":"Shop","item":"https:\/\/noams.dk\/?page_id=8"},{"@type":"ListItem","position":3,"name":"Beautiful Beast, The &#8211; 2 Disc Edition (DVD)"}]},{"@type":"WebSite","@id":"https:\/\/noams.dk\/#website","url":"https:\/\/noams.dk\/","name":"Noam.dk","description":"Din butik for vinyl, cd&#039;er og film.","publisher":{"@id":"https:\/\/noams.dk\/#organization"},"potentialAction":[{"@type":"SearchAction","target":{"@type":"EntryPoint","urlTemplate":"https:\/\/noams.dk\/?s={search_term_string}"},"query-input":{"@type":"PropertyValueSpecification","valueRequired":true,"valueName":"search_term_string"}}],"inLanguage":"da-DK"},{"@type":"Organization","@id":"https:\/\/noams.dk\/#organization","name":"Noam.dk","url":"https:\/\/noams.dk\/","logo":{"@type":"ImageObject","inLanguage":"da-DK","@id":"https:\/\/noams.dk\/#\/schema\/logo\/image\/","url":"https:\/\/noams.dk\/wp-content\/uploads\/2026\/04\/noams-n-logo.jpg","contentUrl":"https:\/\/noams.dk\/wp-content\/uploads\/2026\/04\/noams-n-logo.jpg","width":119,"height":108,"caption":"Noam.dk"},"image":{"@id":"https:\/\/noams.dk\/#\/schema\/logo\/image\/"},"sameAs":["https:\/\/www.facebook.com\/noamsdk"]}]}},"jetpack_sharing_enabled":true,"_links":{"self":[{"href":"https:\/\/noams.dk\/index.php?rest_route=\/wp\/v2\/product\/915","targetHints":{"allow":["GET"]}}],"collection":[{"href":"https:\/\/noams.dk\/index.php?rest_route=\/wp\/v2\/product"}],"about":[{"href":"https:\/\/noams.dk\/index.php?rest_route=\/wp\/v2\/types\/product"}],"replies":[{"embeddable":true,"href":"https:\/\/noams.dk\/index.php?rest_route=%2Fwp%2Fv2%2Fcomments&post=915"}],"wp:attachment":[{"href":"https:\/\/noams.dk\/index.php?rest_route=%2Fwp%2Fv2%2Fmedia&parent=915"}],"wp:term":[{"taxonomy":"product_brand","embeddable":true,"href":"https:\/\/noams.dk\/index.php?rest_route=%2Fwp%2Fv2%2Fproduct_brand&post=915"},{"taxonomy":"product_cat","embeddable":true,"href":"https:\/\/noams.dk\/index.php?rest_route=%2Fwp%2Fv2%2Fproduct_cat&post=915"},{"taxonomy":"product_tag","embeddable":true,"href":"https:\/\/noams.dk\/index.php?rest_route=%2Fwp%2Fv2%2Fproduct_tag&post=915"}],"curies":[{"name":"wp","href":"https:\/\/api.w.org\/{rel}","templated":true}]}}