{"id":919,"date":"2026-04-03T13:35:39","date_gmt":"2026-04-03T12:35:39","guid":{"rendered":"https:\/\/noams.dk\/?product=cold-eyes-of-fear-dvd"},"modified":"2026-04-05T17:52:25","modified_gmt":"2026-04-05T16:52:25","slug":"cold-eyes-of-fear-dvd","status":"publish","type":"product","link":"https:\/\/noams.dk\/?product=cold-eyes-of-fear-dvd","title":{"rendered":"Cold Eyes Of Fear (DVD)"},"content":{"rendered":"<p><strong>Beskrivelse<\/strong><br \/>\nPatrick, der netop har samlet en prostitueret op i Londons Soho-kvarter, kidnappes sammen med sin gl\u00e6despige og holdes indesp\u00e6rret i sin onkels hytte. Onklen er en korrupt dommer, og det er i virkeligheden ham, som Patricks kidnappere er ude efter. Snart stiger sp\u00e6ndingen til intense h\u00f8jder, efterh\u00e5nden som tidspunktet for onklens ankomst n\u00e6rmer sig. Hvordan kan Patrick slippe ud af kidnappernes greb, og hvordan h\u00e6nger det hele i virkeligheden sammen?<br \/>\n\u201cCold Eyes of Fear\u201d er en stilfuld giallo, med instruktion af Enzo G. Castellari (bl.a. \u201cInglorious Bastards\u201d) og musik af den legendariske Ennio Morricone.<br \/>\n<strong>Format: DVD<\/strong><br \/>\n<strong>Sprog: Engelsk &#8211; Dolby Digital 2.0<\/strong><br \/>\n<strong>Undertekster: Dansk, svensk, norsk, finsk<\/strong><br \/>\n<strong>Spilletid: 87 min<\/strong><br \/>\n<strong>Genre: Thriller<\/strong><br \/>\n<strong>Produktions\u00e5r: 1971<\/strong><br \/>\n<strong>Varenr: 5709498011516<\/strong><\/p>\n","protected":false},"excerpt":{"rendered":"<p>BeskrivelsePatrick, der netop har samlet en prostitueret op i Londons Soho-kvarter, kidnappes sammen med sin gl\u00e6despige og holdes indesp\u00e6rret i sin onkels hytte. Onklen er en korrupt dommer, og det er<\/p>\n","protected":false},"featured_media":0,"comment_status":"open","ping_status":"closed","template":"","meta":{"_themeisle_gutenberg_block_has_review":false},"product_brand":[],"product_cat":[47,60],"product_tag":[],"class_list":{"0":"post-919","1":"product","2":"type-product","3":"status-publish","5":"product_cat-film","6":"product_cat-thriller","8":"first","9":"instock","10":"taxable","11":"shipping-taxable","12":"purchasable","13":"product-type-simple"},"supplier_id":null,"supplier_sku":"","barcode":null,"atum_controlled":true,"out_stock_date":null,"out_stock_threshold":null,"inheritable":false,"inbound_stock":null,"stock_on_hold":null,"sold_today":null,"sales_last_days":null,"reserved_stock":null,"customer_returns":null,"warehouse_damage":null,"lost_in_post":null,"other_logs":null,"out_stock_days":null,"lost_sales":null,"has_location":false,"update_date":"2026-04-05T16:52:25","atum_locations":[],"atum_stock_status":"instock","restock_status":false,"low_stock_amount":"","sales_update_date":null,"calc_backorders":null,"yoast_head":"<!-- This site is optimized with the Yoast SEO plugin v27.3 - https:\/\/yoast.com\/product\/yoast-seo-wordpress\/ -->\n<title>Cold Eyes Of Fear (DVD) - Noams.dk<\/title>\n<meta name=\"robots\" content=\"index, follow, max-snippet:-1, max-image-preview:large, max-video-preview:-1\" \/>\n<link rel=\"canonical\" href=\"https:\/\/noams.dk\/?product=cold-eyes-of-fear-dvd\" \/>\n<meta property=\"og:locale\" content=\"da_DK\" \/>\n<meta property=\"og:type\" content=\"article\" \/>\n<meta property=\"og:title\" content=\"Cold Eyes Of Fear (DVD) - Noams.dk\" \/>\n<meta property=\"og:description\" content=\"BeskrivelsePatrick, der netop har samlet en prostitueret op i Londons Soho-kvarter, kidnappes sammen med sin gl\u00e6despige og holdes indesp\u00e6rret i sin onkels hytte. Onklen er en korrupt dommer, og det er\" \/>\n<meta property=\"og:url\" content=\"https:\/\/noams.dk\/?product=cold-eyes-of-fear-dvd\" \/>\n<meta property=\"og:site_name\" content=\"Noams.dk\" \/>\n<meta property=\"article:publisher\" content=\"https:\/\/www.facebook.com\/noamsdk\" \/>\n<meta property=\"article:modified_time\" content=\"2026-04-05T16:52:25+00:00\" \/>\n<meta name=\"twitter:card\" content=\"summary_large_image\" \/>\n<meta name=\"twitter:label1\" content=\"Estimeret l\u00e6setid\" \/>\n\t<meta name=\"twitter:data1\" content=\"1 minut\" \/>\n<script type=\"application\/ld+json\" class=\"yoast-schema-graph\">{\"@context\":\"https:\\\/\\\/schema.org\",\"@graph\":[{\"@type\":\"WebPage\",\"@id\":\"https:\\\/\\\/noams.dk\\\/?product=cold-eyes-of-fear-dvd\",\"url\":\"https:\\\/\\\/noams.dk\\\/?product=cold-eyes-of-fear-dvd\",\"name\":\"Cold Eyes Of Fear (DVD) - Noams.dk\",\"isPartOf\":{\"@id\":\"https:\\\/\\\/noams.dk\\\/#website\"},\"datePublished\":\"2026-04-03T12:35:39+00:00\",\"dateModified\":\"2026-04-05T16:52:25+00:00\",\"breadcrumb\":{\"@id\":\"https:\\\/\\\/noams.dk\\\/?product=cold-eyes-of-fear-dvd#breadcrumb\"},\"inLanguage\":\"da-DK\",\"potentialAction\":[{\"@type\":\"ReadAction\",\"target\":[\"https:\\\/\\\/noams.dk\\\/?product=cold-eyes-of-fear-dvd\"]}]},{\"@type\":\"BreadcrumbList\",\"@id\":\"https:\\\/\\\/noams.dk\\\/?product=cold-eyes-of-fear-dvd#breadcrumb\",\"itemListElement\":[{\"@type\":\"ListItem\",\"position\":1,\"name\":\"Hjem\",\"item\":\"https:\\\/\\\/noams.dk\\\/\"},{\"@type\":\"ListItem\",\"position\":2,\"name\":\"Shop\",\"item\":\"https:\\\/\\\/noams.dk\\\/?page_id=8\"},{\"@type\":\"ListItem\",\"position\":3,\"name\":\"Cold Eyes Of Fear (DVD)\"}]},{\"@type\":\"WebSite\",\"@id\":\"https:\\\/\\\/noams.dk\\\/#website\",\"url\":\"https:\\\/\\\/noams.dk\\\/\",\"name\":\"Noam.dk\",\"description\":\"Din butik for vinyl, cd&#039;er og film.\",\"publisher\":{\"@id\":\"https:\\\/\\\/noams.dk\\\/#organization\"},\"potentialAction\":[{\"@type\":\"SearchAction\",\"target\":{\"@type\":\"EntryPoint\",\"urlTemplate\":\"https:\\\/\\\/noams.dk\\\/?s={search_term_string}\"},\"query-input\":{\"@type\":\"PropertyValueSpecification\",\"valueRequired\":true,\"valueName\":\"search_term_string\"}}],\"inLanguage\":\"da-DK\"},{\"@type\":\"Organization\",\"@id\":\"https:\\\/\\\/noams.dk\\\/#organization\",\"name\":\"Noam.dk\",\"url\":\"https:\\\/\\\/noams.dk\\\/\",\"logo\":{\"@type\":\"ImageObject\",\"inLanguage\":\"da-DK\",\"@id\":\"https:\\\/\\\/noams.dk\\\/#\\\/schema\\\/logo\\\/image\\\/\",\"url\":\"https:\\\/\\\/noams.dk\\\/wp-content\\\/uploads\\\/2026\\\/04\\\/noams-n-logo.jpg\",\"contentUrl\":\"https:\\\/\\\/noams.dk\\\/wp-content\\\/uploads\\\/2026\\\/04\\\/noams-n-logo.jpg\",\"width\":119,\"height\":108,\"caption\":\"Noam.dk\"},\"image\":{\"@id\":\"https:\\\/\\\/noams.dk\\\/#\\\/schema\\\/logo\\\/image\\\/\"},\"sameAs\":[\"https:\\\/\\\/www.facebook.com\\\/noamsdk\"]}]}<\/script>\n<!-- \/ Yoast SEO plugin. -->","yoast_head_json":{"title":"Cold Eyes Of Fear (DVD) - Noams.dk","robots":{"index":"index","follow":"follow","max-snippet":"max-snippet:-1","max-image-preview":"max-image-preview:large","max-video-preview":"max-video-preview:-1"},"canonical":"https:\/\/noams.dk\/?product=cold-eyes-of-fear-dvd","og_locale":"da_DK","og_type":"article","og_title":"Cold Eyes Of Fear (DVD) - Noams.dk","og_description":"BeskrivelsePatrick, der netop har samlet en prostitueret op i Londons Soho-kvarter, kidnappes sammen med sin gl\u00e6despige og holdes indesp\u00e6rret i sin onkels hytte. Onklen er en korrupt dommer, og det er","og_url":"https:\/\/noams.dk\/?product=cold-eyes-of-fear-dvd","og_site_name":"Noams.dk","article_publisher":"https:\/\/www.facebook.com\/noamsdk","article_modified_time":"2026-04-05T16:52:25+00:00","twitter_card":"summary_large_image","twitter_misc":{"Estimeret l\u00e6setid":"1 minut"},"schema":{"@context":"https:\/\/schema.org","@graph":[{"@type":"WebPage","@id":"https:\/\/noams.dk\/?product=cold-eyes-of-fear-dvd","url":"https:\/\/noams.dk\/?product=cold-eyes-of-fear-dvd","name":"Cold Eyes Of Fear (DVD) - Noams.dk","isPartOf":{"@id":"https:\/\/noams.dk\/#website"},"datePublished":"2026-04-03T12:35:39+00:00","dateModified":"2026-04-05T16:52:25+00:00","breadcrumb":{"@id":"https:\/\/noams.dk\/?product=cold-eyes-of-fear-dvd#breadcrumb"},"inLanguage":"da-DK","potentialAction":[{"@type":"ReadAction","target":["https:\/\/noams.dk\/?product=cold-eyes-of-fear-dvd"]}]},{"@type":"BreadcrumbList","@id":"https:\/\/noams.dk\/?product=cold-eyes-of-fear-dvd#breadcrumb","itemListElement":[{"@type":"ListItem","position":1,"name":"Hjem","item":"https:\/\/noams.dk\/"},{"@type":"ListItem","position":2,"name":"Shop","item":"https:\/\/noams.dk\/?page_id=8"},{"@type":"ListItem","position":3,"name":"Cold Eyes Of Fear (DVD)"}]},{"@type":"WebSite","@id":"https:\/\/noams.dk\/#website","url":"https:\/\/noams.dk\/","name":"Noam.dk","description":"Din butik for vinyl, cd&#039;er og film.","publisher":{"@id":"https:\/\/noams.dk\/#organization"},"potentialAction":[{"@type":"SearchAction","target":{"@type":"EntryPoint","urlTemplate":"https:\/\/noams.dk\/?s={search_term_string}"},"query-input":{"@type":"PropertyValueSpecification","valueRequired":true,"valueName":"search_term_string"}}],"inLanguage":"da-DK"},{"@type":"Organization","@id":"https:\/\/noams.dk\/#organization","name":"Noam.dk","url":"https:\/\/noams.dk\/","logo":{"@type":"ImageObject","inLanguage":"da-DK","@id":"https:\/\/noams.dk\/#\/schema\/logo\/image\/","url":"https:\/\/noams.dk\/wp-content\/uploads\/2026\/04\/noams-n-logo.jpg","contentUrl":"https:\/\/noams.dk\/wp-content\/uploads\/2026\/04\/noams-n-logo.jpg","width":119,"height":108,"caption":"Noam.dk"},"image":{"@id":"https:\/\/noams.dk\/#\/schema\/logo\/image\/"},"sameAs":["https:\/\/www.facebook.com\/noamsdk"]}]}},"jetpack_sharing_enabled":true,"_links":{"self":[{"href":"https:\/\/noams.dk\/index.php?rest_route=\/wp\/v2\/product\/919","targetHints":{"allow":["GET"]}}],"collection":[{"href":"https:\/\/noams.dk\/index.php?rest_route=\/wp\/v2\/product"}],"about":[{"href":"https:\/\/noams.dk\/index.php?rest_route=\/wp\/v2\/types\/product"}],"replies":[{"embeddable":true,"href":"https:\/\/noams.dk\/index.php?rest_route=%2Fwp%2Fv2%2Fcomments&post=919"}],"wp:attachment":[{"href":"https:\/\/noams.dk\/index.php?rest_route=%2Fwp%2Fv2%2Fmedia&parent=919"}],"wp:term":[{"taxonomy":"product_brand","embeddable":true,"href":"https:\/\/noams.dk\/index.php?rest_route=%2Fwp%2Fv2%2Fproduct_brand&post=919"},{"taxonomy":"product_cat","embeddable":true,"href":"https:\/\/noams.dk\/index.php?rest_route=%2Fwp%2Fv2%2Fproduct_cat&post=919"},{"taxonomy":"product_tag","embeddable":true,"href":"https:\/\/noams.dk\/index.php?rest_route=%2Fwp%2Fv2%2Fproduct_tag&post=919"}],"curies":[{"name":"wp","href":"https:\/\/api.w.org\/{rel}","templated":true}]}}