{"id":920,"date":"2026-04-03T13:35:39","date_gmt":"2026-04-03T12:35:39","guid":{"rendered":"https:\/\/noams.dk\/?product=dirch-og-blaajakkerne-dvd"},"modified":"2026-04-24T22:52:33","modified_gmt":"2026-04-24T20:52:33","slug":"dirch-og-blaajakkerne-dvd","status":"publish","type":"product","link":"https:\/\/noams.dk\/?product=dirch-og-blaajakkerne-dvd","title":{"rendered":"Dirch Og Bl\u00e5jakkerne (DVD)"},"content":{"rendered":"<p><strong>Beskrivelse<\/strong><br \/>\nEndnu en glemt perle fra den danske filmskat med dansk films bedste komiker<br \/>\nI flere \u00e5rtier var Dirch Passer den absolut mest popul\u00e6re danske revy- og filmkomiker. Han havde en enorm folkelig appeal, der ikke blev mindre som f\u00f8lge af hans alt for tidlige d\u00f8d i en alder af blot 54 \u00e5r. Dirch Passer indspillede i omegnen af 100 film p\u00e5 knap 30 \u00e5r, og var en af landets mest produktive skuespillere. I 1974 modtog han s\u00e5gar en BODIL for bedste hovedrolle i \u201cMig og mafiaen\u201d. Another World Entertainment pr\u00e6senterer for f\u00f8rste gang \u201cBl\u00e5jakkerne\u201d p\u00e5 dansk DVD. Filmen, der kom til verden som f\u00f8lge af et samarbejde mellem den store ranglede komiker og den svenske instrukt\u00f8r Arne Mattson, er typisk Dirch Passer underholdning, hvor Danmarks glade mand, drager til broderlandet mod nord, og bliver viklet ind i et utal af muntre episoder. Er du til den danske folkekomedie, g\u00e5r du ikke galt i byen med \u201cBl\u00e5jakkerne\u201d.<\/p>\n<p><strong>Format: DVD<\/strong><br \/>\n<strong>Sprog: Svensk &#8211; Dolby Digital<\/strong><br \/>\n<strong>Undertekster: Danske<\/strong><br \/>\n<strong>Spilletid: 108 min<\/strong><br \/>\n<strong>Alder: Tilladt for alle<\/strong><br \/>\n<strong>Varenr: 5709498011578<\/strong><\/p>\n","protected":false},"excerpt":{"rendered":"<p>BeskrivelseEndnu en glemt perle fra den danske filmskat med dansk films bedste komiker<br \/>\nI flere \u00e5rtier var Dirch Passer den absolut mest popul\u00e6re danske revy- og filmkomiker. Han havde en enorm folkel<\/p>\n","protected":false},"featured_media":0,"template":"","meta":{"_themeisle_gutenberg_block_has_review":false},"product_brand":[],"product_cat":[47,771],"product_tag":[],"class_list":{"0":"post-920","1":"product","2":"type-product","3":"status-publish","5":"product_cat-film","6":"product_cat-gamle-danske-film","8":"first","9":"instock","10":"sold-individually","11":"taxable","12":"shipping-taxable","13":"purchasable","14":"product-type-simple"},"supplier_id":null,"supplier_sku":"","barcode":null,"atum_controlled":true,"out_stock_date":null,"out_stock_threshold":null,"inheritable":false,"inbound_stock":null,"stock_on_hold":null,"sold_today":null,"sales_last_days":null,"reserved_stock":null,"customer_returns":null,"warehouse_damage":null,"lost_in_post":null,"other_logs":null,"out_stock_days":null,"lost_sales":null,"has_location":false,"update_date":"2026-04-24T20:52:34","atum_locations":[],"atum_stock_status":"instock","restock_status":false,"low_stock_amount":"","sales_update_date":null,"calc_backorders":null,"yoast_head":"<!-- This site is optimized with the Yoast SEO plugin v27.5 - https:\/\/yoast.com\/product\/yoast-seo-wordpress\/ -->\n<title>Dirch Og Bl\u00e5jakkerne (DVD) - Noams.dk<\/title>\n<meta name=\"robots\" content=\"index, follow, max-snippet:-1, max-image-preview:large, max-video-preview:-1\" \/>\n<link rel=\"canonical\" href=\"https:\/\/noams.dk\/?product=dirch-og-blaajakkerne-dvd\" \/>\n<meta property=\"og:locale\" content=\"da_DK\" \/>\n<meta property=\"og:type\" content=\"article\" \/>\n<meta property=\"og:title\" content=\"Dirch Og Bl\u00e5jakkerne (DVD) - Noams.dk\" \/>\n<meta property=\"og:description\" content=\"BeskrivelseEndnu en glemt perle fra den danske filmskat med dansk films bedste komiker I flere \u00e5rtier var Dirch Passer den absolut mest popul\u00e6re danske revy- og filmkomiker. Han havde en enorm folkel\" \/>\n<meta property=\"og:url\" content=\"https:\/\/noams.dk\/?product=dirch-og-blaajakkerne-dvd\" \/>\n<meta property=\"og:site_name\" content=\"Noams.dk\" \/>\n<meta property=\"article:publisher\" content=\"https:\/\/www.facebook.com\/noamsdk\" \/>\n<meta property=\"article:modified_time\" content=\"2026-04-24T20:52:33+00:00\" \/>\n<meta name=\"twitter:card\" content=\"summary_large_image\" \/>\n<meta name=\"twitter:label1\" content=\"Estimeret l\u00e6setid\" \/>\n\t<meta name=\"twitter:data1\" content=\"1 minut\" \/>\n<script type=\"application\/ld+json\" class=\"yoast-schema-graph\">{\"@context\":\"https:\\\/\\\/schema.org\",\"@graph\":[{\"@type\":\"WebPage\",\"@id\":\"https:\\\/\\\/noams.dk\\\/?product=dirch-og-blaajakkerne-dvd\",\"url\":\"https:\\\/\\\/noams.dk\\\/?product=dirch-og-blaajakkerne-dvd\",\"name\":\"Dirch Og Bl\u00e5jakkerne (DVD) - Noams.dk\",\"isPartOf\":{\"@id\":\"https:\\\/\\\/noams.dk\\\/#website\"},\"datePublished\":\"2026-04-03T12:35:39+00:00\",\"dateModified\":\"2026-04-24T20:52:33+00:00\",\"breadcrumb\":{\"@id\":\"https:\\\/\\\/noams.dk\\\/?product=dirch-og-blaajakkerne-dvd#breadcrumb\"},\"inLanguage\":\"da-DK\",\"potentialAction\":[{\"@type\":\"ReadAction\",\"target\":[\"https:\\\/\\\/noams.dk\\\/?product=dirch-og-blaajakkerne-dvd\"]}]},{\"@type\":\"BreadcrumbList\",\"@id\":\"https:\\\/\\\/noams.dk\\\/?product=dirch-og-blaajakkerne-dvd#breadcrumb\",\"itemListElement\":[{\"@type\":\"ListItem\",\"position\":1,\"name\":\"Hjem\",\"item\":\"https:\\\/\\\/noams.dk\\\/\"},{\"@type\":\"ListItem\",\"position\":2,\"name\":\"Shop\",\"item\":\"https:\\\/\\\/noams.dk\\\/?page_id=8\"},{\"@type\":\"ListItem\",\"position\":3,\"name\":\"Dirch Og Bl\u00e5jakkerne (DVD)\"}]},{\"@type\":\"WebSite\",\"@id\":\"https:\\\/\\\/noams.dk\\\/#website\",\"url\":\"https:\\\/\\\/noams.dk\\\/\",\"name\":\"Noam.dk\",\"description\":\"Din butik for vinyl, cd&#039;er og film.\",\"publisher\":{\"@id\":\"https:\\\/\\\/noams.dk\\\/#organization\"},\"potentialAction\":[{\"@type\":\"SearchAction\",\"target\":{\"@type\":\"EntryPoint\",\"urlTemplate\":\"https:\\\/\\\/noams.dk\\\/?s={search_term_string}\"},\"query-input\":{\"@type\":\"PropertyValueSpecification\",\"valueRequired\":true,\"valueName\":\"search_term_string\"}}],\"inLanguage\":\"da-DK\"},{\"@type\":\"Organization\",\"@id\":\"https:\\\/\\\/noams.dk\\\/#organization\",\"name\":\"Noam.dk\",\"url\":\"https:\\\/\\\/noams.dk\\\/\",\"logo\":{\"@type\":\"ImageObject\",\"inLanguage\":\"da-DK\",\"@id\":\"https:\\\/\\\/noams.dk\\\/#\\\/schema\\\/logo\\\/image\\\/\",\"url\":\"https:\\\/\\\/noams.dk\\\/wp-content\\\/uploads\\\/2026\\\/04\\\/noams-n-logo.jpg\",\"contentUrl\":\"https:\\\/\\\/noams.dk\\\/wp-content\\\/uploads\\\/2026\\\/04\\\/noams-n-logo.jpg\",\"width\":119,\"height\":108,\"caption\":\"Noam.dk\"},\"image\":{\"@id\":\"https:\\\/\\\/noams.dk\\\/#\\\/schema\\\/logo\\\/image\\\/\"},\"sameAs\":[\"https:\\\/\\\/www.facebook.com\\\/noamsdk\"]}]}<\/script>\n<!-- \/ Yoast SEO plugin. -->","yoast_head_json":{"title":"Dirch Og Bl\u00e5jakkerne (DVD) - Noams.dk","robots":{"index":"index","follow":"follow","max-snippet":"max-snippet:-1","max-image-preview":"max-image-preview:large","max-video-preview":"max-video-preview:-1"},"canonical":"https:\/\/noams.dk\/?product=dirch-og-blaajakkerne-dvd","og_locale":"da_DK","og_type":"article","og_title":"Dirch Og Bl\u00e5jakkerne (DVD) - Noams.dk","og_description":"BeskrivelseEndnu en glemt perle fra den danske filmskat med dansk films bedste komiker I flere \u00e5rtier var Dirch Passer den absolut mest popul\u00e6re danske revy- og filmkomiker. Han havde en enorm folkel","og_url":"https:\/\/noams.dk\/?product=dirch-og-blaajakkerne-dvd","og_site_name":"Noams.dk","article_publisher":"https:\/\/www.facebook.com\/noamsdk","article_modified_time":"2026-04-24T20:52:33+00:00","twitter_card":"summary_large_image","twitter_misc":{"Estimeret l\u00e6setid":"1 minut"},"schema":{"@context":"https:\/\/schema.org","@graph":[{"@type":"WebPage","@id":"https:\/\/noams.dk\/?product=dirch-og-blaajakkerne-dvd","url":"https:\/\/noams.dk\/?product=dirch-og-blaajakkerne-dvd","name":"Dirch Og Bl\u00e5jakkerne (DVD) - Noams.dk","isPartOf":{"@id":"https:\/\/noams.dk\/#website"},"datePublished":"2026-04-03T12:35:39+00:00","dateModified":"2026-04-24T20:52:33+00:00","breadcrumb":{"@id":"https:\/\/noams.dk\/?product=dirch-og-blaajakkerne-dvd#breadcrumb"},"inLanguage":"da-DK","potentialAction":[{"@type":"ReadAction","target":["https:\/\/noams.dk\/?product=dirch-og-blaajakkerne-dvd"]}]},{"@type":"BreadcrumbList","@id":"https:\/\/noams.dk\/?product=dirch-og-blaajakkerne-dvd#breadcrumb","itemListElement":[{"@type":"ListItem","position":1,"name":"Hjem","item":"https:\/\/noams.dk\/"},{"@type":"ListItem","position":2,"name":"Shop","item":"https:\/\/noams.dk\/?page_id=8"},{"@type":"ListItem","position":3,"name":"Dirch Og Bl\u00e5jakkerne (DVD)"}]},{"@type":"WebSite","@id":"https:\/\/noams.dk\/#website","url":"https:\/\/noams.dk\/","name":"Noam.dk","description":"Din butik for vinyl, cd&#039;er og film.","publisher":{"@id":"https:\/\/noams.dk\/#organization"},"potentialAction":[{"@type":"SearchAction","target":{"@type":"EntryPoint","urlTemplate":"https:\/\/noams.dk\/?s={search_term_string}"},"query-input":{"@type":"PropertyValueSpecification","valueRequired":true,"valueName":"search_term_string"}}],"inLanguage":"da-DK"},{"@type":"Organization","@id":"https:\/\/noams.dk\/#organization","name":"Noam.dk","url":"https:\/\/noams.dk\/","logo":{"@type":"ImageObject","inLanguage":"da-DK","@id":"https:\/\/noams.dk\/#\/schema\/logo\/image\/","url":"https:\/\/noams.dk\/wp-content\/uploads\/2026\/04\/noams-n-logo.jpg","contentUrl":"https:\/\/noams.dk\/wp-content\/uploads\/2026\/04\/noams-n-logo.jpg","width":119,"height":108,"caption":"Noam.dk"},"image":{"@id":"https:\/\/noams.dk\/#\/schema\/logo\/image\/"},"sameAs":["https:\/\/www.facebook.com\/noamsdk"]}]}},"jetpack_sharing_enabled":true,"_links":{"self":[{"href":"https:\/\/noams.dk\/index.php?rest_route=\/wp\/v2\/product\/920","targetHints":{"allow":["GET"]}}],"collection":[{"href":"https:\/\/noams.dk\/index.php?rest_route=\/wp\/v2\/product"}],"about":[{"href":"https:\/\/noams.dk\/index.php?rest_route=\/wp\/v2\/types\/product"}],"wp:attachment":[{"href":"https:\/\/noams.dk\/index.php?rest_route=%2Fwp%2Fv2%2Fmedia&parent=920"}],"wp:term":[{"taxonomy":"product_brand","embeddable":true,"href":"https:\/\/noams.dk\/index.php?rest_route=%2Fwp%2Fv2%2Fproduct_brand&post=920"},{"taxonomy":"product_cat","embeddable":true,"href":"https:\/\/noams.dk\/index.php?rest_route=%2Fwp%2Fv2%2Fproduct_cat&post=920"},{"taxonomy":"product_tag","embeddable":true,"href":"https:\/\/noams.dk\/index.php?rest_route=%2Fwp%2Fv2%2Fproduct_tag&post=920"}],"curies":[{"name":"wp","href":"https:\/\/api.w.org\/{rel}","templated":true}]}}