{"id":921,"date":"2026-04-03T13:35:39","date_gmt":"2026-04-03T12:35:39","guid":{"rendered":"https:\/\/noams.dk\/?product=screamers-dvd"},"modified":"2026-04-08T17:40:42","modified_gmt":"2026-04-08T16:40:42","slug":"screamers-dvd","status":"publish","type":"product","link":"https:\/\/noams.dk\/?product=screamers-dvd","title":{"rendered":"Screamers (DVD)"},"content":{"rendered":"<p><strong>Beskrivelse<\/strong><br \/>\nAf Forfatteren Til \u201cblade Runner\u201d.<br \/>\nP\u00e5 den fjerntliggende og krigsh\u00e6rgede planet Sirius 6B, har videnskabsfolk i \u00e5r 2078 udviklet det perfekte v\u00e5ben: En gruppe morderiske og selvreplikerende robotter kaldet Screamers, som er i stand til at jage og udslette al fjendtlig modstand. Men hvad der skulle have v\u00e6ret et kontrolerbart og perfekt v\u00e5ben, er fortsat med at udvikle sig uden menneskelig kontrol, og har nu kun \u00e9n overordnet mission: At udslette alt levende&#8230;<br \/>\nI rollen som Oberst Hendricksson ses den amerikanske skuespiller Peter Weller, der bl.a. er kendt for sin rolle som den navnkundige Robocop.\u201cScreamers\u201d er baseret p\u00e5 en roman af Philip K. Dick, der ogs\u00e5 har skrevet bl.a. \u201cBlade Runner\u201d.<br \/>\n<strong>Format: DVD<\/strong><br \/>\n<strong>Audio: Engelsk &#8211; Dolby Digital 5,1 &amp; 2,0<\/strong><br \/>\n<strong>Undertekster: Dansk, Svensk, Norsk, Finsk, m.fl.<\/strong><br \/>\n<strong>Spilletid: 104 min<\/strong><br \/>\n<strong>Genre: Gys \/ Sci-fi<\/strong><br \/>\n<strong>Produktions\u00e5r: 1995<\/strong><br \/>\n<strong>Varenr: 5709498011608<\/strong><\/p>\n","protected":false},"excerpt":{"rendered":"<p>BeskrivelseAf Forfatteren Til \u201cblade Runner\u201d.<br \/>\nP\u00e5 den fjerntliggende og krigsh\u00e6rgede planet Sirius 6B, har videnskabsfolk i \u00e5r 2078 udviklet det perfekte v\u00e5ben: En gruppe morderiske og selvreplikerend<\/p>\n","protected":false},"featured_media":0,"comment_status":"open","ping_status":"closed","template":"","meta":{"_themeisle_gutenberg_block_has_review":false},"product_brand":[],"product_cat":[47,56,766],"product_tag":[],"class_list":{"0":"post-921","1":"product","2":"type-product","3":"status-publish","5":"product_cat-film","6":"product_cat-gys-horror","7":"product_cat-sci-fi","9":"first","10":"instock","11":"taxable","12":"shipping-taxable","13":"purchasable","14":"product-type-simple"},"supplier_id":null,"supplier_sku":"","barcode":null,"atum_controlled":true,"out_stock_date":null,"out_stock_threshold":null,"inheritable":false,"inbound_stock":null,"stock_on_hold":null,"sold_today":null,"sales_last_days":null,"reserved_stock":null,"customer_returns":null,"warehouse_damage":null,"lost_in_post":null,"other_logs":null,"out_stock_days":null,"lost_sales":null,"has_location":false,"update_date":"2026-04-08T16:40:43","atum_locations":[],"atum_stock_status":"instock","restock_status":false,"low_stock_amount":"","sales_update_date":null,"calc_backorders":null,"yoast_head":"<!-- This site is optimized with the Yoast SEO plugin v27.3 - https:\/\/yoast.com\/product\/yoast-seo-wordpress\/ -->\n<title>Screamers (DVD) - Noams.dk<\/title>\n<meta name=\"robots\" content=\"index, follow, max-snippet:-1, max-image-preview:large, max-video-preview:-1\" \/>\n<link rel=\"canonical\" href=\"https:\/\/noams.dk\/?product=screamers-dvd\" \/>\n<meta property=\"og:locale\" content=\"da_DK\" \/>\n<meta property=\"og:type\" content=\"article\" \/>\n<meta property=\"og:title\" content=\"Screamers (DVD) - Noams.dk\" \/>\n<meta property=\"og:description\" content=\"BeskrivelseAf Forfatteren Til \u201cblade Runner\u201d. P\u00e5 den fjerntliggende og krigsh\u00e6rgede planet Sirius 6B, har videnskabsfolk i \u00e5r 2078 udviklet det perfekte v\u00e5ben: En gruppe morderiske og selvreplikerend\" \/>\n<meta property=\"og:url\" content=\"https:\/\/noams.dk\/?product=screamers-dvd\" \/>\n<meta property=\"og:site_name\" content=\"Noams.dk\" \/>\n<meta property=\"article:publisher\" content=\"https:\/\/www.facebook.com\/noamsdk\" \/>\n<meta property=\"article:modified_time\" content=\"2026-04-08T16:40:42+00:00\" \/>\n<meta name=\"twitter:card\" content=\"summary_large_image\" \/>\n<meta name=\"twitter:label1\" content=\"Estimeret l\u00e6setid\" \/>\n\t<meta name=\"twitter:data1\" content=\"1 minut\" \/>\n<script type=\"application\/ld+json\" class=\"yoast-schema-graph\">{\"@context\":\"https:\\\/\\\/schema.org\",\"@graph\":[{\"@type\":\"WebPage\",\"@id\":\"https:\\\/\\\/noams.dk\\\/?product=screamers-dvd\",\"url\":\"https:\\\/\\\/noams.dk\\\/?product=screamers-dvd\",\"name\":\"Screamers (DVD) - Noams.dk\",\"isPartOf\":{\"@id\":\"https:\\\/\\\/noams.dk\\\/#website\"},\"datePublished\":\"2026-04-03T12:35:39+00:00\",\"dateModified\":\"2026-04-08T16:40:42+00:00\",\"breadcrumb\":{\"@id\":\"https:\\\/\\\/noams.dk\\\/?product=screamers-dvd#breadcrumb\"},\"inLanguage\":\"da-DK\",\"potentialAction\":[{\"@type\":\"ReadAction\",\"target\":[\"https:\\\/\\\/noams.dk\\\/?product=screamers-dvd\"]}]},{\"@type\":\"BreadcrumbList\",\"@id\":\"https:\\\/\\\/noams.dk\\\/?product=screamers-dvd#breadcrumb\",\"itemListElement\":[{\"@type\":\"ListItem\",\"position\":1,\"name\":\"Hjem\",\"item\":\"https:\\\/\\\/noams.dk\\\/\"},{\"@type\":\"ListItem\",\"position\":2,\"name\":\"Shop\",\"item\":\"https:\\\/\\\/noams.dk\\\/?page_id=8\"},{\"@type\":\"ListItem\",\"position\":3,\"name\":\"Screamers (DVD)\"}]},{\"@type\":\"WebSite\",\"@id\":\"https:\\\/\\\/noams.dk\\\/#website\",\"url\":\"https:\\\/\\\/noams.dk\\\/\",\"name\":\"Noam.dk\",\"description\":\"Din butik for vinyl, cd&#039;er og film.\",\"publisher\":{\"@id\":\"https:\\\/\\\/noams.dk\\\/#organization\"},\"potentialAction\":[{\"@type\":\"SearchAction\",\"target\":{\"@type\":\"EntryPoint\",\"urlTemplate\":\"https:\\\/\\\/noams.dk\\\/?s={search_term_string}\"},\"query-input\":{\"@type\":\"PropertyValueSpecification\",\"valueRequired\":true,\"valueName\":\"search_term_string\"}}],\"inLanguage\":\"da-DK\"},{\"@type\":\"Organization\",\"@id\":\"https:\\\/\\\/noams.dk\\\/#organization\",\"name\":\"Noam.dk\",\"url\":\"https:\\\/\\\/noams.dk\\\/\",\"logo\":{\"@type\":\"ImageObject\",\"inLanguage\":\"da-DK\",\"@id\":\"https:\\\/\\\/noams.dk\\\/#\\\/schema\\\/logo\\\/image\\\/\",\"url\":\"https:\\\/\\\/noams.dk\\\/wp-content\\\/uploads\\\/2026\\\/04\\\/noams-n-logo.jpg\",\"contentUrl\":\"https:\\\/\\\/noams.dk\\\/wp-content\\\/uploads\\\/2026\\\/04\\\/noams-n-logo.jpg\",\"width\":119,\"height\":108,\"caption\":\"Noam.dk\"},\"image\":{\"@id\":\"https:\\\/\\\/noams.dk\\\/#\\\/schema\\\/logo\\\/image\\\/\"},\"sameAs\":[\"https:\\\/\\\/www.facebook.com\\\/noamsdk\"]}]}<\/script>\n<!-- \/ Yoast SEO plugin. -->","yoast_head_json":{"title":"Screamers (DVD) - Noams.dk","robots":{"index":"index","follow":"follow","max-snippet":"max-snippet:-1","max-image-preview":"max-image-preview:large","max-video-preview":"max-video-preview:-1"},"canonical":"https:\/\/noams.dk\/?product=screamers-dvd","og_locale":"da_DK","og_type":"article","og_title":"Screamers (DVD) - Noams.dk","og_description":"BeskrivelseAf Forfatteren Til \u201cblade Runner\u201d. P\u00e5 den fjerntliggende og krigsh\u00e6rgede planet Sirius 6B, har videnskabsfolk i \u00e5r 2078 udviklet det perfekte v\u00e5ben: En gruppe morderiske og selvreplikerend","og_url":"https:\/\/noams.dk\/?product=screamers-dvd","og_site_name":"Noams.dk","article_publisher":"https:\/\/www.facebook.com\/noamsdk","article_modified_time":"2026-04-08T16:40:42+00:00","twitter_card":"summary_large_image","twitter_misc":{"Estimeret l\u00e6setid":"1 minut"},"schema":{"@context":"https:\/\/schema.org","@graph":[{"@type":"WebPage","@id":"https:\/\/noams.dk\/?product=screamers-dvd","url":"https:\/\/noams.dk\/?product=screamers-dvd","name":"Screamers (DVD) - Noams.dk","isPartOf":{"@id":"https:\/\/noams.dk\/#website"},"datePublished":"2026-04-03T12:35:39+00:00","dateModified":"2026-04-08T16:40:42+00:00","breadcrumb":{"@id":"https:\/\/noams.dk\/?product=screamers-dvd#breadcrumb"},"inLanguage":"da-DK","potentialAction":[{"@type":"ReadAction","target":["https:\/\/noams.dk\/?product=screamers-dvd"]}]},{"@type":"BreadcrumbList","@id":"https:\/\/noams.dk\/?product=screamers-dvd#breadcrumb","itemListElement":[{"@type":"ListItem","position":1,"name":"Hjem","item":"https:\/\/noams.dk\/"},{"@type":"ListItem","position":2,"name":"Shop","item":"https:\/\/noams.dk\/?page_id=8"},{"@type":"ListItem","position":3,"name":"Screamers (DVD)"}]},{"@type":"WebSite","@id":"https:\/\/noams.dk\/#website","url":"https:\/\/noams.dk\/","name":"Noam.dk","description":"Din butik for vinyl, cd&#039;er og film.","publisher":{"@id":"https:\/\/noams.dk\/#organization"},"potentialAction":[{"@type":"SearchAction","target":{"@type":"EntryPoint","urlTemplate":"https:\/\/noams.dk\/?s={search_term_string}"},"query-input":{"@type":"PropertyValueSpecification","valueRequired":true,"valueName":"search_term_string"}}],"inLanguage":"da-DK"},{"@type":"Organization","@id":"https:\/\/noams.dk\/#organization","name":"Noam.dk","url":"https:\/\/noams.dk\/","logo":{"@type":"ImageObject","inLanguage":"da-DK","@id":"https:\/\/noams.dk\/#\/schema\/logo\/image\/","url":"https:\/\/noams.dk\/wp-content\/uploads\/2026\/04\/noams-n-logo.jpg","contentUrl":"https:\/\/noams.dk\/wp-content\/uploads\/2026\/04\/noams-n-logo.jpg","width":119,"height":108,"caption":"Noam.dk"},"image":{"@id":"https:\/\/noams.dk\/#\/schema\/logo\/image\/"},"sameAs":["https:\/\/www.facebook.com\/noamsdk"]}]}},"jetpack_sharing_enabled":true,"_links":{"self":[{"href":"https:\/\/noams.dk\/index.php?rest_route=\/wp\/v2\/product\/921","targetHints":{"allow":["GET"]}}],"collection":[{"href":"https:\/\/noams.dk\/index.php?rest_route=\/wp\/v2\/product"}],"about":[{"href":"https:\/\/noams.dk\/index.php?rest_route=\/wp\/v2\/types\/product"}],"replies":[{"embeddable":true,"href":"https:\/\/noams.dk\/index.php?rest_route=%2Fwp%2Fv2%2Fcomments&post=921"}],"wp:attachment":[{"href":"https:\/\/noams.dk\/index.php?rest_route=%2Fwp%2Fv2%2Fmedia&parent=921"}],"wp:term":[{"taxonomy":"product_brand","embeddable":true,"href":"https:\/\/noams.dk\/index.php?rest_route=%2Fwp%2Fv2%2Fproduct_brand&post=921"},{"taxonomy":"product_cat","embeddable":true,"href":"https:\/\/noams.dk\/index.php?rest_route=%2Fwp%2Fv2%2Fproduct_cat&post=921"},{"taxonomy":"product_tag","embeddable":true,"href":"https:\/\/noams.dk\/index.php?rest_route=%2Fwp%2Fv2%2Fproduct_tag&post=921"}],"curies":[{"name":"wp","href":"https:\/\/api.w.org\/{rel}","templated":true}]}}